{"id":3028,"date":"2025-11-06T08:18:02","date_gmt":"2025-11-06T07:18:02","guid":{"rendered":"https:\/\/villagiardinobol.com\/?page_id=3028"},"modified":"2025-12-04T11:41:39","modified_gmt":"2025-12-04T10:41:39","slug":"verkaufsbedingungen","status":"publish","type":"page","link":"https:\/\/villagiardinobol.com\/de\/verkaufsbedingungen\/","title":{"rendered":"Verkaufsbedingungen"},"content":{"rendered":"<div data-elementor-type=\"wp-page\" data-elementor-id=\"3028\" class=\"elementor elementor-3028\" data-elementor-post-type=\"page\">\n\t\t\t\t<div class=\"elementor-element elementor-element-59e94940 e-flex e-con-boxed e-con e-parent\" data-id=\"59e94940\" data-element_type=\"container\" data-e-type=\"container\">\n\t\t\t\t\t<div class=\"e-con-inner\">\n\t\t\t\t<div class=\"elementor-element elementor-element-5ecf3ca elementor-widget elementor-widget-text-editor\" data-id=\"5ecf3ca\" data-element_type=\"widget\" data-e-type=\"widget\" data-widget_type=\"text-editor.default\">\n\t\t\t\t\t\t\t\t\t<h3><strong>Verkaufsbedingungen <\/strong><\/h3><p>Vielen Dank, dass Sie sich f\u00fcr das Villa Giardino Heritage Boutique Hotel entschieden haben. <br \/><br \/>Bitte nehmen Sie sich einen Moment Zeit, um unsere Verkaufsbedingungen zu lesen:<\/p><ul><li>Zur Best\u00e4tigung der Reservierung ist eine g\u00fcltige Kreditkarte erforderlich.<\/li><li>Der Check-in ist am Anreisetag ab <strong>14:00 Uhr<\/strong> m\u00f6glich.<\/li><li>Der Check-out erfolgt bis <strong>11:00 Uhr<\/strong> am Abreisetag.<\/li><li>F\u00fcr eine sp\u00e4te Abreise kann eine zus\u00e4tzliche Geb\u00fchr anfallen.<\/li><li>\u00c4nderungen oder Stornierungen einer best\u00e4tigten Reservierung k\u00f6nnen online gem\u00e4\u00df unseren Richtlinien vorgenommen werden \u2013 <strong>Stornierungsbedingungen<\/strong>.<\/li><li>F\u00fcr weitere Informationen wenden Sie sich bitte an unser Buchungsb\u00fcro unter <strong><a href=\"mailto:booking@vgb.hr\">booking@vgb.hr<\/a><\/strong><\/li><li>Das Hotel beh\u00e4lt sich das Recht vor, Reservierungen abzulehnen, zu stornieren oder zu \u00e4ndern, die einen Fehler enthalten oder auf einem Fehler beruhen.<\/li><li>Die Schlussrechnung f\u00fcr Ihren Aufenthalt erhalten Sie bei Ihrer Abreise an der Rezeption.<\/li><\/ul><h3><strong>Stornierungsbedingungen<\/strong><\/h3><p>Das Boutique-Hotel Villa Giardino Heritage ist eine Oase im Herzen der Altstadt von Bol, und jede Reservierung ist uns wichtig und einzigartig. <br \/>Als kleines Boutique-Hotel haben Stornierungen erhebliche Auswirkungen. Sollten Sie Ihren Aufenthalt stornieren m\u00fcssen, bitten wir Sie um Verst\u00e4ndnis f\u00fcr die damit verbundenen Kosten. <br \/>Sie haften finanziell f\u00fcr Ihre gesamte Reservierung, unabh\u00e4ngig vom Grund.<\/p><ul><li>Reservierungen werden bis 24:00 Uhr am Anreisetag aufrechterhalten, sofern nichts anderes vereinbart wurde.<\/li><li><strong>No-Show:<\/strong> Es werden 100% des gesamten Reservierungswerts berechnet.<\/li><li><strong>Stornierung 30 Tage oder mehr vor Anreise:<\/strong> keine Geb\u00fchr (0% des Reservierungswerts).<\/li><li><strong>Stornierung innerhalb von 0\u201330 Tagen vor Anreise:<\/strong> 100% des Reservierungswerts werden berechnet.<\/li><\/ul><h3><strong>Vorauszahlung<\/strong><\/h3><ul><li>Es ist erforderlich, 100% des Reservierungswertes im Voraus zu bezahlen.<\/li><li>Die Zahlung kann per Kreditkarte (Visa oder MasterCard) oder Bank\u00fcberweisung (IBAN) erfolgen.<\/li><li>Bitte teilen Sie uns Ihre bevorzugte Zahlungsmethode mit.<\/li><\/ul><h3><strong>Reservierungen<\/strong><\/h3><ul><li>Reservierungen k\u00f6nnen ohne Vorauszahlung nicht garantiert werden.<\/li><li>Ihre Reservierung wird best\u00e4tigt, sobald wir Ihre Zahlung erhalten haben.<\/li><\/ul><h3>Aufenthaltsbedingungen f\u00fcr Kinder<\/h3><p>Kinder im Alter von <strong>7 Jahre und \u00e4lter<\/strong> sind im Villa Giardino Heritage Boutique Hotel willkommen.<\/p>\t\t\t\t\t\t\t\t<\/div>\n\t\t\t\t\t<\/div>\n\t\t\t\t<\/div>\n\t\t\t\t<\/div>","protected":false},"excerpt":{"rendered":"<p>Uvjeti prodaje Hvala vam \u0161to ste odabrali Villa Giardino heritage boutique hotel. Molimo vas da odvojite trenutak i pro\u010ditate na\u0161e Uvjete prodaje: Za potvrdu rezervacije potrebna je va\u017ee\u0107a kreditna kartica. Prijava (check-in) mogu\u0107a je od 14:00 sati na dan dolaska. Odjava (check-out) je do 11:00 sati na dan odlaska. Kasna odjava mo\u017ee biti dodatno napla\u0107ena. &#8230;<\/p>","protected":false},"author":1,"featured_media":0,"parent":0,"menu_order":0,"comment_status":"closed","ping_status":"open","template":"template-wide-content.php","meta":{"_monsterinsights_skip_tracking":false,"_monsterinsights_sitenote_active":false,"_monsterinsights_sitenote_note":"","_monsterinsights_sitenote_category":0,"cozystay_single_page_hide_site_header":"","cozystay_single_page_site_header_source":"","cozystay_single_page_custom_site_header":"0","cozystay_single_page_custom_sticky_site_header":"0","cozystay_single_page_hide_page_title":"","cozystay_single_page_header_section_size":"","cozystay_single_page_header_background_color":"","cozystay_single_page_header_background_position_x":"center","cozystay_single_page_header_background_position_y":"center","cozystay_single_page_header_background_size":"cover","cozystay_single_page_header_background_repeat":"off","cozystay_single_page_header_background_scroll":"on","cozystay_single_page_header_text_color":"","cozystay_single_page_header_show_breadcrumb":"","cozystay_single_page_site_footer_hide_main":"","cozystay_single_custom_site_footer_main_source":"","cozystay_single_custom_site_footer_main":"0","cozystay_single_page_site_footer_hide_above":"","cozystay_single_custom_site_footer_above_source":"","cozystay_single_custom_site_footer_above":"0","cozystay_single_page_site_footer_hide_instagram":"","cozystay_single_page_site_footer_hide_bottom":"","cozystay_single_custom_mobile_menu_source":"","cozystay_single_custom_mobile_menu":"0","cozystay_single_custom_mobile_menu_animation":"","cozystay_single_custom_mobile_menu_width":"","cozystay_single_custom_mobile_menu_custom_width":375,"footnotes":""},"class_list":["post-3028","page","type-page","status-publish","hentry"],"yoast_head":"<!-- This site is optimized with the Yoast SEO plugin v26.9 - https:\/\/yoast.com\/product\/yoast-seo-wordpress\/ -->\n<title>Uvjeti prodaje - Villa Giardino Bol<\/title>\n<meta name=\"robots\" content=\"index, follow, max-snippet:-1, max-image-preview:large, max-video-preview:-1\" \/>\n<link rel=\"canonical\" href=\"https:\/\/villagiardinobol.com\/de\/verkaufsbedingungen\/\" \/>\n<meta property=\"og:locale\" content=\"de_DE\" \/>\n<meta property=\"og:type\" content=\"article\" \/>\n<meta property=\"og:title\" content=\"Uvjeti prodaje - Villa Giardino Bol\" \/>\n<meta property=\"og:description\" content=\"Uvjeti prodaje Hvala vam \u0161to ste odabrali Villa Giardino heritage boutique hotel. Molimo vas da odvojite trenutak i pro\u010ditate na\u0161e Uvjete prodaje: Za potvrdu rezervacije potrebna je va\u017ee\u0107a kreditna kartica. Prijava (check-in) mogu\u0107a je od 14:00 sati na dan dolaska. Odjava (check-out) je do 11:00 sati na dan odlaska. Kasna odjava mo\u017ee biti dodatno napla\u0107ena. ...\" \/>\n<meta property=\"og:url\" content=\"https:\/\/villagiardinobol.com\/de\/verkaufsbedingungen\/\" \/>\n<meta property=\"og:site_name\" content=\"Villa Giardino Bol\" \/>\n<meta property=\"article:modified_time\" content=\"2025-12-04T10:41:39+00:00\" \/>\n<meta name=\"twitter:card\" content=\"summary_large_image\" \/>\n<meta name=\"twitter:label1\" content=\"Gesch\u00e4tzte Lesezeit\" \/>\n\t<meta name=\"twitter:data1\" content=\"2\u00a0Minuten\" \/>\n<script type=\"application\/ld+json\" class=\"yoast-schema-graph\">{\"@context\":\"https:\/\/schema.org\",\"@graph\":[{\"@type\":\"WebPage\",\"@id\":\"https:\/\/villagiardinobol.com\/uvjeti-prodaje\/\",\"url\":\"https:\/\/villagiardinobol.com\/uvjeti-prodaje\/\",\"name\":\"Uvjeti prodaje - Villa Giardino Bol\",\"isPartOf\":{\"@id\":\"https:\/\/villagiardinobol.com\/#website\"},\"datePublished\":\"2025-11-06T07:18:02+00:00\",\"dateModified\":\"2025-12-04T10:41:39+00:00\",\"breadcrumb\":{\"@id\":\"https:\/\/villagiardinobol.com\/uvjeti-prodaje\/#breadcrumb\"},\"inLanguage\":\"de\",\"potentialAction\":[{\"@type\":\"ReadAction\",\"target\":[\"https:\/\/villagiardinobol.com\/uvjeti-prodaje\/\"]}]},{\"@type\":\"BreadcrumbList\",\"@id\":\"https:\/\/villagiardinobol.com\/uvjeti-prodaje\/#breadcrumb\",\"itemListElement\":[{\"@type\":\"ListItem\",\"position\":1,\"name\":\"Home\",\"item\":\"https:\/\/villagiardinobol.com\/\"},{\"@type\":\"ListItem\",\"position\":2,\"name\":\"Uvjeti prodaje\"}]},{\"@type\":\"WebSite\",\"@id\":\"https:\/\/villagiardinobol.com\/#website\",\"url\":\"https:\/\/villagiardinobol.com\/\",\"name\":\"Villa Giardino Bol\",\"description\":\"Heritage Boutique Hotel Bol\",\"publisher\":{\"@id\":\"https:\/\/villagiardinobol.com\/#organization\"},\"potentialAction\":[{\"@type\":\"SearchAction\",\"target\":{\"@type\":\"EntryPoint\",\"urlTemplate\":\"https:\/\/villagiardinobol.com\/?s={search_term_string}\"},\"query-input\":{\"@type\":\"PropertyValueSpecification\",\"valueRequired\":true,\"valueName\":\"search_term_string\"}}],\"inLanguage\":\"de\"},{\"@type\":\"Organization\",\"@id\":\"https:\/\/villagiardinobol.com\/#organization\",\"name\":\"Villa Giardino Bol\",\"url\":\"https:\/\/villagiardinobol.com\/\",\"logo\":{\"@type\":\"ImageObject\",\"inLanguage\":\"de\",\"@id\":\"https:\/\/villagiardinobol.com\/#\/schema\/logo\/image\/\",\"url\":\"https:\/\/villagiardinobol.com\/wp-content\/uploads\/2025\/10\/febdd4d9-76fd-48f5-ac04-fe64edcbbe32.png\",\"contentUrl\":\"https:\/\/villagiardinobol.com\/wp-content\/uploads\/2025\/10\/febdd4d9-76fd-48f5-ac04-fe64edcbbe32.png\",\"width\":67,\"height\":74,\"caption\":\"Villa Giardino Bol\"},\"image\":{\"@id\":\"https:\/\/villagiardinobol.com\/#\/schema\/logo\/image\/\"}}]}<\/script>\n<!-- \/ Yoast SEO plugin. -->","yoast_head_json":{"title":"Verkaufsbedingungen - Villa Giardino Bol","robots":{"index":"index","follow":"follow","max-snippet":"max-snippet:-1","max-image-preview":"max-image-preview:large","max-video-preview":"max-video-preview:-1"},"canonical":"https:\/\/villagiardinobol.com\/de\/verkaufsbedingungen\/","og_locale":"de_DE","og_type":"article","og_title":"Uvjeti prodaje - Villa Giardino Bol","og_description":"Uvjeti prodaje Hvala vam \u0161to ste odabrali Villa Giardino heritage boutique hotel. Molimo vas da odvojite trenutak i pro\u010ditate na\u0161e Uvjete prodaje: Za potvrdu rezervacije potrebna je va\u017ee\u0107a kreditna kartica. Prijava (check-in) mogu\u0107a je od 14:00 sati na dan dolaska. Odjava (check-out) je do 11:00 sati na dan odlaska. Kasna odjava mo\u017ee biti dodatno napla\u0107ena. ...","og_url":"https:\/\/villagiardinobol.com\/de\/verkaufsbedingungen\/","og_site_name":"Villa Giardino Bol","article_modified_time":"2025-12-04T10:41:39+00:00","twitter_card":"summary_large_image","twitter_misc":{"Gesch\u00e4tzte Lesezeit":"2\u00a0Minuten"},"schema":{"@context":"https:\/\/schema.org","@graph":[{"@type":"WebPage","@id":"https:\/\/villagiardinobol.com\/uvjeti-prodaje\/","url":"https:\/\/villagiardinobol.com\/uvjeti-prodaje\/","name":"Verkaufsbedingungen - Villa Giardino Bol","isPartOf":{"@id":"https:\/\/villagiardinobol.com\/#website"},"datePublished":"2025-11-06T07:18:02+00:00","dateModified":"2025-12-04T10:41:39+00:00","breadcrumb":{"@id":"https:\/\/villagiardinobol.com\/uvjeti-prodaje\/#breadcrumb"},"inLanguage":"de","potentialAction":[{"@type":"ReadAction","target":["https:\/\/villagiardinobol.com\/uvjeti-prodaje\/"]}]},{"@type":"BreadcrumbList","@id":"https:\/\/villagiardinobol.com\/uvjeti-prodaje\/#breadcrumb","itemListElement":[{"@type":"ListItem","position":1,"name":"Home","item":"https:\/\/villagiardinobol.com\/"},{"@type":"ListItem","position":2,"name":"Uvjeti prodaje"}]},{"@type":"WebSite","@id":"https:\/\/villagiardinobol.com\/#website","url":"https:\/\/villagiardinobol.com\/","name":"Villa Giardino Bol","description":"Heritage Boutique Hotel Bol","publisher":{"@id":"https:\/\/villagiardinobol.com\/#organization"},"potentialAction":[{"@type":"SearchAction","target":{"@type":"EntryPoint","urlTemplate":"https:\/\/villagiardinobol.com\/?s={search_term_string}"},"query-input":{"@type":"PropertyValueSpecification","valueRequired":true,"valueName":"search_term_string"}}],"inLanguage":"de"},{"@type":"Organization","@id":"https:\/\/villagiardinobol.com\/#organization","name":"Villa Giardino Bol","url":"https:\/\/villagiardinobol.com\/","logo":{"@type":"ImageObject","inLanguage":"de","@id":"https:\/\/villagiardinobol.com\/#\/schema\/logo\/image\/","url":"https:\/\/villagiardinobol.com\/wp-content\/uploads\/2025\/10\/febdd4d9-76fd-48f5-ac04-fe64edcbbe32.png","contentUrl":"https:\/\/villagiardinobol.com\/wp-content\/uploads\/2025\/10\/febdd4d9-76fd-48f5-ac04-fe64edcbbe32.png","width":67,"height":74,"caption":"Villa Giardino Bol"},"image":{"@id":"https:\/\/villagiardinobol.com\/#\/schema\/logo\/image\/"}}]}},"_links":{"self":[{"href":"https:\/\/villagiardinobol.com\/de\/wp-json\/wp\/v2\/pages\/3028","targetHints":{"allow":["GET"]}}],"collection":[{"href":"https:\/\/villagiardinobol.com\/de\/wp-json\/wp\/v2\/pages"}],"about":[{"href":"https:\/\/villagiardinobol.com\/de\/wp-json\/wp\/v2\/types\/page"}],"author":[{"embeddable":true,"href":"https:\/\/villagiardinobol.com\/de\/wp-json\/wp\/v2\/users\/1"}],"replies":[{"embeddable":true,"href":"https:\/\/villagiardinobol.com\/de\/wp-json\/wp\/v2\/comments?post=3028"}],"version-history":[{"count":0,"href":"https:\/\/villagiardinobol.com\/de\/wp-json\/wp\/v2\/pages\/3028\/revisions"}],"wp:attachment":[{"href":"https:\/\/villagiardinobol.com\/de\/wp-json\/wp\/v2\/media?parent=3028"}],"curies":[{"name":"wp","href":"https:\/\/api.w.org\/{rel}","templated":true}]}}