{"id":3028,"date":"2025-11-06T08:18:02","date_gmt":"2025-11-06T07:18:02","guid":{"rendered":"https:\/\/villagiardinobol.com\/?page_id=3028"},"modified":"2025-12-04T11:41:39","modified_gmt":"2025-12-04T10:41:39","slug":"terms-of-sale","status":"publish","type":"page","link":"https:\/\/villagiardinobol.com\/en\/terms-of-sale\/","title":{"rendered":"Terms of Sale"},"content":{"rendered":"<div data-elementor-type=\"wp-page\" data-elementor-id=\"3028\" class=\"elementor elementor-3028\" data-elementor-post-type=\"page\">\n\t\t\t\t<div class=\"elementor-element elementor-element-59e94940 e-flex e-con-boxed e-con e-parent\" data-id=\"59e94940\" data-element_type=\"container\" data-e-type=\"container\">\n\t\t\t\t\t<div class=\"e-con-inner\">\n\t\t\t\t<div class=\"elementor-element elementor-element-5ecf3ca elementor-widget elementor-widget-text-editor\" data-id=\"5ecf3ca\" data-element_type=\"widget\" data-e-type=\"widget\" data-widget_type=\"text-editor.default\">\n\t\t\t\t\t\t\t\t\t<h3><strong>Terms of Sale <\/strong><\/h3><p>Thank you for choosing Villa Giardino heritage boutique hotel. <br \/><br \/>Please take a moment to read our Terms of Sale:<\/p><ul><li>A valid credit card is required to confirm the reservation.<\/li><li>Check-in is possible from <strong>2:00 PM<\/strong> on the day of arrival.<\/li><li>Check-out is until <strong>11:00 a.m.<\/strong> on the day of departure.<\/li><li>Late check-out may incur an additional charge.<\/li><li>If you wish to change or cancel a confirmed reservation, you can do so online, in accordance with our <strong>Cancellation terms<\/strong>.<\/li><li>For further information, please contact our booking office at <strong><a href=\"mailto:booking@vgb.hr\">booking@vgb.hr<\/a><\/strong><\/li><li>The hotel reserves the right to refuse, cancel or modify reservations that contain or result from an error.<\/li><li>The final bill for your stay will be given to you at the reception upon departure.<\/li><\/ul><h3><strong>Cancellation conditions<\/strong><\/h3><p>Villa Giardino heritage boutique hotel is an oasis in the heart of the historic center of Bol, and every reservation is important and unique to us. <br \/>As a small boutique hotel, cancellations have a significant impact. If you need to cancel your stay, please understand how you are <br \/>financially responsible for your entire reservation, regardless of the reason.<\/p><ul><li>Reservations are held until 24:00 on the day of arrival, unless otherwise agreed.<\/li><li><strong>No-show:<\/strong> 100% of the total reservation value will be charged.<\/li><li><strong>Cancellation 30 days or more before arrival:<\/strong> no charge (0% of the reservation value).<\/li><li><strong>Cancellation within 0\u201330 days before arrival:<\/strong> 100% of the reservation value will be charged.<\/li><\/ul><h3><strong>Prepay<\/strong><\/h3><ul><li>It is necessary to pay 100% of the reservation value in advance.<\/li><li>Payment can be made by credit card (Visa or MasterCard) or bank transfer (IBAN).<\/li><li>Please inform us of your preferred payment method.<\/li><\/ul><h3><strong>Reservations<\/strong><\/h3><ul><li>Reservations cannot be guaranteed without advance payment.<\/li><li>Your reservation will be confirmed after we receive your payment.<\/li><\/ul><h3>Conditions of stay for children<\/h3><p>Children aged <strong>7 years and older<\/strong> Welcome to Villa Giardino heritage boutique hotel.<\/p>\t\t\t\t\t\t\t\t<\/div>\n\t\t\t\t\t<\/div>\n\t\t\t\t<\/div>\n\t\t\t\t<\/div>","protected":false},"excerpt":{"rendered":"<p>Uvjeti prodaje Hvala vam \u0161to ste odabrali Villa Giardino heritage boutique hotel. Molimo vas da odvojite trenutak i pro\u010ditate na\u0161e Uvjete prodaje: Za potvrdu rezervacije potrebna je va\u017ee\u0107a kreditna kartica. Prijava (check-in) mogu\u0107a je od 14:00 sati na dan dolaska. Odjava (check-out) je do 11:00 sati na dan odlaska. Kasna odjava mo\u017ee biti dodatno napla\u0107ena. &#8230;<\/p>","protected":false},"author":1,"featured_media":0,"parent":0,"menu_order":0,"comment_status":"closed","ping_status":"open","template":"template-wide-content.php","meta":{"_monsterinsights_skip_tracking":false,"_monsterinsights_sitenote_active":false,"_monsterinsights_sitenote_note":"","_monsterinsights_sitenote_category":0,"cozystay_single_page_hide_site_header":"","cozystay_single_page_site_header_source":"","cozystay_single_page_custom_site_header":"0","cozystay_single_page_custom_sticky_site_header":"0","cozystay_single_page_hide_page_title":"","cozystay_single_page_header_section_size":"","cozystay_single_page_header_background_color":"","cozystay_single_page_header_background_position_x":"center","cozystay_single_page_header_background_position_y":"center","cozystay_single_page_header_background_size":"cover","cozystay_single_page_header_background_repeat":"off","cozystay_single_page_header_background_scroll":"on","cozystay_single_page_header_text_color":"","cozystay_single_page_header_show_breadcrumb":"","cozystay_single_page_site_footer_hide_main":"","cozystay_single_custom_site_footer_main_source":"","cozystay_single_custom_site_footer_main":"0","cozystay_single_page_site_footer_hide_above":"","cozystay_single_custom_site_footer_above_source":"","cozystay_single_custom_site_footer_above":"0","cozystay_single_page_site_footer_hide_instagram":"","cozystay_single_page_site_footer_hide_bottom":"","cozystay_single_custom_mobile_menu_source":"","cozystay_single_custom_mobile_menu":"0","cozystay_single_custom_mobile_menu_animation":"","cozystay_single_custom_mobile_menu_width":"","cozystay_single_custom_mobile_menu_custom_width":375,"footnotes":""},"class_list":["post-3028","page","type-page","status-publish","hentry"],"yoast_head":"<!-- This site is optimized with the Yoast SEO plugin v26.9 - https:\/\/yoast.com\/product\/yoast-seo-wordpress\/ -->\n<title>Uvjeti prodaje - Villa Giardino Bol<\/title>\n<meta name=\"robots\" content=\"index, follow, max-snippet:-1, max-image-preview:large, max-video-preview:-1\" \/>\n<link rel=\"canonical\" href=\"https:\/\/villagiardinobol.com\/en\/terms-of-sale\/\" \/>\n<meta property=\"og:locale\" content=\"en_GB\" \/>\n<meta property=\"og:type\" content=\"article\" \/>\n<meta property=\"og:title\" content=\"Uvjeti prodaje - Villa Giardino Bol\" \/>\n<meta property=\"og:description\" content=\"Uvjeti prodaje Hvala vam \u0161to ste odabrali Villa Giardino heritage boutique hotel. Molimo vas da odvojite trenutak i pro\u010ditate na\u0161e Uvjete prodaje: Za potvrdu rezervacije potrebna je va\u017ee\u0107a kreditna kartica. Prijava (check-in) mogu\u0107a je od 14:00 sati na dan dolaska. Odjava (check-out) je do 11:00 sati na dan odlaska. Kasna odjava mo\u017ee biti dodatno napla\u0107ena. ...\" \/>\n<meta property=\"og:url\" content=\"https:\/\/villagiardinobol.com\/en\/terms-of-sale\/\" \/>\n<meta property=\"og:site_name\" content=\"Villa Giardino Bol\" \/>\n<meta property=\"article:modified_time\" content=\"2025-12-04T10:41:39+00:00\" \/>\n<meta name=\"twitter:card\" content=\"summary_large_image\" \/>\n<meta name=\"twitter:label1\" content=\"Estimated reading time\" \/>\n\t<meta name=\"twitter:data1\" content=\"2 minutes\" \/>\n<script type=\"application\/ld+json\" class=\"yoast-schema-graph\">{\"@context\":\"https:\/\/schema.org\",\"@graph\":[{\"@type\":\"WebPage\",\"@id\":\"https:\/\/villagiardinobol.com\/uvjeti-prodaje\/\",\"url\":\"https:\/\/villagiardinobol.com\/uvjeti-prodaje\/\",\"name\":\"Uvjeti prodaje - Villa Giardino Bol\",\"isPartOf\":{\"@id\":\"https:\/\/villagiardinobol.com\/#website\"},\"datePublished\":\"2025-11-06T07:18:02+00:00\",\"dateModified\":\"2025-12-04T10:41:39+00:00\",\"breadcrumb\":{\"@id\":\"https:\/\/villagiardinobol.com\/uvjeti-prodaje\/#breadcrumb\"},\"inLanguage\":\"en-GB\",\"potentialAction\":[{\"@type\":\"ReadAction\",\"target\":[\"https:\/\/villagiardinobol.com\/uvjeti-prodaje\/\"]}]},{\"@type\":\"BreadcrumbList\",\"@id\":\"https:\/\/villagiardinobol.com\/uvjeti-prodaje\/#breadcrumb\",\"itemListElement\":[{\"@type\":\"ListItem\",\"position\":1,\"name\":\"Home\",\"item\":\"https:\/\/villagiardinobol.com\/\"},{\"@type\":\"ListItem\",\"position\":2,\"name\":\"Uvjeti prodaje\"}]},{\"@type\":\"WebSite\",\"@id\":\"https:\/\/villagiardinobol.com\/#website\",\"url\":\"https:\/\/villagiardinobol.com\/\",\"name\":\"Villa Giardino Bol\",\"description\":\"Heritage Boutique Hotel Bol\",\"publisher\":{\"@id\":\"https:\/\/villagiardinobol.com\/#organization\"},\"potentialAction\":[{\"@type\":\"SearchAction\",\"target\":{\"@type\":\"EntryPoint\",\"urlTemplate\":\"https:\/\/villagiardinobol.com\/?s={search_term_string}\"},\"query-input\":{\"@type\":\"PropertyValueSpecification\",\"valueRequired\":true,\"valueName\":\"search_term_string\"}}],\"inLanguage\":\"en-GB\"},{\"@type\":\"Organization\",\"@id\":\"https:\/\/villagiardinobol.com\/#organization\",\"name\":\"Villa Giardino Bol\",\"url\":\"https:\/\/villagiardinobol.com\/\",\"logo\":{\"@type\":\"ImageObject\",\"inLanguage\":\"en-GB\",\"@id\":\"https:\/\/villagiardinobol.com\/#\/schema\/logo\/image\/\",\"url\":\"https:\/\/villagiardinobol.com\/wp-content\/uploads\/2025\/10\/febdd4d9-76fd-48f5-ac04-fe64edcbbe32.png\",\"contentUrl\":\"https:\/\/villagiardinobol.com\/wp-content\/uploads\/2025\/10\/febdd4d9-76fd-48f5-ac04-fe64edcbbe32.png\",\"width\":67,\"height\":74,\"caption\":\"Villa Giardino Bol\"},\"image\":{\"@id\":\"https:\/\/villagiardinobol.com\/#\/schema\/logo\/image\/\"}}]}<\/script>\n<!-- \/ Yoast SEO plugin. -->","yoast_head_json":{"title":"Terms of sale - Villa Giardino Bol","robots":{"index":"index","follow":"follow","max-snippet":"max-snippet:-1","max-image-preview":"max-image-preview:large","max-video-preview":"max-video-preview:-1"},"canonical":"https:\/\/villagiardinobol.com\/en\/terms-of-sale\/","og_locale":"en_GB","og_type":"article","og_title":"Uvjeti prodaje - Villa Giardino Bol","og_description":"Uvjeti prodaje Hvala vam \u0161to ste odabrali Villa Giardino heritage boutique hotel. Molimo vas da odvojite trenutak i pro\u010ditate na\u0161e Uvjete prodaje: Za potvrdu rezervacije potrebna je va\u017ee\u0107a kreditna kartica. Prijava (check-in) mogu\u0107a je od 14:00 sati na dan dolaska. Odjava (check-out) je do 11:00 sati na dan odlaska. Kasna odjava mo\u017ee biti dodatno napla\u0107ena. ...","og_url":"https:\/\/villagiardinobol.com\/en\/terms-of-sale\/","og_site_name":"Villa Giardino Bol","article_modified_time":"2025-12-04T10:41:39+00:00","twitter_card":"summary_large_image","twitter_misc":{"Estimated reading time":"2 minutes"},"schema":{"@context":"https:\/\/schema.org","@graph":[{"@type":"WebPage","@id":"https:\/\/villagiardinobol.com\/uvjeti-prodaje\/","url":"https:\/\/villagiardinobol.com\/uvjeti-prodaje\/","name":"Terms of sale - Villa Giardino Bol","isPartOf":{"@id":"https:\/\/villagiardinobol.com\/#website"},"datePublished":"2025-11-06T07:18:02+00:00","dateModified":"2025-12-04T10:41:39+00:00","breadcrumb":{"@id":"https:\/\/villagiardinobol.com\/uvjeti-prodaje\/#breadcrumb"},"inLanguage":"en-GB","potentialAction":[{"@type":"ReadAction","target":["https:\/\/villagiardinobol.com\/uvjeti-prodaje\/"]}]},{"@type":"BreadcrumbList","@id":"https:\/\/villagiardinobol.com\/uvjeti-prodaje\/#breadcrumb","itemListElement":[{"@type":"ListItem","position":1,"name":"Home","item":"https:\/\/villagiardinobol.com\/"},{"@type":"ListItem","position":2,"name":"Uvjeti prodaje"}]},{"@type":"WebSite","@id":"https:\/\/villagiardinobol.com\/#website","url":"https:\/\/villagiardinobol.com\/","name":"Villa Garden Bol","description":"Heritage Boutique Hotel Bol","publisher":{"@id":"https:\/\/villagiardinobol.com\/#organization"},"potentialAction":[{"@type":"SearchAction","target":{"@type":"EntryPoint","urlTemplate":"https:\/\/villagiardinobol.com\/?s={search_term_string}"},"query-input":{"@type":"PropertyValueSpecification","valueRequired":true,"valueName":"search_term_string"}}],"inLanguage":"en-GB"},{"@type":"Organization","@id":"https:\/\/villagiardinobol.com\/#organization","name":"Villa Garden Bol","url":"https:\/\/villagiardinobol.com\/","logo":{"@type":"ImageObject","inLanguage":"en-GB","@id":"https:\/\/villagiardinobol.com\/#\/schema\/logo\/image\/","url":"https:\/\/villagiardinobol.com\/wp-content\/uploads\/2025\/10\/febdd4d9-76fd-48f5-ac04-fe64edcbbe32.png","contentUrl":"https:\/\/villagiardinobol.com\/wp-content\/uploads\/2025\/10\/febdd4d9-76fd-48f5-ac04-fe64edcbbe32.png","width":67,"height":74,"caption":"Villa Giardino Bol"},"image":{"@id":"https:\/\/villagiardinobol.com\/#\/schema\/logo\/image\/"}}]}},"_links":{"self":[{"href":"https:\/\/villagiardinobol.com\/en\/wp-json\/wp\/v2\/pages\/3028","targetHints":{"allow":["GET"]}}],"collection":[{"href":"https:\/\/villagiardinobol.com\/en\/wp-json\/wp\/v2\/pages"}],"about":[{"href":"https:\/\/villagiardinobol.com\/en\/wp-json\/wp\/v2\/types\/page"}],"author":[{"embeddable":true,"href":"https:\/\/villagiardinobol.com\/en\/wp-json\/wp\/v2\/users\/1"}],"replies":[{"embeddable":true,"href":"https:\/\/villagiardinobol.com\/en\/wp-json\/wp\/v2\/comments?post=3028"}],"version-history":[{"count":0,"href":"https:\/\/villagiardinobol.com\/en\/wp-json\/wp\/v2\/pages\/3028\/revisions"}],"wp:attachment":[{"href":"https:\/\/villagiardinobol.com\/en\/wp-json\/wp\/v2\/media?parent=3028"}],"curies":[{"name":"wp","href":"https:\/\/api.w.org\/{rel}","templated":true}]}}