{"id":3,"date":"2025-10-08T08:09:00","date_gmt":"2025-10-08T08:09:00","guid":{"rendered":"https:\/\/villagiardinobol.com\/?page_id=3"},"modified":"2025-11-07T09:01:40","modified_gmt":"2025-11-07T08:01:40","slug":"politica-de-privacidad","status":"publish","type":"page","link":"https:\/\/villagiardinobol.com\/es\/politica-de-privacidad\/","title":{"rendered":"Pol\u00edtica de privacidad"},"content":{"rendered":"<div data-elementor-type=\"wp-page\" data-elementor-id=\"3\" class=\"elementor elementor-3\" data-elementor-post-type=\"page\">\n\t\t\t\t<div class=\"elementor-element elementor-element-59e94940 e-flex e-con-boxed e-con e-parent\" data-id=\"59e94940\" data-element_type=\"container\" data-e-type=\"container\">\n\t\t\t\t\t<div class=\"e-con-inner\">\n\t\t\t\t<div class=\"elementor-element elementor-element-5ecf3ca elementor-widget elementor-widget-text-editor\" data-id=\"5ecf3ca\" data-element_type=\"widget\" data-e-type=\"widget\" data-widget_type=\"text-editor.default\">\n\t\t\t\t\t\t\t\t\t<h3><strong>Pol\u00edtica de privacidad<\/strong><\/h3>\n<p>VGB doo, Novi put 2, 21420 Bol, OIB: 01078800324 (en adelante: Villa Giardino) respeta su privacidad y le informa sobre los datos personales que recopila y c\u00f3mo los proteger\u00e1. De acuerdo con el Reglamento General de Protecci\u00f3n de Datos (OG 42\/18), Villa Giardino se compromete a proteger la privacidad y los datos personales de todos sus hu\u00e9spedes.<\/p>\n<p>Villa Giardino respeta su privacidad y toma las medidas necesarias para garantizar la seguridad de su informaci\u00f3n personal. Le garantizamos que la trataremos con el m\u00e1ximo cuidado. No vendemos, alquilamos, prestamos, intercambiamos ni alquilamos la informaci\u00f3n personal ni de contacto recopilada en nuestro sitio web de reservas.<\/p>\n<h3><strong>Delegado de Protecci\u00f3n de Datos<\/strong><\/h3>\n<p>Villa Giardino es Delegado de Protecci\u00f3n de Datos de conformidad con el Reglamento General de Protecci\u00f3n de Datos (RGPD, UE 2016\/679). En relaci\u00f3n con el tratamiento de sus datos personales, puede contactarnos enviando una solicitud por escrito al Delegado de Protecci\u00f3n de Datos:<\/p>\n<ul>\n<li>por correo electr\u00f3nico: <a href=\"mailto:hello@vgb.hr\">hello@vgb.hr<\/a><\/li>\n<li>a la direcci\u00f3n: Novi put 2, 21420 Bol, para el Delegado de Protecci\u00f3n de Datos<\/li>\n<\/ul>\n<h3><strong><br \/><\/strong><strong>Finalidad de la recogida de datos personales<br \/><\/strong><\/h3>\n<p>Villa Giardino est\u00e1 obligada a recopilar sus datos personales para la aplicaci\u00f3n de la normativa en el \u00e1mbito de la hosteler\u00eda, aunque algunos datos tambi\u00e9n podr\u00e1n recopilarse para otros fines, con el consentimiento expreso del hu\u00e9sped. Los datos se recopilan para las siguientes finalidades:<\/p>\n<ul>\n<li>cumplimiento de las regulaciones legales<\/li>\n<li>marketing directo<\/li>\n<li>Mejorar y personalizar los servicios al hu\u00e9sped<\/li>\n<\/ul>\n<p>Villa Giardino recopila sus datos cuando:<\/p>\n<ul>\n<li>Reservas de alojamiento por correo electr\u00f3nico, sitio web o tel\u00e9fono<\/li>\n<li>check-in en la recepci\u00f3n<\/li>\n<\/ul>\n<p><br \/>Villa Giardino recopila datos que deben proporcionarse para la prestaci\u00f3n de servicios de alojamiento, de acuerdo con la normativa legal. Si no proporciona la informaci\u00f3n m\u00ednima requerida para registrar al hu\u00e9sped en los registros correspondientes, no podremos prestarle el servicio de alojamiento.<\/p>\n<p>Al registrarse en la recepci\u00f3n, usted acepta la presentaci\u00f3n de documentos de identificaci\u00f3n personal para el registro tur\u00edstico en el sistema de informaci\u00f3n eVisitor (Ley del Impuesto sobre Estancias, NN 152\/08). Sus datos personales se recopilan con fines estad\u00edsticos y son utilizados exclusivamente por las oficinas de turismo, organismos p\u00fablicos y ministerios responsables de este procedimiento (Ministerio de Turismo e Inspecci\u00f3n Tur\u00edstica, Ministerio del Interior y Ministerio de Hacienda - Administraci\u00f3n Aduanera).<\/p>\n<h3><strong>Divulgaci\u00f3n de identidad<\/strong><\/h3>\n<p>Villa Giardino no revela la identidad de sus clientes. Sin embargo, podr\u00edamos divulgar su informaci\u00f3n personal en los casos en que hayamos obtenido su consentimiento expl\u00edcito o cuando estemos obligados a responder a solicitudes de organismos gubernamentales o autoridades p\u00fablicas.<\/p>\n<h3><strong>Correo electr\u00f3nico<\/strong><\/h3>\n<p>Al suscribirse a nuestra lista de correo, usted consiente libre y voluntariamente que Villa Giardino recopile y procese sus datos personales con el fin de realizar campa\u00f1as de marketing.<\/p>\n<h3><strong>Control de datos<\/strong><\/h3>\n<p>Puede solicitar la revisi\u00f3n, actualizaci\u00f3n, modificaci\u00f3n o eliminaci\u00f3n de su informaci\u00f3n personal en cualquier momento. Hasta entonces, utilizaremos su informaci\u00f3n registrada para los fines indicados anteriormente. Puede contactarnos en cualquier momento enviando una solicitud por escrito al Responsable de Protecci\u00f3n de Datos:<\/p>\n<ul>\n<li>por correo electr\u00f3nico: <a href=\"mailto:hello@vgb.hr\">hello@vgb.hr<\/a><\/li>\n<li>a la direcci\u00f3n: VGB doo, Novi put 2, 21420 Bol, para el Delegado de Protecci\u00f3n de Datos<\/li>\n<\/ul>\n<h3><strong>Disposiciones legales<\/strong><\/h3>\n<p>Utilizamos la tecnolog\u00eda m\u00e1s moderna y segura disponible. Sin embargo, dado que el sitio es de acceso p\u00fablico, no nos responsabilizamos de fallos de funcionamiento causados por componentes da\u00f1inos, virus y spyware en internet. Le recomendamos proteger sus datos y\/o sistema instalando un software antivirus.<\/p>\n<p>El usuario acepta que Villa Giardino no es responsable por cualquier falla causada por interrupci\u00f3n de los servicios telef\u00f3nicos e Internet, problemas de ISP, problemas electr\u00f3nicos o de hardware o cualquier otra falla.<\/p>\n<p>Villa Giardino es un servicio web p\u00fablico y, por lo tanto, est\u00e1 sujeto a disponibilidad. Por lo tanto, no nos responsabilizamos de ning\u00fan da\u00f1o directo, indirecto, incidental, especial o comercial, incluyendo el lucro cesante, derivado del uso de este sitio o de la imposibilidad de usarlo.<\/p>\n<p>Villa Giardino se reserva el derecho de cambiar cualquier informaci\u00f3n contenida en este documento y publicar\u00e1 una versi\u00f3n revisada en el sitio.<\/p>\t\t\t\t\t\t\t\t<\/div>\n\t\t\t\t\t<\/div>\n\t\t\t\t<\/div>\n\t\t\t\t<\/div>","protected":false},"excerpt":{"rendered":"<p>Politika privatnosti V.G.B. d.o.o., Novi put 2, 21420 Bol, OIB: 01078800324 (u daljnjem tekstu: Villa Giardino) po\u0161tuje va\u0161u privatnost i \u017eeli vas informirati koje osobne podatke prikuplja te kako \u0107e va\u0161i osobni podaci biti za\u0161ti\u0107eni. Prema Op\u0107oj uredbi o za\u0161titi podataka (NN 42\/18), Villa Giardino obvezuje se brinuti o privatnosti i osobnim podacima svih svojih &#8230;<\/p>","protected":false},"author":1,"featured_media":0,"parent":0,"menu_order":0,"comment_status":"closed","ping_status":"open","template":"template-wide-content.php","meta":{"_monsterinsights_skip_tracking":false,"_monsterinsights_sitenote_active":false,"_monsterinsights_sitenote_note":"","_monsterinsights_sitenote_category":0,"cozystay_single_page_hide_site_header":"","cozystay_single_page_site_header_source":"","cozystay_single_page_custom_site_header":"0","cozystay_single_page_custom_sticky_site_header":"0","cozystay_single_page_hide_page_title":"","cozystay_single_page_header_section_size":"","cozystay_single_page_header_background_color":"","cozystay_single_page_header_background_position_x":"center","cozystay_single_page_header_background_position_y":"center","cozystay_single_page_header_background_size":"cover","cozystay_single_page_header_background_repeat":"off","cozystay_single_page_header_background_scroll":"on","cozystay_single_page_header_text_color":"","cozystay_single_page_header_show_breadcrumb":"","cozystay_single_page_site_footer_hide_main":"","cozystay_single_custom_site_footer_main_source":"","cozystay_single_custom_site_footer_main":"0","cozystay_single_page_site_footer_hide_above":"","cozystay_single_custom_site_footer_above_source":"","cozystay_single_custom_site_footer_above":"0","cozystay_single_page_site_footer_hide_instagram":"","cozystay_single_page_site_footer_hide_bottom":"","cozystay_single_custom_mobile_menu_source":"","cozystay_single_custom_mobile_menu":"0","cozystay_single_custom_mobile_menu_animation":"","cozystay_single_custom_mobile_menu_width":"","cozystay_single_custom_mobile_menu_custom_width":375,"footnotes":""},"class_list":["post-3","page","type-page","status-publish","hentry"],"yoast_head":"<!-- This site is optimized with the Yoast SEO plugin v26.9 - https:\/\/yoast.com\/product\/yoast-seo-wordpress\/ -->\n<title>Politika privatnosti - Villa Giardino Bol<\/title>\n<meta name=\"robots\" content=\"index, follow, max-snippet:-1, max-image-preview:large, max-video-preview:-1\" \/>\n<link rel=\"canonical\" href=\"https:\/\/villagiardinobol.com\/es\/politica-de-privacidad\/\" \/>\n<meta property=\"og:locale\" content=\"es_ES\" \/>\n<meta property=\"og:type\" content=\"article\" \/>\n<meta property=\"og:title\" content=\"Politika privatnosti - Villa Giardino Bol\" \/>\n<meta property=\"og:description\" content=\"Politika privatnosti V.G.B. d.o.o., Novi put 2, 21420 Bol, OIB: 01078800324 (u daljnjem tekstu: Villa Giardino) po\u0161tuje va\u0161u privatnost i \u017eeli vas informirati koje osobne podatke prikuplja te kako \u0107e va\u0161i osobni podaci biti za\u0161ti\u0107eni. Prema Op\u0107oj uredbi o za\u0161titi podataka (NN 42\/18), Villa Giardino obvezuje se brinuti o privatnosti i osobnim podacima svih svojih ...\" \/>\n<meta property=\"og:url\" content=\"https:\/\/villagiardinobol.com\/es\/politica-de-privacidad\/\" \/>\n<meta property=\"og:site_name\" content=\"Villa Giardino Bol\" \/>\n<meta property=\"article:modified_time\" content=\"2025-11-07T08:01:40+00:00\" \/>\n<meta name=\"twitter:card\" content=\"summary_large_image\" \/>\n<meta name=\"twitter:label1\" content=\"Tiempo de lectura\" \/>\n\t<meta name=\"twitter:data1\" content=\"4 minutos\" \/>\n<script type=\"application\/ld+json\" class=\"yoast-schema-graph\">{\"@context\":\"https:\/\/schema.org\",\"@graph\":[{\"@type\":\"WebPage\",\"@id\":\"https:\/\/villagiardinobol.com\/politika-privatnosti\/\",\"url\":\"https:\/\/villagiardinobol.com\/politika-privatnosti\/\",\"name\":\"Politika privatnosti - Villa Giardino Bol\",\"isPartOf\":{\"@id\":\"https:\/\/villagiardinobol.com\/#website\"},\"datePublished\":\"2025-10-08T08:09:00+00:00\",\"dateModified\":\"2025-11-07T08:01:40+00:00\",\"breadcrumb\":{\"@id\":\"https:\/\/villagiardinobol.com\/politika-privatnosti\/#breadcrumb\"},\"inLanguage\":\"es\",\"potentialAction\":[{\"@type\":\"ReadAction\",\"target\":[\"https:\/\/villagiardinobol.com\/politika-privatnosti\/\"]}]},{\"@type\":\"BreadcrumbList\",\"@id\":\"https:\/\/villagiardinobol.com\/politika-privatnosti\/#breadcrumb\",\"itemListElement\":[{\"@type\":\"ListItem\",\"position\":1,\"name\":\"Home\",\"item\":\"https:\/\/villagiardinobol.com\/\"},{\"@type\":\"ListItem\",\"position\":2,\"name\":\"Politika privatnosti\"}]},{\"@type\":\"WebSite\",\"@id\":\"https:\/\/villagiardinobol.com\/#website\",\"url\":\"https:\/\/villagiardinobol.com\/\",\"name\":\"Villa Giardino Bol\",\"description\":\"Heritage Boutique Hotel Bol\",\"publisher\":{\"@id\":\"https:\/\/villagiardinobol.com\/#organization\"},\"potentialAction\":[{\"@type\":\"SearchAction\",\"target\":{\"@type\":\"EntryPoint\",\"urlTemplate\":\"https:\/\/villagiardinobol.com\/?s={search_term_string}\"},\"query-input\":{\"@type\":\"PropertyValueSpecification\",\"valueRequired\":true,\"valueName\":\"search_term_string\"}}],\"inLanguage\":\"es\"},{\"@type\":\"Organization\",\"@id\":\"https:\/\/villagiardinobol.com\/#organization\",\"name\":\"Villa Giardino Bol\",\"url\":\"https:\/\/villagiardinobol.com\/\",\"logo\":{\"@type\":\"ImageObject\",\"inLanguage\":\"es\",\"@id\":\"https:\/\/villagiardinobol.com\/#\/schema\/logo\/image\/\",\"url\":\"https:\/\/villagiardinobol.com\/wp-content\/uploads\/2025\/10\/febdd4d9-76fd-48f5-ac04-fe64edcbbe32.png\",\"contentUrl\":\"https:\/\/villagiardinobol.com\/wp-content\/uploads\/2025\/10\/febdd4d9-76fd-48f5-ac04-fe64edcbbe32.png\",\"width\":67,\"height\":74,\"caption\":\"Villa Giardino Bol\"},\"image\":{\"@id\":\"https:\/\/villagiardinobol.com\/#\/schema\/logo\/image\/\"}}]}<\/script>\n<!-- \/ Yoast SEO plugin. -->","yoast_head_json":{"title":"Pol\u00edtica de privacidad - Villa Giardino Bol","robots":{"index":"index","follow":"follow","max-snippet":"max-snippet:-1","max-image-preview":"max-image-preview:large","max-video-preview":"max-video-preview:-1"},"canonical":"https:\/\/villagiardinobol.com\/es\/politica-de-privacidad\/","og_locale":"es_ES","og_type":"article","og_title":"Politika privatnosti - Villa Giardino Bol","og_description":"Politika privatnosti V.G.B. d.o.o., Novi put 2, 21420 Bol, OIB: 01078800324 (u daljnjem tekstu: Villa Giardino) po\u0161tuje va\u0161u privatnost i \u017eeli vas informirati koje osobne podatke prikuplja te kako \u0107e va\u0161i osobni podaci biti za\u0161ti\u0107eni. Prema Op\u0107oj uredbi o za\u0161titi podataka (NN 42\/18), Villa Giardino obvezuje se brinuti o privatnosti i osobnim podacima svih svojih ...","og_url":"https:\/\/villagiardinobol.com\/es\/politica-de-privacidad\/","og_site_name":"Villa Giardino Bol","article_modified_time":"2025-11-07T08:01:40+00:00","twitter_card":"summary_large_image","twitter_misc":{"Tiempo de lectura":"4 minutos"},"schema":{"@context":"https:\/\/schema.org","@graph":[{"@type":"WebPage","@id":"https:\/\/villagiardinobol.com\/politika-privatnosti\/","url":"https:\/\/villagiardinobol.com\/politika-privatnosti\/","name":"Pol\u00edtica de privacidad - Villa Giardino Bol","isPartOf":{"@id":"https:\/\/villagiardinobol.com\/#website"},"datePublished":"2025-10-08T08:09:00+00:00","dateModified":"2025-11-07T08:01:40+00:00","breadcrumb":{"@id":"https:\/\/villagiardinobol.com\/politika-privatnosti\/#breadcrumb"},"inLanguage":"es","potentialAction":[{"@type":"ReadAction","target":["https:\/\/villagiardinobol.com\/politika-privatnosti\/"]}]},{"@type":"BreadcrumbList","@id":"https:\/\/villagiardinobol.com\/politika-privatnosti\/#breadcrumb","itemListElement":[{"@type":"ListItem","position":1,"name":"Home","item":"https:\/\/villagiardinobol.com\/"},{"@type":"ListItem","position":2,"name":"Politika privatnosti"}]},{"@type":"WebSite","@id":"https:\/\/villagiardinobol.com\/#website","url":"https:\/\/villagiardinobol.com\/","name":"Villa Garden Bol","description":"Hotel boutique patrimonial de Bol","publisher":{"@id":"https:\/\/villagiardinobol.com\/#organization"},"potentialAction":[{"@type":"SearchAction","target":{"@type":"EntryPoint","urlTemplate":"https:\/\/villagiardinobol.com\/?s={search_term_string}"},"query-input":{"@type":"PropertyValueSpecification","valueRequired":true,"valueName":"search_term_string"}}],"inLanguage":"es"},{"@type":"Organization","@id":"https:\/\/villagiardinobol.com\/#organization","name":"Villa Garden Bol","url":"https:\/\/villagiardinobol.com\/","logo":{"@type":"ImageObject","inLanguage":"es","@id":"https:\/\/villagiardinobol.com\/#\/schema\/logo\/image\/","url":"https:\/\/villagiardinobol.com\/wp-content\/uploads\/2025\/10\/febdd4d9-76fd-48f5-ac04-fe64edcbbe32.png","contentUrl":"https:\/\/villagiardinobol.com\/wp-content\/uploads\/2025\/10\/febdd4d9-76fd-48f5-ac04-fe64edcbbe32.png","width":67,"height":74,"caption":"Villa Giardino Bol"},"image":{"@id":"https:\/\/villagiardinobol.com\/#\/schema\/logo\/image\/"}}]}},"_links":{"self":[{"href":"https:\/\/villagiardinobol.com\/es\/wp-json\/wp\/v2\/pages\/3","targetHints":{"allow":["GET"]}}],"collection":[{"href":"https:\/\/villagiardinobol.com\/es\/wp-json\/wp\/v2\/pages"}],"about":[{"href":"https:\/\/villagiardinobol.com\/es\/wp-json\/wp\/v2\/types\/page"}],"author":[{"embeddable":true,"href":"https:\/\/villagiardinobol.com\/es\/wp-json\/wp\/v2\/users\/1"}],"replies":[{"embeddable":true,"href":"https:\/\/villagiardinobol.com\/es\/wp-json\/wp\/v2\/comments?post=3"}],"version-history":[{"count":0,"href":"https:\/\/villagiardinobol.com\/es\/wp-json\/wp\/v2\/pages\/3\/revisions"}],"wp:attachment":[{"href":"https:\/\/villagiardinobol.com\/es\/wp-json\/wp\/v2\/media?parent=3"}],"curies":[{"name":"wp","href":"https:\/\/api.w.org\/{rel}","templated":true}]}}