{"id":3028,"date":"2025-11-06T08:18:02","date_gmt":"2025-11-06T07:18:02","guid":{"rendered":"https:\/\/villagiardinobol.com\/?page_id=3028"},"modified":"2025-12-04T11:41:39","modified_gmt":"2025-12-04T10:41:39","slug":"condiciones-de-venta","status":"publish","type":"page","link":"https:\/\/villagiardinobol.com\/es\/condiciones-de-venta\/","title":{"rendered":"Condiciones de venta"},"content":{"rendered":"<div data-elementor-type=\"wp-page\" data-elementor-id=\"3028\" class=\"elementor elementor-3028\" data-elementor-post-type=\"page\">\n\t\t\t\t<div class=\"elementor-element elementor-element-59e94940 e-flex e-con-boxed e-con e-parent\" data-id=\"59e94940\" data-element_type=\"container\" data-e-type=\"container\">\n\t\t\t\t\t<div class=\"e-con-inner\">\n\t\t\t\t<div class=\"elementor-element elementor-element-5ecf3ca elementor-widget elementor-widget-text-editor\" data-id=\"5ecf3ca\" data-element_type=\"widget\" data-e-type=\"widget\" data-widget_type=\"text-editor.default\">\n\t\t\t\t\t\t\t\t\t<h3><strong>Condiciones de venta <\/strong><\/h3><p>Gracias por elegir el hotel boutique patrimonial Villa Giardino. <br \/><br \/>T\u00f3mese un momento para leer nuestros T\u00e9rminos de Venta:<\/p><ul><li>Se requiere una tarjeta de cr\u00e9dito v\u00e1lida para confirmar la reserva.<\/li><li>El check-in es posible desde <strong>2:00 p.m.<\/strong> el d\u00eda de llegada.<\/li><li>La salida es hasta <strong>11:00 horas.<\/strong> el d\u00eda de salida.<\/li><li>La salida tard\u00eda puede conllevar un coste adicional.<\/li><li>Si desea cambiar o cancelar una reserva confirmada, puede hacerlo en l\u00ednea, de acuerdo con nuestra <strong>Condiciones de cancelaci\u00f3n<\/strong>.<\/li><li>Para m\u00e1s informaci\u00f3n, p\u00f3ngase en contacto con nuestra oficina de reservas en <strong><a href=\"mailto:booking@vgb.hr\">booking@vgb.hr<\/a><\/strong><\/li><li>El hotel se reserva el derecho de rechazar, cancelar o modificar aquellas reservas que contengan o resulten de un error.<\/li><li>La factura final de su estancia le ser\u00e1 entregada en recepci\u00f3n al momento de su salida.<\/li><\/ul><h3><strong>Condiciones de cancelaci\u00f3n<\/strong><\/h3><p>El hotel boutique hist\u00f3rico Villa Giardino es un oasis en el coraz\u00f3n del centro hist\u00f3rico de Bol, y cada reserva es importante y \u00fanica para nosotros. <br \/>Como peque\u00f1o hotel boutique, las cancelaciones tienen un impacto significativo. Si necesita cancelar su estancia, le rogamos que comprenda c\u00f3mo... <br \/>financieramente responsable de toda su reserva, independientemente del motivo.<\/p><ul><li>Las reservas se mantendr\u00e1n hasta las 24:00 horas del d\u00eda de llegada, salvo acuerdo en contrario.<\/li><li><strong>No presentaci\u00f3n:<\/strong> Se cobrar\u00e1 100% del valor total de la reserva.<\/li><li><strong>Cancelaci\u00f3n 30 d\u00edas o m\u00e1s antes de la llegada:<\/strong> sin cargo (0% del valor de la reserva).<\/li><li><strong>Cancelaci\u00f3n entre 0 y 30 d\u00edas antes de la llegada:<\/strong> Se cobrar\u00e1 100% del valor de la reserva.<\/li><\/ul><h3><strong>Pagar por adelantado<\/strong><\/h3><ul><li>Es necesario abonar por adelantado 100% del valor de la reserva.<\/li><li>El pago se puede realizar con tarjeta de cr\u00e9dito (Visa o MasterCard) o transferencia bancaria (IBAN).<\/li><li>Por favor, inf\u00f3rmenos su m\u00e9todo de pago preferido.<\/li><\/ul><h3><strong>Reservas<\/strong><\/h3><ul><li>No se pueden garantizar reservas sin pago por adelantado.<\/li><li>Su reserva ser\u00e1 confirmada despu\u00e9s de que recibamos su pago.<\/li><\/ul><h3>Condiciones de estancia para ni\u00f1os<\/h3><p>Ni\u00f1os de edad <strong>7 a\u00f1os y m\u00e1s<\/strong> Bienvenido al hotel boutique patrimonial Villa Giardino.<\/p>\t\t\t\t\t\t\t\t<\/div>\n\t\t\t\t\t<\/div>\n\t\t\t\t<\/div>\n\t\t\t\t<\/div>","protected":false},"excerpt":{"rendered":"<p>Uvjeti prodaje Hvala vam \u0161to ste odabrali Villa Giardino heritage boutique hotel. Molimo vas da odvojite trenutak i pro\u010ditate na\u0161e Uvjete prodaje: Za potvrdu rezervacije potrebna je va\u017ee\u0107a kreditna kartica. Prijava (check-in) mogu\u0107a je od 14:00 sati na dan dolaska. Odjava (check-out) je do 11:00 sati na dan odlaska. Kasna odjava mo\u017ee biti dodatno napla\u0107ena. &#8230;<\/p>","protected":false},"author":1,"featured_media":0,"parent":0,"menu_order":0,"comment_status":"closed","ping_status":"open","template":"template-wide-content.php","meta":{"_monsterinsights_skip_tracking":false,"_monsterinsights_sitenote_active":false,"_monsterinsights_sitenote_note":"","_monsterinsights_sitenote_category":0,"cozystay_single_page_hide_site_header":"","cozystay_single_page_site_header_source":"","cozystay_single_page_custom_site_header":"0","cozystay_single_page_custom_sticky_site_header":"0","cozystay_single_page_hide_page_title":"","cozystay_single_page_header_section_size":"","cozystay_single_page_header_background_color":"","cozystay_single_page_header_background_position_x":"center","cozystay_single_page_header_background_position_y":"center","cozystay_single_page_header_background_size":"cover","cozystay_single_page_header_background_repeat":"off","cozystay_single_page_header_background_scroll":"on","cozystay_single_page_header_text_color":"","cozystay_single_page_header_show_breadcrumb":"","cozystay_single_page_site_footer_hide_main":"","cozystay_single_custom_site_footer_main_source":"","cozystay_single_custom_site_footer_main":"0","cozystay_single_page_site_footer_hide_above":"","cozystay_single_custom_site_footer_above_source":"","cozystay_single_custom_site_footer_above":"0","cozystay_single_page_site_footer_hide_instagram":"","cozystay_single_page_site_footer_hide_bottom":"","cozystay_single_custom_mobile_menu_source":"","cozystay_single_custom_mobile_menu":"0","cozystay_single_custom_mobile_menu_animation":"","cozystay_single_custom_mobile_menu_width":"","cozystay_single_custom_mobile_menu_custom_width":375,"footnotes":""},"class_list":["post-3028","page","type-page","status-publish","hentry"],"yoast_head":"<!-- This site is optimized with the Yoast SEO plugin v26.9 - https:\/\/yoast.com\/product\/yoast-seo-wordpress\/ -->\n<title>Uvjeti prodaje - Villa Giardino Bol<\/title>\n<meta name=\"robots\" content=\"index, follow, max-snippet:-1, max-image-preview:large, max-video-preview:-1\" \/>\n<link rel=\"canonical\" href=\"https:\/\/villagiardinobol.com\/es\/condiciones-de-venta\/\" \/>\n<meta property=\"og:locale\" content=\"es_ES\" \/>\n<meta property=\"og:type\" content=\"article\" \/>\n<meta property=\"og:title\" content=\"Uvjeti prodaje - Villa Giardino Bol\" \/>\n<meta property=\"og:description\" content=\"Uvjeti prodaje Hvala vam \u0161to ste odabrali Villa Giardino heritage boutique hotel. Molimo vas da odvojite trenutak i pro\u010ditate na\u0161e Uvjete prodaje: Za potvrdu rezervacije potrebna je va\u017ee\u0107a kreditna kartica. Prijava (check-in) mogu\u0107a je od 14:00 sati na dan dolaska. Odjava (check-out) je do 11:00 sati na dan odlaska. Kasna odjava mo\u017ee biti dodatno napla\u0107ena. ...\" \/>\n<meta property=\"og:url\" content=\"https:\/\/villagiardinobol.com\/es\/condiciones-de-venta\/\" \/>\n<meta property=\"og:site_name\" content=\"Villa Giardino Bol\" \/>\n<meta property=\"article:modified_time\" content=\"2025-12-04T10:41:39+00:00\" \/>\n<meta name=\"twitter:card\" content=\"summary_large_image\" \/>\n<meta name=\"twitter:label1\" content=\"Tiempo de lectura\" \/>\n\t<meta name=\"twitter:data1\" content=\"2 minutos\" \/>\n<script type=\"application\/ld+json\" class=\"yoast-schema-graph\">{\"@context\":\"https:\/\/schema.org\",\"@graph\":[{\"@type\":\"WebPage\",\"@id\":\"https:\/\/villagiardinobol.com\/uvjeti-prodaje\/\",\"url\":\"https:\/\/villagiardinobol.com\/uvjeti-prodaje\/\",\"name\":\"Uvjeti prodaje - Villa Giardino Bol\",\"isPartOf\":{\"@id\":\"https:\/\/villagiardinobol.com\/#website\"},\"datePublished\":\"2025-11-06T07:18:02+00:00\",\"dateModified\":\"2025-12-04T10:41:39+00:00\",\"breadcrumb\":{\"@id\":\"https:\/\/villagiardinobol.com\/uvjeti-prodaje\/#breadcrumb\"},\"inLanguage\":\"es\",\"potentialAction\":[{\"@type\":\"ReadAction\",\"target\":[\"https:\/\/villagiardinobol.com\/uvjeti-prodaje\/\"]}]},{\"@type\":\"BreadcrumbList\",\"@id\":\"https:\/\/villagiardinobol.com\/uvjeti-prodaje\/#breadcrumb\",\"itemListElement\":[{\"@type\":\"ListItem\",\"position\":1,\"name\":\"Home\",\"item\":\"https:\/\/villagiardinobol.com\/\"},{\"@type\":\"ListItem\",\"position\":2,\"name\":\"Uvjeti prodaje\"}]},{\"@type\":\"WebSite\",\"@id\":\"https:\/\/villagiardinobol.com\/#website\",\"url\":\"https:\/\/villagiardinobol.com\/\",\"name\":\"Villa Giardino Bol\",\"description\":\"Heritage Boutique Hotel Bol\",\"publisher\":{\"@id\":\"https:\/\/villagiardinobol.com\/#organization\"},\"potentialAction\":[{\"@type\":\"SearchAction\",\"target\":{\"@type\":\"EntryPoint\",\"urlTemplate\":\"https:\/\/villagiardinobol.com\/?s={search_term_string}\"},\"query-input\":{\"@type\":\"PropertyValueSpecification\",\"valueRequired\":true,\"valueName\":\"search_term_string\"}}],\"inLanguage\":\"es\"},{\"@type\":\"Organization\",\"@id\":\"https:\/\/villagiardinobol.com\/#organization\",\"name\":\"Villa Giardino Bol\",\"url\":\"https:\/\/villagiardinobol.com\/\",\"logo\":{\"@type\":\"ImageObject\",\"inLanguage\":\"es\",\"@id\":\"https:\/\/villagiardinobol.com\/#\/schema\/logo\/image\/\",\"url\":\"https:\/\/villagiardinobol.com\/wp-content\/uploads\/2025\/10\/febdd4d9-76fd-48f5-ac04-fe64edcbbe32.png\",\"contentUrl\":\"https:\/\/villagiardinobol.com\/wp-content\/uploads\/2025\/10\/febdd4d9-76fd-48f5-ac04-fe64edcbbe32.png\",\"width\":67,\"height\":74,\"caption\":\"Villa Giardino Bol\"},\"image\":{\"@id\":\"https:\/\/villagiardinobol.com\/#\/schema\/logo\/image\/\"}}]}<\/script>\n<!-- \/ Yoast SEO plugin. -->","yoast_head_json":{"title":"Condiciones de venta - Villa Giardino Bol","robots":{"index":"index","follow":"follow","max-snippet":"max-snippet:-1","max-image-preview":"max-image-preview:large","max-video-preview":"max-video-preview:-1"},"canonical":"https:\/\/villagiardinobol.com\/es\/condiciones-de-venta\/","og_locale":"es_ES","og_type":"article","og_title":"Uvjeti prodaje - Villa Giardino Bol","og_description":"Uvjeti prodaje Hvala vam \u0161to ste odabrali Villa Giardino heritage boutique hotel. Molimo vas da odvojite trenutak i pro\u010ditate na\u0161e Uvjete prodaje: Za potvrdu rezervacije potrebna je va\u017ee\u0107a kreditna kartica. Prijava (check-in) mogu\u0107a je od 14:00 sati na dan dolaska. Odjava (check-out) je do 11:00 sati na dan odlaska. Kasna odjava mo\u017ee biti dodatno napla\u0107ena. ...","og_url":"https:\/\/villagiardinobol.com\/es\/condiciones-de-venta\/","og_site_name":"Villa Giardino Bol","article_modified_time":"2025-12-04T10:41:39+00:00","twitter_card":"summary_large_image","twitter_misc":{"Tiempo de lectura":"2 minutos"},"schema":{"@context":"https:\/\/schema.org","@graph":[{"@type":"WebPage","@id":"https:\/\/villagiardinobol.com\/uvjeti-prodaje\/","url":"https:\/\/villagiardinobol.com\/uvjeti-prodaje\/","name":"Condiciones de venta - Villa Giardino Bol","isPartOf":{"@id":"https:\/\/villagiardinobol.com\/#website"},"datePublished":"2025-11-06T07:18:02+00:00","dateModified":"2025-12-04T10:41:39+00:00","breadcrumb":{"@id":"https:\/\/villagiardinobol.com\/uvjeti-prodaje\/#breadcrumb"},"inLanguage":"es","potentialAction":[{"@type":"ReadAction","target":["https:\/\/villagiardinobol.com\/uvjeti-prodaje\/"]}]},{"@type":"BreadcrumbList","@id":"https:\/\/villagiardinobol.com\/uvjeti-prodaje\/#breadcrumb","itemListElement":[{"@type":"ListItem","position":1,"name":"Home","item":"https:\/\/villagiardinobol.com\/"},{"@type":"ListItem","position":2,"name":"Uvjeti prodaje"}]},{"@type":"WebSite","@id":"https:\/\/villagiardinobol.com\/#website","url":"https:\/\/villagiardinobol.com\/","name":"Villa Garden Bol","description":"Hotel boutique patrimonial de Bol","publisher":{"@id":"https:\/\/villagiardinobol.com\/#organization"},"potentialAction":[{"@type":"SearchAction","target":{"@type":"EntryPoint","urlTemplate":"https:\/\/villagiardinobol.com\/?s={search_term_string}"},"query-input":{"@type":"PropertyValueSpecification","valueRequired":true,"valueName":"search_term_string"}}],"inLanguage":"es"},{"@type":"Organization","@id":"https:\/\/villagiardinobol.com\/#organization","name":"Villa Garden Bol","url":"https:\/\/villagiardinobol.com\/","logo":{"@type":"ImageObject","inLanguage":"es","@id":"https:\/\/villagiardinobol.com\/#\/schema\/logo\/image\/","url":"https:\/\/villagiardinobol.com\/wp-content\/uploads\/2025\/10\/febdd4d9-76fd-48f5-ac04-fe64edcbbe32.png","contentUrl":"https:\/\/villagiardinobol.com\/wp-content\/uploads\/2025\/10\/febdd4d9-76fd-48f5-ac04-fe64edcbbe32.png","width":67,"height":74,"caption":"Villa Giardino Bol"},"image":{"@id":"https:\/\/villagiardinobol.com\/#\/schema\/logo\/image\/"}}]}},"_links":{"self":[{"href":"https:\/\/villagiardinobol.com\/es\/wp-json\/wp\/v2\/pages\/3028","targetHints":{"allow":["GET"]}}],"collection":[{"href":"https:\/\/villagiardinobol.com\/es\/wp-json\/wp\/v2\/pages"}],"about":[{"href":"https:\/\/villagiardinobol.com\/es\/wp-json\/wp\/v2\/types\/page"}],"author":[{"embeddable":true,"href":"https:\/\/villagiardinobol.com\/es\/wp-json\/wp\/v2\/users\/1"}],"replies":[{"embeddable":true,"href":"https:\/\/villagiardinobol.com\/es\/wp-json\/wp\/v2\/comments?post=3028"}],"version-history":[{"count":0,"href":"https:\/\/villagiardinobol.com\/es\/wp-json\/wp\/v2\/pages\/3028\/revisions"}],"wp:attachment":[{"href":"https:\/\/villagiardinobol.com\/es\/wp-json\/wp\/v2\/media?parent=3028"}],"curies":[{"name":"wp","href":"https:\/\/api.w.org\/{rel}","templated":true}]}}