{"id":5202,"date":"2025-12-22T10:08:46","date_gmt":"2025-12-22T09:08:46","guid":{"rendered":"https:\/\/villagiardinobol.com\/?page_id=5202"},"modified":"2025-12-22T10:10:55","modified_gmt":"2025-12-22T09:10:55","slug":"politica-de-cookies","status":"publish","type":"page","link":"https:\/\/villagiardinobol.com\/es\/politica-de-cookies\/","title":{"rendered":"Pol\u00edtica de cookies"},"content":{"rendered":"<div data-elementor-type=\"wp-page\" data-elementor-id=\"5202\" class=\"elementor elementor-5202\" data-elementor-post-type=\"page\">\n\t\t\t\t<div class=\"elementor-element elementor-element-59e94940 e-flex e-con-boxed e-con e-parent\" data-id=\"59e94940\" data-element_type=\"container\" data-e-type=\"container\">\n\t\t\t\t\t<div class=\"e-con-inner\">\n\t\t\t\t<div class=\"elementor-element elementor-element-5ecf3ca elementor-widget elementor-widget-text-editor\" data-id=\"5ecf3ca\" data-element_type=\"widget\" data-e-type=\"widget\" data-widget_type=\"text-editor.default\">\n\t\t\t\t\t\t\t\t\t<h3><strong>Pol\u00edtica de cookies<\/strong><\/h3><p><strong>Villa Garden Bol<\/strong> Utilizamos cookies y tecnolog\u00edas similares para garantizar el correcto funcionamiento del sitio web, mejorar la experiencia del usuario, analizar el tr\u00e1fico y permitir la verificaci\u00f3n en l\u00ednea de la disponibilidad y la actividad de marketing. Esta Pol\u00edtica de Cookies explica qu\u00e9 cookies utilizamos y c\u00f3mo puede gestionar su configuraci\u00f3n.<\/p><p><strong>\u00bfQu\u00e9 son las cookies?<\/strong><\/p><p>Las cookies son peque\u00f1os archivos de texto que se almacenan en su dispositivo (ordenador, tableta o tel\u00e9fono m\u00f3vil) al visitar un sitio web. Permiten que el sitio web reconozca a los usuarios, recuerde la configuraci\u00f3n y recopile datos estad\u00edsticos.<\/p><p><strong>\u00bfQu\u00e9 tipos de cookies utilizamos?<\/strong><\/p><ol><li><strong> Cookies necesarias (funcionales)<\/strong><\/li><\/ol><p>Estas cookies son necesarias para el correcto funcionamiento del sitio web y no se pueden desactivar. Permiten funciones b\u00e1sicas como:<\/p><ul><li>navegaci\u00f3n del sitio web<\/li><li>correcto funcionamiento del formulario de consulta<\/li><li>Funcionamiento del motor de reservas y comprobaci\u00f3n de la disponibilidad del alojamiento<\/li><\/ul><p>Sin estas cookies, el sitio web no puede funcionar correctamente.<\/p><ol start=\"2\"><li><strong> Cookies anal\u00edticas \u2013 Google Analytics<\/strong><\/li><\/ol><p>Nosotros usamos <strong>Google Analytics<\/strong> para recopilar datos an\u00f3nimos sobre c\u00f3mo se utiliza el sitio web (por ejemplo, n\u00famero de visitas, p\u00e1ginas m\u00e1s visitadas, duraci\u00f3n de la visita).<br \/>Estos datos nos ayudan a comprender c\u00f3mo los visitantes utilizan el sitio web y nos permiten mejorarlo a\u00fan m\u00e1s.<\/p><p>Se est\u00e1n colocando cookies anal\u00edticas <strong>s\u00f3lo con su consentimiento<\/strong>.<\/p><ol start=\"3\"><li><strong> Cookies de marketing \u2013 Meta (Facebook) Pixel<\/strong><\/li><\/ol><p>El sitio web puede utilizar <strong>P\u00edxel de destino (p\u00edxel de Facebook)<\/strong> para:<\/p><ul><li>medir la efectividad de las campa\u00f1as de marketing<\/li><li>Mostrar anuncios relevantes a los usuarios que han visitado previamente el sitio web<\/li><\/ul><p>Estas cookies permiten el seguimiento de los usuarios entre sitios web y se configuran <strong>s\u00f3lo con su consentimiento expreso<\/strong>.<\/p><ol start=\"4\"><li><strong> Cookies del motor de reservas<\/strong><\/li><\/ol><p>Para permitir la comprobaci\u00f3n de disponibilidad en l\u00ednea y el env\u00edo de consultas de reserva, utilizamos <strong>motor de reservas de terceros<\/strong>.<br \/>Estas cookies pueden ser de car\u00e1cter t\u00e9cnico y funcional y son necesarias para:<\/p><ul><li>comprobar la disponibilidad de alojamiento<\/li><li>correcto funcionamiento del proceso de reserva<\/li><\/ul><p>El motor de reservas puede configurar sus propias cookies de acuerdo con su Pol\u00edtica de Privacidad.<\/p><p><strong>Cookies de terceros<\/strong><\/p><p>Algunos servicios del sitio web son proporcionados por terceros (Google, Meta, motor de reservas). Estos pueden configurar sus propias cookies y procesar datos de acuerdo con sus pol\u00edticas de privacidad y protecci\u00f3n de datos.<\/p><p><strong>Gesti\u00f3n de cookies<\/strong><\/p><p>Cuando visite el sitio web por primera vez, se le mostrar\u00e1 un banner de cookies a trav\u00e9s del cual podr\u00e1:<\/p><ul><li>aceptar todas las cookies<\/li><li>rechazar las cookies no esenciales<\/li><li>ajustar su configuraci\u00f3n de cookies<\/li><\/ul><p>Puede cambiar o retirar su consentimiento en cualquier momento a trav\u00e9s de la configuraci\u00f3n de cookies o en la configuraci\u00f3n de su navegador de Internet.<\/p><p><strong>Duraci\u00f3n de las cookies<\/strong><\/p><p>Las cookies pueden ser:<\/p><ul><li><strong>de una sesi\u00f3n<\/strong> \u2013 se eliminan despu\u00e9s de cerrar el navegador<\/li><li><strong>permanente<\/strong> \u2013 permanecen almacenados durante un per\u00edodo de tiempo determinado o hasta que los elimines manualmente<\/li><\/ul><p><strong>Contacto<\/strong><\/p><p>Para todas las cuestiones relacionadas con el uso de cookies y el tratamiento de datos personales, puede ponerse en contacto con nosotros a trav\u00e9s del formulario de contacto del sitio web o a trav\u00e9s de la informaci\u00f3n proporcionada en <a href=\"https:\/\/villagiardinobol.com\/es\/politica-de-privacidad\/\"><strong>pol\u00edtica de privacidad<\/strong><\/a>.<\/p><p>\u00a0<\/p><div class=\"iffselector\">\u00a0<\/div>\t\t\t\t\t\t\t\t<\/div>\n\t\t\t\t\t<\/div>\n\t\t\t\t<\/div>\n\t\t\t\t<\/div>","protected":false},"excerpt":{"rendered":"<p>Politika kola\u010di\u0107a Villa Giardino Bol koristi kola\u010di\u0107e i sli\u010dne tehnologije kako bi osigurala ispravno funkcioniranje web stranice, pobolj\u0161ala korisni\u010dko iskustvo, analizirala posje\u0107enost te omogu\u0107ila online provjeru dostupnosti i marketin\u0161ke aktivnosti. Ova Politika kola\u010di\u0107a obja\u0161njava koje kola\u010di\u0107e koristimo i kako mo\u017eete upravljati svojim postavkama. \u0160to su kola\u010di\u0107i? Kola\u010di\u0107i su male tekstualne datoteke koje se pohranjuju na &#8230;<\/p>","protected":false},"author":1,"featured_media":0,"parent":0,"menu_order":0,"comment_status":"closed","ping_status":"open","template":"template-wide-content.php","meta":{"_monsterinsights_skip_tracking":false,"_monsterinsights_sitenote_active":false,"_monsterinsights_sitenote_note":"","_monsterinsights_sitenote_category":0,"cozystay_single_page_hide_site_header":"","cozystay_single_page_site_header_source":"","cozystay_single_page_custom_site_header":"0","cozystay_single_page_custom_sticky_site_header":"0","cozystay_single_page_hide_page_title":"","cozystay_single_page_header_section_size":"","cozystay_single_page_header_background_color":"","cozystay_single_page_header_background_position_x":"center","cozystay_single_page_header_background_position_y":"center","cozystay_single_page_header_background_size":"cover","cozystay_single_page_header_background_repeat":"off","cozystay_single_page_header_background_scroll":"on","cozystay_single_page_header_text_color":"","cozystay_single_page_header_show_breadcrumb":"","cozystay_single_page_site_footer_hide_main":"","cozystay_single_custom_site_footer_main_source":"","cozystay_single_custom_site_footer_main":"0","cozystay_single_page_site_footer_hide_above":"","cozystay_single_custom_site_footer_above_source":"","cozystay_single_custom_site_footer_above":"0","cozystay_single_page_site_footer_hide_instagram":"","cozystay_single_page_site_footer_hide_bottom":"","cozystay_single_custom_mobile_menu_source":"","cozystay_single_custom_mobile_menu":"0","cozystay_single_custom_mobile_menu_animation":"","cozystay_single_custom_mobile_menu_width":"","cozystay_single_custom_mobile_menu_custom_width":375,"footnotes":""},"class_list":["post-5202","page","type-page","status-publish","hentry"],"yoast_head":"<!-- This site is optimized with the Yoast SEO plugin v26.9 - https:\/\/yoast.com\/product\/yoast-seo-wordpress\/ -->\n<title>Politika kola\u010di\u0107a - Villa Giardino Bol<\/title>\n<meta name=\"robots\" content=\"index, follow, max-snippet:-1, max-image-preview:large, max-video-preview:-1\" \/>\n<link rel=\"canonical\" href=\"https:\/\/villagiardinobol.com\/es\/politica-de-cookies\/\" \/>\n<meta property=\"og:locale\" content=\"es_ES\" \/>\n<meta property=\"og:type\" content=\"article\" \/>\n<meta property=\"og:title\" content=\"Politika kola\u010di\u0107a - Villa Giardino Bol\" \/>\n<meta property=\"og:description\" content=\"Politika kola\u010di\u0107a Villa Giardino Bol koristi kola\u010di\u0107e i sli\u010dne tehnologije kako bi osigurala ispravno funkcioniranje web stranice, pobolj\u0161ala korisni\u010dko iskustvo, analizirala posje\u0107enost te omogu\u0107ila online provjeru dostupnosti i marketin\u0161ke aktivnosti. Ova Politika kola\u010di\u0107a obja\u0161njava koje kola\u010di\u0107e koristimo i kako mo\u017eete upravljati svojim postavkama. \u0160to su kola\u010di\u0107i? Kola\u010di\u0107i su male tekstualne datoteke koje se pohranjuju na ...\" \/>\n<meta property=\"og:url\" content=\"https:\/\/villagiardinobol.com\/es\/politica-de-cookies\/\" \/>\n<meta property=\"og:site_name\" content=\"Villa Giardino Bol\" \/>\n<meta property=\"article:modified_time\" content=\"2025-12-22T09:10:55+00:00\" \/>\n<meta name=\"twitter:card\" content=\"summary_large_image\" \/>\n<meta name=\"twitter:label1\" content=\"Tiempo de lectura\" \/>\n\t<meta name=\"twitter:data1\" content=\"3 minutos\" \/>\n<script type=\"application\/ld+json\" class=\"yoast-schema-graph\">{\"@context\":\"https:\/\/schema.org\",\"@graph\":[{\"@type\":\"WebPage\",\"@id\":\"https:\/\/villagiardinobol.com\/politika-kolacica\/\",\"url\":\"https:\/\/villagiardinobol.com\/politika-kolacica\/\",\"name\":\"Politika kola\u010di\u0107a - Villa Giardino Bol\",\"isPartOf\":{\"@id\":\"https:\/\/villagiardinobol.com\/#website\"},\"datePublished\":\"2025-12-22T09:08:46+00:00\",\"dateModified\":\"2025-12-22T09:10:55+00:00\",\"breadcrumb\":{\"@id\":\"https:\/\/villagiardinobol.com\/politika-kolacica\/#breadcrumb\"},\"inLanguage\":\"es\",\"potentialAction\":[{\"@type\":\"ReadAction\",\"target\":[\"https:\/\/villagiardinobol.com\/politika-kolacica\/\"]}]},{\"@type\":\"BreadcrumbList\",\"@id\":\"https:\/\/villagiardinobol.com\/politika-kolacica\/#breadcrumb\",\"itemListElement\":[{\"@type\":\"ListItem\",\"position\":1,\"name\":\"Home\",\"item\":\"https:\/\/villagiardinobol.com\/\"},{\"@type\":\"ListItem\",\"position\":2,\"name\":\"Politika kola\u010di\u0107a\"}]},{\"@type\":\"WebSite\",\"@id\":\"https:\/\/villagiardinobol.com\/#website\",\"url\":\"https:\/\/villagiardinobol.com\/\",\"name\":\"Villa Giardino Bol\",\"description\":\"Heritage Boutique Hotel Bol\",\"publisher\":{\"@id\":\"https:\/\/villagiardinobol.com\/#organization\"},\"potentialAction\":[{\"@type\":\"SearchAction\",\"target\":{\"@type\":\"EntryPoint\",\"urlTemplate\":\"https:\/\/villagiardinobol.com\/?s={search_term_string}\"},\"query-input\":{\"@type\":\"PropertyValueSpecification\",\"valueRequired\":true,\"valueName\":\"search_term_string\"}}],\"inLanguage\":\"es\"},{\"@type\":\"Organization\",\"@id\":\"https:\/\/villagiardinobol.com\/#organization\",\"name\":\"Villa Giardino Bol\",\"url\":\"https:\/\/villagiardinobol.com\/\",\"logo\":{\"@type\":\"ImageObject\",\"inLanguage\":\"es\",\"@id\":\"https:\/\/villagiardinobol.com\/#\/schema\/logo\/image\/\",\"url\":\"https:\/\/villagiardinobol.com\/wp-content\/uploads\/2025\/10\/febdd4d9-76fd-48f5-ac04-fe64edcbbe32.png\",\"contentUrl\":\"https:\/\/villagiardinobol.com\/wp-content\/uploads\/2025\/10\/febdd4d9-76fd-48f5-ac04-fe64edcbbe32.png\",\"width\":67,\"height\":74,\"caption\":\"Villa Giardino Bol\"},\"image\":{\"@id\":\"https:\/\/villagiardinobol.com\/#\/schema\/logo\/image\/\"}}]}<\/script>\n<!-- \/ Yoast SEO plugin. -->","yoast_head_json":{"title":"Pol\u00edtica de Cookies - Villa Giardino Bol","robots":{"index":"index","follow":"follow","max-snippet":"max-snippet:-1","max-image-preview":"max-image-preview:large","max-video-preview":"max-video-preview:-1"},"canonical":"https:\/\/villagiardinobol.com\/es\/politica-de-cookies\/","og_locale":"es_ES","og_type":"article","og_title":"Politika kola\u010di\u0107a - Villa Giardino Bol","og_description":"Politika kola\u010di\u0107a Villa Giardino Bol koristi kola\u010di\u0107e i sli\u010dne tehnologije kako bi osigurala ispravno funkcioniranje web stranice, pobolj\u0161ala korisni\u010dko iskustvo, analizirala posje\u0107enost te omogu\u0107ila online provjeru dostupnosti i marketin\u0161ke aktivnosti. Ova Politika kola\u010di\u0107a obja\u0161njava koje kola\u010di\u0107e koristimo i kako mo\u017eete upravljati svojim postavkama. \u0160to su kola\u010di\u0107i? Kola\u010di\u0107i su male tekstualne datoteke koje se pohranjuju na ...","og_url":"https:\/\/villagiardinobol.com\/es\/politica-de-cookies\/","og_site_name":"Villa Giardino Bol","article_modified_time":"2025-12-22T09:10:55+00:00","twitter_card":"summary_large_image","twitter_misc":{"Tiempo de lectura":"3 minutos"},"schema":{"@context":"https:\/\/schema.org","@graph":[{"@type":"WebPage","@id":"https:\/\/villagiardinobol.com\/politika-kolacica\/","url":"https:\/\/villagiardinobol.com\/politika-kolacica\/","name":"Pol\u00edtica de Cookies - Villa Giardino Bol","isPartOf":{"@id":"https:\/\/villagiardinobol.com\/#website"},"datePublished":"2025-12-22T09:08:46+00:00","dateModified":"2025-12-22T09:10:55+00:00","breadcrumb":{"@id":"https:\/\/villagiardinobol.com\/politika-kolacica\/#breadcrumb"},"inLanguage":"es","potentialAction":[{"@type":"ReadAction","target":["https:\/\/villagiardinobol.com\/politika-kolacica\/"]}]},{"@type":"BreadcrumbList","@id":"https:\/\/villagiardinobol.com\/politika-kolacica\/#breadcrumb","itemListElement":[{"@type":"ListItem","position":1,"name":"Home","item":"https:\/\/villagiardinobol.com\/"},{"@type":"ListItem","position":2,"name":"Politika kola\u010di\u0107a"}]},{"@type":"WebSite","@id":"https:\/\/villagiardinobol.com\/#website","url":"https:\/\/villagiardinobol.com\/","name":"Villa Garden Bol","description":"Hotel boutique patrimonial de Bol","publisher":{"@id":"https:\/\/villagiardinobol.com\/#organization"},"potentialAction":[{"@type":"SearchAction","target":{"@type":"EntryPoint","urlTemplate":"https:\/\/villagiardinobol.com\/?s={search_term_string}"},"query-input":{"@type":"PropertyValueSpecification","valueRequired":true,"valueName":"search_term_string"}}],"inLanguage":"es"},{"@type":"Organization","@id":"https:\/\/villagiardinobol.com\/#organization","name":"Villa Garden Bol","url":"https:\/\/villagiardinobol.com\/","logo":{"@type":"ImageObject","inLanguage":"es","@id":"https:\/\/villagiardinobol.com\/#\/schema\/logo\/image\/","url":"https:\/\/villagiardinobol.com\/wp-content\/uploads\/2025\/10\/febdd4d9-76fd-48f5-ac04-fe64edcbbe32.png","contentUrl":"https:\/\/villagiardinobol.com\/wp-content\/uploads\/2025\/10\/febdd4d9-76fd-48f5-ac04-fe64edcbbe32.png","width":67,"height":74,"caption":"Villa Giardino Bol"},"image":{"@id":"https:\/\/villagiardinobol.com\/#\/schema\/logo\/image\/"}}]}},"_links":{"self":[{"href":"https:\/\/villagiardinobol.com\/es\/wp-json\/wp\/v2\/pages\/5202","targetHints":{"allow":["GET"]}}],"collection":[{"href":"https:\/\/villagiardinobol.com\/es\/wp-json\/wp\/v2\/pages"}],"about":[{"href":"https:\/\/villagiardinobol.com\/es\/wp-json\/wp\/v2\/types\/page"}],"author":[{"embeddable":true,"href":"https:\/\/villagiardinobol.com\/es\/wp-json\/wp\/v2\/users\/1"}],"replies":[{"embeddable":true,"href":"https:\/\/villagiardinobol.com\/es\/wp-json\/wp\/v2\/comments?post=5202"}],"version-history":[{"count":0,"href":"https:\/\/villagiardinobol.com\/es\/wp-json\/wp\/v2\/pages\/5202\/revisions"}],"wp:attachment":[{"href":"https:\/\/villagiardinobol.com\/es\/wp-json\/wp\/v2\/media?parent=5202"}],"curies":[{"name":"wp","href":"https:\/\/api.w.org\/{rel}","templated":true}]}}