{"id":5202,"date":"2025-12-22T10:08:46","date_gmt":"2025-12-22T09:08:46","guid":{"rendered":"https:\/\/villagiardinobol.com\/?page_id=5202"},"modified":"2025-12-22T10:10:55","modified_gmt":"2025-12-22T09:10:55","slug":"politique-en-matiere-de-cookies","status":"publish","type":"page","link":"https:\/\/villagiardinobol.com\/fr\/politique-en-matiere-de-cookies\/","title":{"rendered":"Politique relative aux cookies"},"content":{"rendered":"<div data-elementor-type=\"wp-page\" data-elementor-id=\"5202\" class=\"elementor elementor-5202\" data-elementor-post-type=\"page\">\n\t\t\t\t<div class=\"elementor-element elementor-element-59e94940 e-flex e-con-boxed e-con e-parent\" data-id=\"59e94940\" data-element_type=\"container\" data-e-type=\"container\">\n\t\t\t\t\t<div class=\"e-con-inner\">\n\t\t\t\t<div class=\"elementor-element elementor-element-5ecf3ca elementor-widget elementor-widget-text-editor\" data-id=\"5ecf3ca\" data-element_type=\"widget\" data-e-type=\"widget\" data-widget_type=\"text-editor.default\">\n\t\t\t\t\t\t\t\t\t<h3><strong>Politique relative aux cookies<\/strong><\/h3><p><strong>Villa Garden Bol<\/strong> Ce site utilise des cookies et des technologies similaires pour assurer son bon fonctionnement, am\u00e9liorer l&#039;exp\u00e9rience utilisateur, analyser le trafic et permettre la v\u00e9rification en ligne de la disponibilit\u00e9 des produits et des activit\u00e9s marketing. La pr\u00e9sente politique relative aux cookies explique quels cookies nous utilisons et comment vous pouvez g\u00e9rer vos param\u00e8tres.<\/p><p><strong>Que sont les cookies ?<\/strong><\/p><p>Les cookies sont de petits fichiers texte enregistr\u00e9s sur votre appareil (ordinateur, tablette ou t\u00e9l\u00e9phone mobile) lorsque vous consultez un site web. Ils permettent au site web de reconna\u00eetre les utilisateurs, de m\u00e9moriser les param\u00e8tres et de recueillir des donn\u00e9es statistiques.<\/p><p><strong>Quels types de cookies utilisons-nous ?<\/strong><\/p><ol><li><strong> Cookies n\u00e9cessaires (fonctionnels)<\/strong><\/li><\/ol><p>Ces cookies sont n\u00e9cessaires au bon fonctionnement du site web et ne peuvent pas \u00eatre d\u00e9sactiv\u00e9s. Ils permettent des fonctions de base telles que\u00a0:<\/p><ul><li>navigation du site web<\/li><li>fonctionnement correct du formulaire de demande<\/li><li>fonctionnement du moteur de r\u00e9servation et v\u00e9rification de la disponibilit\u00e9 des h\u00e9bergements<\/li><\/ul><p>Sans ces cookies, le site web ne peut pas fonctionner correctement.<\/p><ol start=\"2\"><li><strong> Cookies analytiques \u2013 Google Analytics<\/strong><\/li><\/ol><p>Nous utilisons <strong>Google Analytics<\/strong> recueillir des donn\u00e9es anonymes sur la fa\u00e7on dont le site Web est utilis\u00e9 (par exemple, le nombre de visites, les pages les plus visit\u00e9es, la dur\u00e9e de la visite).<br \/>Ces donn\u00e9es nous aident \u00e0 comprendre comment les visiteurs utilisent le site web et nous permettent de l&#039;am\u00e9liorer.<\/p><p>Des cookies analytiques sont en cours de d\u00e9p\u00f4t. <strong>uniquement avec votre consentement<\/strong>.<\/p><ol start=\"3\"><li><strong> Cookies marketing \u2013 Pixel m\u00e9ta (Facebook)<\/strong><\/li><\/ol><p>Le site web peut utiliser <strong>Pixel cible (pixel Facebook)<\/strong> aux fins de :<\/p><ul><li>mesurer l&#039;efficacit\u00e9 des campagnes marketing<\/li><li>afficher des publicit\u00e9s pertinentes aux utilisateurs ayant d\u00e9j\u00e0 visit\u00e9 le site web<\/li><\/ul><p>Ces cookies permettent de suivre les utilisateurs entre les sites web et sont configur\u00e9s <strong>uniquement avec votre consentement explicite<\/strong>.<\/p><ol start=\"4\"><li><strong> Cookies du moteur de r\u00e9servation<\/strong><\/li><\/ol><p>Pour permettre la v\u00e9rification des disponibilit\u00e9s en ligne et l&#039;envoi de demandes de r\u00e9servation, nous utilisons <strong>moteur de r\u00e9servation tiers<\/strong>.<br \/>Ces cookies peuvent \u00eatre de nature technique et fonctionnelle et sont n\u00e9cessaires pour\u00a0:<\/p><ul><li>v\u00e9rification de la disponibilit\u00e9 des h\u00e9bergements<\/li><li>bon fonctionnement du processus de r\u00e9servation<\/li><\/ul><p>Le moteur de r\u00e9servation peut installer ses propres cookies conform\u00e9ment \u00e0 sa politique de confidentialit\u00e9.<\/p><p><strong>Cookies tiers<\/strong><\/p><p>Certains services propos\u00e9s sur le site web sont fournis par des tiers (Google, Meta, moteur de r\u00e9servation). Ces derniers peuvent installer leurs propres cookies et traiter les donn\u00e9es conform\u00e9ment \u00e0 leurs politiques de confidentialit\u00e9 et de protection des donn\u00e9es.<\/p><p><strong>Gestion des cookies<\/strong><\/p><p>Lors de votre premi\u00e8re visite sur le site web, une banni\u00e8re de cookies s&#039;affichera et vous permettra de\u00a0:<\/p><ul><li>Accepter tous les cookies<\/li><li>refuser les cookies non essentiels<\/li><li>ajuster vos param\u00e8tres de cookies<\/li><\/ul><p>Vous pouvez modifier ou retirer votre consentement \u00e0 tout moment via vos param\u00e8tres de cookies ou dans les param\u00e8tres de votre navigateur Internet.<\/p><p><strong>Dur\u00e9e de conservation des cookies<\/strong><\/p><p>Les cookies peuvent \u00eatre\u00a0:<\/p><ul><li><strong>session<\/strong> \u2013 sont supprim\u00e9s apr\u00e8s la fermeture du navigateur<\/li><li><strong>permanent<\/strong> \u2013 rester stock\u00e9es pendant une certaine p\u00e9riode ou jusqu&#039;\u00e0 ce que vous les supprimiez manuellement<\/li><\/ul><p><strong>Contact<\/strong><\/p><p>Pour toute question relative \u00e0 l\u2019utilisation des cookies et au traitement des donn\u00e9es personnelles, vous pouvez nous contacter via le formulaire de contact du site web ou via les informations fournies dans <a href=\"https:\/\/villagiardinobol.com\/fr\/politique-de-confidentialite\/\"><strong>politique de confidentialit\u00e9<\/strong><\/a>.<\/p><p>\u00a0<\/p><div class=\"iffselector\">\u00a0<\/div>\t\t\t\t\t\t\t\t<\/div>\n\t\t\t\t\t<\/div>\n\t\t\t\t<\/div>\n\t\t\t\t<\/div>","protected":false},"excerpt":{"rendered":"<p>Politika kola\u010di\u0107a Villa Giardino Bol koristi kola\u010di\u0107e i sli\u010dne tehnologije kako bi osigurala ispravno funkcioniranje web stranice, pobolj\u0161ala korisni\u010dko iskustvo, analizirala posje\u0107enost te omogu\u0107ila online provjeru dostupnosti i marketin\u0161ke aktivnosti. Ova Politika kola\u010di\u0107a obja\u0161njava koje kola\u010di\u0107e koristimo i kako mo\u017eete upravljati svojim postavkama. \u0160to su kola\u010di\u0107i? Kola\u010di\u0107i su male tekstualne datoteke koje se pohranjuju na &#8230;<\/p>","protected":false},"author":1,"featured_media":0,"parent":0,"menu_order":0,"comment_status":"closed","ping_status":"open","template":"template-wide-content.php","meta":{"_monsterinsights_skip_tracking":false,"_monsterinsights_sitenote_active":false,"_monsterinsights_sitenote_note":"","_monsterinsights_sitenote_category":0,"cozystay_single_page_hide_site_header":"","cozystay_single_page_site_header_source":"","cozystay_single_page_custom_site_header":"0","cozystay_single_page_custom_sticky_site_header":"0","cozystay_single_page_hide_page_title":"","cozystay_single_page_header_section_size":"","cozystay_single_page_header_background_color":"","cozystay_single_page_header_background_position_x":"center","cozystay_single_page_header_background_position_y":"center","cozystay_single_page_header_background_size":"cover","cozystay_single_page_header_background_repeat":"off","cozystay_single_page_header_background_scroll":"on","cozystay_single_page_header_text_color":"","cozystay_single_page_header_show_breadcrumb":"","cozystay_single_page_site_footer_hide_main":"","cozystay_single_custom_site_footer_main_source":"","cozystay_single_custom_site_footer_main":"0","cozystay_single_page_site_footer_hide_above":"","cozystay_single_custom_site_footer_above_source":"","cozystay_single_custom_site_footer_above":"0","cozystay_single_page_site_footer_hide_instagram":"","cozystay_single_page_site_footer_hide_bottom":"","cozystay_single_custom_mobile_menu_source":"","cozystay_single_custom_mobile_menu":"0","cozystay_single_custom_mobile_menu_animation":"","cozystay_single_custom_mobile_menu_width":"","cozystay_single_custom_mobile_menu_custom_width":375,"footnotes":""},"class_list":["post-5202","page","type-page","status-publish","hentry"],"yoast_head":"<!-- This site is optimized with the Yoast SEO plugin v26.9 - https:\/\/yoast.com\/product\/yoast-seo-wordpress\/ -->\n<title>Politika kola\u010di\u0107a - Villa Giardino Bol<\/title>\n<meta name=\"robots\" content=\"index, follow, max-snippet:-1, max-image-preview:large, max-video-preview:-1\" \/>\n<link rel=\"canonical\" href=\"https:\/\/villagiardinobol.com\/fr\/politique-en-matiere-de-cookies\/\" \/>\n<meta property=\"og:locale\" content=\"fr_FR\" \/>\n<meta property=\"og:type\" content=\"article\" \/>\n<meta property=\"og:title\" content=\"Politika kola\u010di\u0107a - Villa Giardino Bol\" \/>\n<meta property=\"og:description\" content=\"Politika kola\u010di\u0107a Villa Giardino Bol koristi kola\u010di\u0107e i sli\u010dne tehnologije kako bi osigurala ispravno funkcioniranje web stranice, pobolj\u0161ala korisni\u010dko iskustvo, analizirala posje\u0107enost te omogu\u0107ila online provjeru dostupnosti i marketin\u0161ke aktivnosti. Ova Politika kola\u010di\u0107a obja\u0161njava koje kola\u010di\u0107e koristimo i kako mo\u017eete upravljati svojim postavkama. \u0160to su kola\u010di\u0107i? Kola\u010di\u0107i su male tekstualne datoteke koje se pohranjuju na ...\" \/>\n<meta property=\"og:url\" content=\"https:\/\/villagiardinobol.com\/fr\/politique-en-matiere-de-cookies\/\" \/>\n<meta property=\"og:site_name\" content=\"Villa Giardino Bol\" \/>\n<meta property=\"article:modified_time\" content=\"2025-12-22T09:10:55+00:00\" \/>\n<meta name=\"twitter:card\" content=\"summary_large_image\" \/>\n<meta name=\"twitter:label1\" content=\"Dur\u00e9e de lecture estim\u00e9e\" \/>\n\t<meta name=\"twitter:data1\" content=\"3 minutes\" \/>\n<script type=\"application\/ld+json\" class=\"yoast-schema-graph\">{\"@context\":\"https:\/\/schema.org\",\"@graph\":[{\"@type\":\"WebPage\",\"@id\":\"https:\/\/villagiardinobol.com\/politika-kolacica\/\",\"url\":\"https:\/\/villagiardinobol.com\/politika-kolacica\/\",\"name\":\"Politika kola\u010di\u0107a - Villa Giardino Bol\",\"isPartOf\":{\"@id\":\"https:\/\/villagiardinobol.com\/#website\"},\"datePublished\":\"2025-12-22T09:08:46+00:00\",\"dateModified\":\"2025-12-22T09:10:55+00:00\",\"breadcrumb\":{\"@id\":\"https:\/\/villagiardinobol.com\/politika-kolacica\/#breadcrumb\"},\"inLanguage\":\"fr-FR\",\"potentialAction\":[{\"@type\":\"ReadAction\",\"target\":[\"https:\/\/villagiardinobol.com\/politika-kolacica\/\"]}]},{\"@type\":\"BreadcrumbList\",\"@id\":\"https:\/\/villagiardinobol.com\/politika-kolacica\/#breadcrumb\",\"itemListElement\":[{\"@type\":\"ListItem\",\"position\":1,\"name\":\"Home\",\"item\":\"https:\/\/villagiardinobol.com\/\"},{\"@type\":\"ListItem\",\"position\":2,\"name\":\"Politika kola\u010di\u0107a\"}]},{\"@type\":\"WebSite\",\"@id\":\"https:\/\/villagiardinobol.com\/#website\",\"url\":\"https:\/\/villagiardinobol.com\/\",\"name\":\"Villa Giardino Bol\",\"description\":\"Heritage Boutique Hotel Bol\",\"publisher\":{\"@id\":\"https:\/\/villagiardinobol.com\/#organization\"},\"potentialAction\":[{\"@type\":\"SearchAction\",\"target\":{\"@type\":\"EntryPoint\",\"urlTemplate\":\"https:\/\/villagiardinobol.com\/?s={search_term_string}\"},\"query-input\":{\"@type\":\"PropertyValueSpecification\",\"valueRequired\":true,\"valueName\":\"search_term_string\"}}],\"inLanguage\":\"fr-FR\"},{\"@type\":\"Organization\",\"@id\":\"https:\/\/villagiardinobol.com\/#organization\",\"name\":\"Villa Giardino Bol\",\"url\":\"https:\/\/villagiardinobol.com\/\",\"logo\":{\"@type\":\"ImageObject\",\"inLanguage\":\"fr-FR\",\"@id\":\"https:\/\/villagiardinobol.com\/#\/schema\/logo\/image\/\",\"url\":\"https:\/\/villagiardinobol.com\/wp-content\/uploads\/2025\/10\/febdd4d9-76fd-48f5-ac04-fe64edcbbe32.png\",\"contentUrl\":\"https:\/\/villagiardinobol.com\/wp-content\/uploads\/2025\/10\/febdd4d9-76fd-48f5-ac04-fe64edcbbe32.png\",\"width\":67,\"height\":74,\"caption\":\"Villa Giardino Bol\"},\"image\":{\"@id\":\"https:\/\/villagiardinobol.com\/#\/schema\/logo\/image\/\"}}]}<\/script>\n<!-- \/ Yoast SEO plugin. -->","yoast_head_json":{"title":"Politique en mati\u00e8re de cookies - Villa Giardino Bol","robots":{"index":"index","follow":"follow","max-snippet":"max-snippet:-1","max-image-preview":"max-image-preview:large","max-video-preview":"max-video-preview:-1"},"canonical":"https:\/\/villagiardinobol.com\/fr\/politique-en-matiere-de-cookies\/","og_locale":"fr_FR","og_type":"article","og_title":"Politika kola\u010di\u0107a - Villa Giardino Bol","og_description":"Politika kola\u010di\u0107a Villa Giardino Bol koristi kola\u010di\u0107e i sli\u010dne tehnologije kako bi osigurala ispravno funkcioniranje web stranice, pobolj\u0161ala korisni\u010dko iskustvo, analizirala posje\u0107enost te omogu\u0107ila online provjeru dostupnosti i marketin\u0161ke aktivnosti. Ova Politika kola\u010di\u0107a obja\u0161njava koje kola\u010di\u0107e koristimo i kako mo\u017eete upravljati svojim postavkama. \u0160to su kola\u010di\u0107i? Kola\u010di\u0107i su male tekstualne datoteke koje se pohranjuju na ...","og_url":"https:\/\/villagiardinobol.com\/fr\/politique-en-matiere-de-cookies\/","og_site_name":"Villa Giardino Bol","article_modified_time":"2025-12-22T09:10:55+00:00","twitter_card":"summary_large_image","twitter_misc":{"Dur\u00e9e de lecture estim\u00e9e":"3 minutes"},"schema":{"@context":"https:\/\/schema.org","@graph":[{"@type":"WebPage","@id":"https:\/\/villagiardinobol.com\/politika-kolacica\/","url":"https:\/\/villagiardinobol.com\/politika-kolacica\/","name":"Politique en mati\u00e8re de cookies - Villa Giardino Bol","isPartOf":{"@id":"https:\/\/villagiardinobol.com\/#website"},"datePublished":"2025-12-22T09:08:46+00:00","dateModified":"2025-12-22T09:10:55+00:00","breadcrumb":{"@id":"https:\/\/villagiardinobol.com\/politika-kolacica\/#breadcrumb"},"inLanguage":"fr-FR","potentialAction":[{"@type":"ReadAction","target":["https:\/\/villagiardinobol.com\/politika-kolacica\/"]}]},{"@type":"BreadcrumbList","@id":"https:\/\/villagiardinobol.com\/politika-kolacica\/#breadcrumb","itemListElement":[{"@type":"ListItem","position":1,"name":"Home","item":"https:\/\/villagiardinobol.com\/"},{"@type":"ListItem","position":2,"name":"Politika kola\u010di\u0107a"}]},{"@type":"WebSite","@id":"https:\/\/villagiardinobol.com\/#website","url":"https:\/\/villagiardinobol.com\/","name":"Villa Garden Bol","description":"H\u00f4tel boutique patrimonial Bol","publisher":{"@id":"https:\/\/villagiardinobol.com\/#organization"},"potentialAction":[{"@type":"SearchAction","target":{"@type":"EntryPoint","urlTemplate":"https:\/\/villagiardinobol.com\/?s={search_term_string}"},"query-input":{"@type":"PropertyValueSpecification","valueRequired":true,"valueName":"search_term_string"}}],"inLanguage":"fr-FR"},{"@type":"Organization","@id":"https:\/\/villagiardinobol.com\/#organization","name":"Villa Garden Bol","url":"https:\/\/villagiardinobol.com\/","logo":{"@type":"ImageObject","inLanguage":"fr-FR","@id":"https:\/\/villagiardinobol.com\/#\/schema\/logo\/image\/","url":"https:\/\/villagiardinobol.com\/wp-content\/uploads\/2025\/10\/febdd4d9-76fd-48f5-ac04-fe64edcbbe32.png","contentUrl":"https:\/\/villagiardinobol.com\/wp-content\/uploads\/2025\/10\/febdd4d9-76fd-48f5-ac04-fe64edcbbe32.png","width":67,"height":74,"caption":"Villa Giardino Bol"},"image":{"@id":"https:\/\/villagiardinobol.com\/#\/schema\/logo\/image\/"}}]}},"_links":{"self":[{"href":"https:\/\/villagiardinobol.com\/fr\/wp-json\/wp\/v2\/pages\/5202","targetHints":{"allow":["GET"]}}],"collection":[{"href":"https:\/\/villagiardinobol.com\/fr\/wp-json\/wp\/v2\/pages"}],"about":[{"href":"https:\/\/villagiardinobol.com\/fr\/wp-json\/wp\/v2\/types\/page"}],"author":[{"embeddable":true,"href":"https:\/\/villagiardinobol.com\/fr\/wp-json\/wp\/v2\/users\/1"}],"replies":[{"embeddable":true,"href":"https:\/\/villagiardinobol.com\/fr\/wp-json\/wp\/v2\/comments?post=5202"}],"version-history":[{"count":0,"href":"https:\/\/villagiardinobol.com\/fr\/wp-json\/wp\/v2\/pages\/5202\/revisions"}],"wp:attachment":[{"href":"https:\/\/villagiardinobol.com\/fr\/wp-json\/wp\/v2\/media?parent=5202"}],"curies":[{"name":"wp","href":"https:\/\/api.w.org\/{rel}","templated":true}]}}