{"id":3,"date":"2025-10-08T08:09:00","date_gmt":"2025-10-08T08:09:00","guid":{"rendered":"https:\/\/villagiardinobol.com\/?page_id=3"},"modified":"2025-11-07T09:01:40","modified_gmt":"2025-11-07T08:01:40","slug":"politica-sulla-riservatezza","status":"publish","type":"page","link":"https:\/\/villagiardinobol.com\/it\/politica-sulla-riservatezza\/","title":{"rendered":"politica sulla riservatezza"},"content":{"rendered":"<div data-elementor-type=\"wp-page\" data-elementor-id=\"3\" class=\"elementor elementor-3\" data-elementor-post-type=\"page\">\n\t\t\t\t<div class=\"elementor-element elementor-element-59e94940 e-flex e-con-boxed e-con e-parent\" data-id=\"59e94940\" data-element_type=\"container\" data-e-type=\"container\">\n\t\t\t\t\t<div class=\"e-con-inner\">\n\t\t\t\t<div class=\"elementor-element elementor-element-5ecf3ca elementor-widget elementor-widget-text-editor\" data-id=\"5ecf3ca\" data-element_type=\"widget\" data-e-type=\"widget\" data-widget_type=\"text-editor.default\">\n\t\t\t\t\t\t\t\t\t<h3><strong>politica sulla riservatezza<\/strong><\/h3>\n<p>VGB doo, Novi put 2, 21420 Bol, OIB: 01078800324 (di seguito: Villa Giardino) rispetta la tua privacy e desidera informarti sui dati personali che raccoglie e sulle modalit\u00e0 di protezione degli stessi. Ai sensi del Regolamento generale sulla protezione dei dati (OG 42\/18), Villa Giardino si impegna a proteggere la privacy e i dati personali di tutti i suoi ospiti.<\/p>\n<p>Villa Giardino rispetta la tua privacy e adotta misure appropriate per garantire che i tuoi dati personali siano sempre al sicuro. Garantiamo che i tuoi dati saranno trattati con la massima cura. Non vendiamo, affittiamo, prestiamo, scambiamo o cediamo in leasing i dati personali e\/o di contatto raccolti sul nostro sito di prenotazione.<\/p>\n<h3><strong>Responsabile della protezione dei dati<\/strong><\/h3>\n<p>Villa Giardino \u00e8 un Responsabile della Protezione dei Dati ai sensi del Regolamento Generale sulla Protezione dei Dati (GDPR, UE 2016\/679). In merito al trattamento dei tuoi dati personali, puoi contattarci inviando una richiesta scritta al Responsabile della Protezione dei Dati:<\/p>\n<ul>\n<li>via e-mail: <a href=\"mailto:hello@vgb.hr\">hello@vgb.hr<\/a><\/li>\n<li>all&#039;indirizzo: Novi put 2, 21420 Bol, per il responsabile della protezione dei dati<\/li>\n<\/ul>\n<h3><strong><br \/><\/strong><strong>Finalit\u00e0 della raccolta dei dati personali<br \/><\/strong><\/h3>\n<p>Villa Giardino \u00e8 tenuta a raccogliere i vostri dati personali ai fini dell&#039;attuazione delle normative in materia di ospitalit\u00e0, mentre alcuni dati potrebbero essere raccolti anche per altre finalit\u00e0, previo consenso espresso dell&#039;ospite. I dati vengono raccolti per le seguenti finalit\u00e0:<\/p>\n<ul>\n<li>conformit\u00e0 alle normative legali<\/li>\n<li>marketing diretto<\/li>\n<li>migliorare e personalizzare i servizi agli ospiti<\/li>\n<\/ul>\n<p>Villa Giardino raccoglie i tuoi dati quando:<\/p>\n<ul>\n<li>prenotazioni di alloggi tramite e-mail, sito web o telefono<\/li>\n<li>check-in alla reception<\/li>\n<\/ul>\n<p><br \/>Villa Giardino raccoglie i dati che devono essere forniti obbligatoriamente per fornire i servizi di alloggio secondo le normative di legge. Se non vengono fornite le informazioni minime necessarie per registrare l&#039;ospite nei relativi registri, non saremo in grado di fornire il servizio di alloggio.<\/p>\n<p>Registrandosi alla reception, acconsenti alla presentazione di documenti di identit\u00e0 personali ai fini della registrazione dei dati turistici nel sistema informativo eVisitor (Legge sulla tassa di soggiorno, NN 152\/08). I tuoi dati personali vengono raccolti per l&#039;elaborazione statistica e utilizzati esclusivamente dagli enti turistici, dagli enti pubblici e dai ministeri responsabili di questa procedura (Ministero del Turismo e Ispettorato del Turismo, Ministero dell&#039;Interno e Ministero delle Finanze - Amministrazione doganale).<\/p>\n<h3><strong>Divulgazione dell&#039;identit\u00e0<\/strong><\/h3>\n<p>Villa Giardino non divulga l&#039;identit\u00e0 dei propri clienti. Tuttavia, potremmo divulgare i vostri dati personali nei casi in cui abbiamo ricevuto il vostro esplicito consenso o quando siamo obbligati a rispondere a richieste di enti governativi\/autorit\u00e0 pubbliche.<\/p>\n<h3><strong>E-mail<\/strong><\/h3>\n<p>Iscrivendoti alla nostra mailing list, acconsenti liberamente e volontariamente alla raccolta e al trattamento dei tuoi dati personali da parte di Villa Giardino per finalit\u00e0 di campagne di marketing.<\/p>\n<h3><strong>Controllo dei dati<\/strong><\/h3>\n<p>Puoi richiedere di rivedere, aggiornare, modificare o cancellare i tuoi dati personali in qualsiasi momento. Fino ad allora, utilizzeremo i tuoi dati registrati per le finalit\u00e0 sopra elencate. Puoi contattarci in qualsiasi momento inviando una richiesta scritta al Responsabile della Protezione dei Dati:<\/p>\n<ul>\n<li>via e-mail: <a href=\"mailto:hello@vgb.hr\">hello@vgb.hr<\/a><\/li>\n<li>all&#039;indirizzo: VGB doo, Novi put 2, 21420 Bol, per il responsabile della protezione dei dati<\/li>\n<\/ul>\n<h3><strong>Disposizioni di legge<\/strong><\/h3>\n<p>Utilizziamo le tecnologie pi\u00f9 moderne e sicure disponibili. Tuttavia, poich\u00e9 il sito \u00e8 accessibile al pubblico, non possiamo assumerci la responsabilit\u00e0 per malfunzionamenti causati da componenti dannosi, virus e spyware presenti su Internet. Ti consigliamo di proteggere i tuoi dati e\/o il tuo sistema installando un software antivirus.<\/p>\n<p>L&#039;utente accetta che Villa Giardino non \u00e8 responsabile per eventuali guasti causati da interruzioni dei servizi telefonici e Internet, problemi con l&#039;ISP, problemi elettronici o hardware o qualsiasi altro guasto.<\/p>\n<p>Villa Giardino \u00e8 un servizio web pubblico e pertanto soggetto a disponibilit\u00e0. Pertanto, non siamo responsabili per eventuali danni diretti, indiretti, incidentali, speciali o commerciali, inclusa la perdita di profitti, derivanti dall&#039;utilizzo di questo sito o dall&#039;impossibilit\u00e0 di utilizzarlo.<\/p>\n<p>Villa Giardino si riserva il diritto di modificare qualsiasi informazione contenuta nel presente documento e pubblicher\u00e0 una versione rivista sul sito.<\/p>\t\t\t\t\t\t\t\t<\/div>\n\t\t\t\t\t<\/div>\n\t\t\t\t<\/div>\n\t\t\t\t<\/div>","protected":false},"excerpt":{"rendered":"<p>Politika privatnosti V.G.B. d.o.o., Novi put 2, 21420 Bol, OIB: 01078800324 (u daljnjem tekstu: Villa Giardino) po\u0161tuje va\u0161u privatnost i \u017eeli vas informirati koje osobne podatke prikuplja te kako \u0107e va\u0161i osobni podaci biti za\u0161ti\u0107eni. Prema Op\u0107oj uredbi o za\u0161titi podataka (NN 42\/18), Villa Giardino obvezuje se brinuti o privatnosti i osobnim podacima svih svojih &#8230;<\/p>","protected":false},"author":1,"featured_media":0,"parent":0,"menu_order":0,"comment_status":"closed","ping_status":"open","template":"template-wide-content.php","meta":{"_monsterinsights_skip_tracking":false,"_monsterinsights_sitenote_active":false,"_monsterinsights_sitenote_note":"","_monsterinsights_sitenote_category":0,"cozystay_single_page_hide_site_header":"","cozystay_single_page_site_header_source":"","cozystay_single_page_custom_site_header":"0","cozystay_single_page_custom_sticky_site_header":"0","cozystay_single_page_hide_page_title":"","cozystay_single_page_header_section_size":"","cozystay_single_page_header_background_color":"","cozystay_single_page_header_background_position_x":"center","cozystay_single_page_header_background_position_y":"center","cozystay_single_page_header_background_size":"cover","cozystay_single_page_header_background_repeat":"off","cozystay_single_page_header_background_scroll":"on","cozystay_single_page_header_text_color":"","cozystay_single_page_header_show_breadcrumb":"","cozystay_single_page_site_footer_hide_main":"","cozystay_single_custom_site_footer_main_source":"","cozystay_single_custom_site_footer_main":"0","cozystay_single_page_site_footer_hide_above":"","cozystay_single_custom_site_footer_above_source":"","cozystay_single_custom_site_footer_above":"0","cozystay_single_page_site_footer_hide_instagram":"","cozystay_single_page_site_footer_hide_bottom":"","cozystay_single_custom_mobile_menu_source":"","cozystay_single_custom_mobile_menu":"0","cozystay_single_custom_mobile_menu_animation":"","cozystay_single_custom_mobile_menu_width":"","cozystay_single_custom_mobile_menu_custom_width":375,"footnotes":""},"class_list":["post-3","page","type-page","status-publish","hentry"],"yoast_head":"<!-- This site is optimized with the Yoast SEO plugin v26.9 - https:\/\/yoast.com\/product\/yoast-seo-wordpress\/ -->\n<title>Politika privatnosti - Villa Giardino Bol<\/title>\n<meta name=\"robots\" content=\"index, follow, max-snippet:-1, max-image-preview:large, max-video-preview:-1\" \/>\n<link rel=\"canonical\" href=\"https:\/\/villagiardinobol.com\/it\/politica-sulla-riservatezza\/\" \/>\n<meta property=\"og:locale\" content=\"it_IT\" \/>\n<meta property=\"og:type\" content=\"article\" \/>\n<meta property=\"og:title\" content=\"Politika privatnosti - Villa Giardino Bol\" \/>\n<meta property=\"og:description\" content=\"Politika privatnosti V.G.B. d.o.o., Novi put 2, 21420 Bol, OIB: 01078800324 (u daljnjem tekstu: Villa Giardino) po\u0161tuje va\u0161u privatnost i \u017eeli vas informirati koje osobne podatke prikuplja te kako \u0107e va\u0161i osobni podaci biti za\u0161ti\u0107eni. Prema Op\u0107oj uredbi o za\u0161titi podataka (NN 42\/18), Villa Giardino obvezuje se brinuti o privatnosti i osobnim podacima svih svojih ...\" \/>\n<meta property=\"og:url\" content=\"https:\/\/villagiardinobol.com\/it\/politica-sulla-riservatezza\/\" \/>\n<meta property=\"og:site_name\" content=\"Villa Giardino Bol\" \/>\n<meta property=\"article:modified_time\" content=\"2025-11-07T08:01:40+00:00\" \/>\n<meta name=\"twitter:card\" content=\"summary_large_image\" \/>\n<meta name=\"twitter:label1\" content=\"Tempo di lettura stimato\" \/>\n\t<meta name=\"twitter:data1\" content=\"4 minuti\" \/>\n<script type=\"application\/ld+json\" class=\"yoast-schema-graph\">{\"@context\":\"https:\/\/schema.org\",\"@graph\":[{\"@type\":\"WebPage\",\"@id\":\"https:\/\/villagiardinobol.com\/politika-privatnosti\/\",\"url\":\"https:\/\/villagiardinobol.com\/politika-privatnosti\/\",\"name\":\"Politika privatnosti - Villa Giardino Bol\",\"isPartOf\":{\"@id\":\"https:\/\/villagiardinobol.com\/#website\"},\"datePublished\":\"2025-10-08T08:09:00+00:00\",\"dateModified\":\"2025-11-07T08:01:40+00:00\",\"breadcrumb\":{\"@id\":\"https:\/\/villagiardinobol.com\/politika-privatnosti\/#breadcrumb\"},\"inLanguage\":\"it-IT\",\"potentialAction\":[{\"@type\":\"ReadAction\",\"target\":[\"https:\/\/villagiardinobol.com\/politika-privatnosti\/\"]}]},{\"@type\":\"BreadcrumbList\",\"@id\":\"https:\/\/villagiardinobol.com\/politika-privatnosti\/#breadcrumb\",\"itemListElement\":[{\"@type\":\"ListItem\",\"position\":1,\"name\":\"Home\",\"item\":\"https:\/\/villagiardinobol.com\/\"},{\"@type\":\"ListItem\",\"position\":2,\"name\":\"Politika privatnosti\"}]},{\"@type\":\"WebSite\",\"@id\":\"https:\/\/villagiardinobol.com\/#website\",\"url\":\"https:\/\/villagiardinobol.com\/\",\"name\":\"Villa Giardino Bol\",\"description\":\"Heritage Boutique Hotel Bol\",\"publisher\":{\"@id\":\"https:\/\/villagiardinobol.com\/#organization\"},\"potentialAction\":[{\"@type\":\"SearchAction\",\"target\":{\"@type\":\"EntryPoint\",\"urlTemplate\":\"https:\/\/villagiardinobol.com\/?s={search_term_string}\"},\"query-input\":{\"@type\":\"PropertyValueSpecification\",\"valueRequired\":true,\"valueName\":\"search_term_string\"}}],\"inLanguage\":\"it-IT\"},{\"@type\":\"Organization\",\"@id\":\"https:\/\/villagiardinobol.com\/#organization\",\"name\":\"Villa Giardino Bol\",\"url\":\"https:\/\/villagiardinobol.com\/\",\"logo\":{\"@type\":\"ImageObject\",\"inLanguage\":\"it-IT\",\"@id\":\"https:\/\/villagiardinobol.com\/#\/schema\/logo\/image\/\",\"url\":\"https:\/\/villagiardinobol.com\/wp-content\/uploads\/2025\/10\/febdd4d9-76fd-48f5-ac04-fe64edcbbe32.png\",\"contentUrl\":\"https:\/\/villagiardinobol.com\/wp-content\/uploads\/2025\/10\/febdd4d9-76fd-48f5-ac04-fe64edcbbe32.png\",\"width\":67,\"height\":74,\"caption\":\"Villa Giardino Bol\"},\"image\":{\"@id\":\"https:\/\/villagiardinobol.com\/#\/schema\/logo\/image\/\"}}]}<\/script>\n<!-- \/ Yoast SEO plugin. -->","yoast_head_json":{"title":"Informativa sulla privacy - Villa Giardino Bol","robots":{"index":"index","follow":"follow","max-snippet":"max-snippet:-1","max-image-preview":"max-image-preview:large","max-video-preview":"max-video-preview:-1"},"canonical":"https:\/\/villagiardinobol.com\/it\/politica-sulla-riservatezza\/","og_locale":"it_IT","og_type":"article","og_title":"Politika privatnosti - Villa Giardino Bol","og_description":"Politika privatnosti V.G.B. d.o.o., Novi put 2, 21420 Bol, OIB: 01078800324 (u daljnjem tekstu: Villa Giardino) po\u0161tuje va\u0161u privatnost i \u017eeli vas informirati koje osobne podatke prikuplja te kako \u0107e va\u0161i osobni podaci biti za\u0161ti\u0107eni. Prema Op\u0107oj uredbi o za\u0161titi podataka (NN 42\/18), Villa Giardino obvezuje se brinuti o privatnosti i osobnim podacima svih svojih ...","og_url":"https:\/\/villagiardinobol.com\/it\/politica-sulla-riservatezza\/","og_site_name":"Villa Giardino Bol","article_modified_time":"2025-11-07T08:01:40+00:00","twitter_card":"summary_large_image","twitter_misc":{"Tempo di lettura stimato":"4 minuti"},"schema":{"@context":"https:\/\/schema.org","@graph":[{"@type":"WebPage","@id":"https:\/\/villagiardinobol.com\/politika-privatnosti\/","url":"https:\/\/villagiardinobol.com\/politika-privatnosti\/","name":"Informativa sulla privacy - Villa Giardino Bol","isPartOf":{"@id":"https:\/\/villagiardinobol.com\/#website"},"datePublished":"2025-10-08T08:09:00+00:00","dateModified":"2025-11-07T08:01:40+00:00","breadcrumb":{"@id":"https:\/\/villagiardinobol.com\/politika-privatnosti\/#breadcrumb"},"inLanguage":"it-IT","potentialAction":[{"@type":"ReadAction","target":["https:\/\/villagiardinobol.com\/politika-privatnosti\/"]}]},{"@type":"BreadcrumbList","@id":"https:\/\/villagiardinobol.com\/politika-privatnosti\/#breadcrumb","itemListElement":[{"@type":"ListItem","position":1,"name":"Home","item":"https:\/\/villagiardinobol.com\/"},{"@type":"ListItem","position":2,"name":"Politika privatnosti"}]},{"@type":"WebSite","@id":"https:\/\/villagiardinobol.com\/#website","url":"https:\/\/villagiardinobol.com\/","name":"Villa Garden Bol","description":"Heritage Boutique Hotel Bol","publisher":{"@id":"https:\/\/villagiardinobol.com\/#organization"},"potentialAction":[{"@type":"SearchAction","target":{"@type":"EntryPoint","urlTemplate":"https:\/\/villagiardinobol.com\/?s={search_term_string}"},"query-input":{"@type":"PropertyValueSpecification","valueRequired":true,"valueName":"search_term_string"}}],"inLanguage":"it-IT"},{"@type":"Organization","@id":"https:\/\/villagiardinobol.com\/#organization","name":"Villa Garden Bol","url":"https:\/\/villagiardinobol.com\/","logo":{"@type":"ImageObject","inLanguage":"it-IT","@id":"https:\/\/villagiardinobol.com\/#\/schema\/logo\/image\/","url":"https:\/\/villagiardinobol.com\/wp-content\/uploads\/2025\/10\/febdd4d9-76fd-48f5-ac04-fe64edcbbe32.png","contentUrl":"https:\/\/villagiardinobol.com\/wp-content\/uploads\/2025\/10\/febdd4d9-76fd-48f5-ac04-fe64edcbbe32.png","width":67,"height":74,"caption":"Villa Giardino Bol"},"image":{"@id":"https:\/\/villagiardinobol.com\/#\/schema\/logo\/image\/"}}]}},"_links":{"self":[{"href":"https:\/\/villagiardinobol.com\/it\/wp-json\/wp\/v2\/pages\/3","targetHints":{"allow":["GET"]}}],"collection":[{"href":"https:\/\/villagiardinobol.com\/it\/wp-json\/wp\/v2\/pages"}],"about":[{"href":"https:\/\/villagiardinobol.com\/it\/wp-json\/wp\/v2\/types\/page"}],"author":[{"embeddable":true,"href":"https:\/\/villagiardinobol.com\/it\/wp-json\/wp\/v2\/users\/1"}],"replies":[{"embeddable":true,"href":"https:\/\/villagiardinobol.com\/it\/wp-json\/wp\/v2\/comments?post=3"}],"version-history":[{"count":0,"href":"https:\/\/villagiardinobol.com\/it\/wp-json\/wp\/v2\/pages\/3\/revisions"}],"wp:attachment":[{"href":"https:\/\/villagiardinobol.com\/it\/wp-json\/wp\/v2\/media?parent=3"}],"curies":[{"name":"wp","href":"https:\/\/api.w.org\/{rel}","templated":true}]}}