{"id":3028,"date":"2025-11-06T08:18:02","date_gmt":"2025-11-06T07:18:02","guid":{"rendered":"https:\/\/villagiardinobol.com\/?page_id=3028"},"modified":"2025-12-04T11:41:39","modified_gmt":"2025-12-04T10:41:39","slug":"condizioni-di-vendita","status":"publish","type":"page","link":"https:\/\/villagiardinobol.com\/it\/condizioni-di-vendita\/","title":{"rendered":"Condizioni di vendita"},"content":{"rendered":"<div data-elementor-type=\"wp-page\" data-elementor-id=\"3028\" class=\"elementor elementor-3028\" data-elementor-post-type=\"page\">\n\t\t\t\t<div class=\"elementor-element elementor-element-59e94940 e-flex e-con-boxed e-con e-parent\" data-id=\"59e94940\" data-element_type=\"container\" data-e-type=\"container\">\n\t\t\t\t\t<div class=\"e-con-inner\">\n\t\t\t\t<div class=\"elementor-element elementor-element-5ecf3ca elementor-widget elementor-widget-text-editor\" data-id=\"5ecf3ca\" data-element_type=\"widget\" data-e-type=\"widget\" data-widget_type=\"text-editor.default\">\n\t\t\t\t\t\t\t\t\t<h3><strong>Condizioni di vendita <\/strong><\/h3><p>Grazie per aver scelto l&#039;hotel boutique storico Villa Giardino. <br \/><br \/>Vi preghiamo di prendervi un momento per leggere le nostre Condizioni di vendita:<\/p><ul><li>Per confermare la prenotazione \u00e8 richiesta una carta di credito valida.<\/li><li>Il check-in \u00e8 possibile dalle <strong>14:00<\/strong> il giorno dell&#039;arrivo.<\/li><li>Il check-out \u00e8 fino al <strong>ore 11:00<\/strong> il giorno della partenza.<\/li><li>Il check-out posticipato potrebbe comportare un costo aggiuntivo.<\/li><li>Se desideri modificare o annullare una prenotazione confermata, puoi farlo online, in conformit\u00e0 con la nostra <strong>Termini di cancellazione<\/strong>.<\/li><li>Per ulteriori informazioni, contattare il nostro ufficio prenotazioni al numero <strong><a href=\"mailto:booking@vgb.hr\">booking@vgb.hr<\/a><\/strong><\/li><li>L&#039;hotel si riserva il diritto di rifiutare, annullare o modificare le prenotazioni che contengono o derivano da un errore.<\/li><li>Il conto finale del soggiorno vi verr\u00e0 consegnato alla reception al momento della partenza.<\/li><\/ul><h3><strong>Condizioni di cancellazione<\/strong><\/h3><p>L&#039;hotel boutique storico Villa Giardino \u00e8 un&#039;oasi nel cuore del centro storico di Bol e per noi ogni prenotazione \u00e8 importante e unica. <br \/>Essendo un piccolo boutique hotel, le cancellazioni hanno un impatto significativo. Se devi annullare il tuo soggiorno, ti preghiamo di comprendere come ti senti. <br \/>finanziariamente responsabile dell&#039;intera prenotazione, indipendentemente dal motivo.<\/p><ul><li>Le prenotazioni sono valide fino alle ore 24:00 del giorno di arrivo, salvo diversi accordi.<\/li><li><strong>Mancata presentazione:<\/strong> Verr\u00e0 addebitato l&#039;importo pari a 100% del valore totale della prenotazione.<\/li><li><strong>Cancellazione 30 giorni o pi\u00f9 prima dell&#039;arrivo:<\/strong> nessun costo (0% del valore della prenotazione).<\/li><li><strong>Cancellazione entro 0\u201330 giorni prima dell&#039;arrivo:<\/strong> Verr\u00e0 addebitato un importo pari a 100% del valore della prenotazione.<\/li><\/ul><h3><strong>Pagamento anticipato<\/strong><\/h3><ul><li>\u00c8 necessario pagare in anticipo 100% del valore della prenotazione.<\/li><li>Il pagamento pu\u00f2 essere effettuato tramite carta di credito (Visa o MasterCard) o bonifico bancario (IBAN).<\/li><li>Vi preghiamo di comunicarci il vostro metodo di pagamento preferito.<\/li><\/ul><h3><strong>Prenotazioni<\/strong><\/h3><ul><li>Le prenotazioni non possono essere garantite senza pagamento anticipato.<\/li><li>La tua prenotazione sar\u00e0 confermata dopo aver ricevuto il pagamento.<\/li><\/ul><h3>Condizioni di soggiorno per i bambini<\/h3><p>Bambini di et\u00e0 compresa tra <strong>7 anni e pi\u00f9<\/strong> Benvenuti all&#039;hotel boutique storico Villa Giardino.<\/p>\t\t\t\t\t\t\t\t<\/div>\n\t\t\t\t\t<\/div>\n\t\t\t\t<\/div>\n\t\t\t\t<\/div>","protected":false},"excerpt":{"rendered":"<p>Uvjeti prodaje Hvala vam \u0161to ste odabrali Villa Giardino heritage boutique hotel. Molimo vas da odvojite trenutak i pro\u010ditate na\u0161e Uvjete prodaje: Za potvrdu rezervacije potrebna je va\u017ee\u0107a kreditna kartica. Prijava (check-in) mogu\u0107a je od 14:00 sati na dan dolaska. Odjava (check-out) je do 11:00 sati na dan odlaska. Kasna odjava mo\u017ee biti dodatno napla\u0107ena. &#8230;<\/p>","protected":false},"author":1,"featured_media":0,"parent":0,"menu_order":0,"comment_status":"closed","ping_status":"open","template":"template-wide-content.php","meta":{"_monsterinsights_skip_tracking":false,"_monsterinsights_sitenote_active":false,"_monsterinsights_sitenote_note":"","_monsterinsights_sitenote_category":0,"cozystay_single_page_hide_site_header":"","cozystay_single_page_site_header_source":"","cozystay_single_page_custom_site_header":"0","cozystay_single_page_custom_sticky_site_header":"0","cozystay_single_page_hide_page_title":"","cozystay_single_page_header_section_size":"","cozystay_single_page_header_background_color":"","cozystay_single_page_header_background_position_x":"center","cozystay_single_page_header_background_position_y":"center","cozystay_single_page_header_background_size":"cover","cozystay_single_page_header_background_repeat":"off","cozystay_single_page_header_background_scroll":"on","cozystay_single_page_header_text_color":"","cozystay_single_page_header_show_breadcrumb":"","cozystay_single_page_site_footer_hide_main":"","cozystay_single_custom_site_footer_main_source":"","cozystay_single_custom_site_footer_main":"0","cozystay_single_page_site_footer_hide_above":"","cozystay_single_custom_site_footer_above_source":"","cozystay_single_custom_site_footer_above":"0","cozystay_single_page_site_footer_hide_instagram":"","cozystay_single_page_site_footer_hide_bottom":"","cozystay_single_custom_mobile_menu_source":"","cozystay_single_custom_mobile_menu":"0","cozystay_single_custom_mobile_menu_animation":"","cozystay_single_custom_mobile_menu_width":"","cozystay_single_custom_mobile_menu_custom_width":375,"footnotes":""},"class_list":["post-3028","page","type-page","status-publish","hentry"],"yoast_head":"<!-- This site is optimized with the Yoast SEO plugin v26.9 - https:\/\/yoast.com\/product\/yoast-seo-wordpress\/ -->\n<title>Uvjeti prodaje - Villa Giardino Bol<\/title>\n<meta name=\"robots\" content=\"index, follow, max-snippet:-1, max-image-preview:large, max-video-preview:-1\" \/>\n<link rel=\"canonical\" href=\"https:\/\/villagiardinobol.com\/it\/condizioni-di-vendita\/\" \/>\n<meta property=\"og:locale\" content=\"it_IT\" \/>\n<meta property=\"og:type\" content=\"article\" \/>\n<meta property=\"og:title\" content=\"Uvjeti prodaje - Villa Giardino Bol\" \/>\n<meta property=\"og:description\" content=\"Uvjeti prodaje Hvala vam \u0161to ste odabrali Villa Giardino heritage boutique hotel. Molimo vas da odvojite trenutak i pro\u010ditate na\u0161e Uvjete prodaje: Za potvrdu rezervacije potrebna je va\u017ee\u0107a kreditna kartica. Prijava (check-in) mogu\u0107a je od 14:00 sati na dan dolaska. Odjava (check-out) je do 11:00 sati na dan odlaska. Kasna odjava mo\u017ee biti dodatno napla\u0107ena. ...\" \/>\n<meta property=\"og:url\" content=\"https:\/\/villagiardinobol.com\/it\/condizioni-di-vendita\/\" \/>\n<meta property=\"og:site_name\" content=\"Villa Giardino Bol\" \/>\n<meta property=\"article:modified_time\" content=\"2025-12-04T10:41:39+00:00\" \/>\n<meta name=\"twitter:card\" content=\"summary_large_image\" \/>\n<meta name=\"twitter:label1\" content=\"Tempo di lettura stimato\" \/>\n\t<meta name=\"twitter:data1\" content=\"2 minuti\" \/>\n<script type=\"application\/ld+json\" class=\"yoast-schema-graph\">{\"@context\":\"https:\/\/schema.org\",\"@graph\":[{\"@type\":\"WebPage\",\"@id\":\"https:\/\/villagiardinobol.com\/uvjeti-prodaje\/\",\"url\":\"https:\/\/villagiardinobol.com\/uvjeti-prodaje\/\",\"name\":\"Uvjeti prodaje - Villa Giardino Bol\",\"isPartOf\":{\"@id\":\"https:\/\/villagiardinobol.com\/#website\"},\"datePublished\":\"2025-11-06T07:18:02+00:00\",\"dateModified\":\"2025-12-04T10:41:39+00:00\",\"breadcrumb\":{\"@id\":\"https:\/\/villagiardinobol.com\/uvjeti-prodaje\/#breadcrumb\"},\"inLanguage\":\"it-IT\",\"potentialAction\":[{\"@type\":\"ReadAction\",\"target\":[\"https:\/\/villagiardinobol.com\/uvjeti-prodaje\/\"]}]},{\"@type\":\"BreadcrumbList\",\"@id\":\"https:\/\/villagiardinobol.com\/uvjeti-prodaje\/#breadcrumb\",\"itemListElement\":[{\"@type\":\"ListItem\",\"position\":1,\"name\":\"Home\",\"item\":\"https:\/\/villagiardinobol.com\/\"},{\"@type\":\"ListItem\",\"position\":2,\"name\":\"Uvjeti prodaje\"}]},{\"@type\":\"WebSite\",\"@id\":\"https:\/\/villagiardinobol.com\/#website\",\"url\":\"https:\/\/villagiardinobol.com\/\",\"name\":\"Villa Giardino Bol\",\"description\":\"Heritage Boutique Hotel Bol\",\"publisher\":{\"@id\":\"https:\/\/villagiardinobol.com\/#organization\"},\"potentialAction\":[{\"@type\":\"SearchAction\",\"target\":{\"@type\":\"EntryPoint\",\"urlTemplate\":\"https:\/\/villagiardinobol.com\/?s={search_term_string}\"},\"query-input\":{\"@type\":\"PropertyValueSpecification\",\"valueRequired\":true,\"valueName\":\"search_term_string\"}}],\"inLanguage\":\"it-IT\"},{\"@type\":\"Organization\",\"@id\":\"https:\/\/villagiardinobol.com\/#organization\",\"name\":\"Villa Giardino Bol\",\"url\":\"https:\/\/villagiardinobol.com\/\",\"logo\":{\"@type\":\"ImageObject\",\"inLanguage\":\"it-IT\",\"@id\":\"https:\/\/villagiardinobol.com\/#\/schema\/logo\/image\/\",\"url\":\"https:\/\/villagiardinobol.com\/wp-content\/uploads\/2025\/10\/febdd4d9-76fd-48f5-ac04-fe64edcbbe32.png\",\"contentUrl\":\"https:\/\/villagiardinobol.com\/wp-content\/uploads\/2025\/10\/febdd4d9-76fd-48f5-ac04-fe64edcbbe32.png\",\"width\":67,\"height\":74,\"caption\":\"Villa Giardino Bol\"},\"image\":{\"@id\":\"https:\/\/villagiardinobol.com\/#\/schema\/logo\/image\/\"}}]}<\/script>\n<!-- \/ Yoast SEO plugin. -->","yoast_head_json":{"title":"Condizioni di vendita - Villa Giardino Bol","robots":{"index":"index","follow":"follow","max-snippet":"max-snippet:-1","max-image-preview":"max-image-preview:large","max-video-preview":"max-video-preview:-1"},"canonical":"https:\/\/villagiardinobol.com\/it\/condizioni-di-vendita\/","og_locale":"it_IT","og_type":"article","og_title":"Uvjeti prodaje - Villa Giardino Bol","og_description":"Uvjeti prodaje Hvala vam \u0161to ste odabrali Villa Giardino heritage boutique hotel. Molimo vas da odvojite trenutak i pro\u010ditate na\u0161e Uvjete prodaje: Za potvrdu rezervacije potrebna je va\u017ee\u0107a kreditna kartica. Prijava (check-in) mogu\u0107a je od 14:00 sati na dan dolaska. Odjava (check-out) je do 11:00 sati na dan odlaska. Kasna odjava mo\u017ee biti dodatno napla\u0107ena. ...","og_url":"https:\/\/villagiardinobol.com\/it\/condizioni-di-vendita\/","og_site_name":"Villa Giardino Bol","article_modified_time":"2025-12-04T10:41:39+00:00","twitter_card":"summary_large_image","twitter_misc":{"Tempo di lettura stimato":"2 minuti"},"schema":{"@context":"https:\/\/schema.org","@graph":[{"@type":"WebPage","@id":"https:\/\/villagiardinobol.com\/uvjeti-prodaje\/","url":"https:\/\/villagiardinobol.com\/uvjeti-prodaje\/","name":"Condizioni di vendita - Villa Giardino Bol","isPartOf":{"@id":"https:\/\/villagiardinobol.com\/#website"},"datePublished":"2025-11-06T07:18:02+00:00","dateModified":"2025-12-04T10:41:39+00:00","breadcrumb":{"@id":"https:\/\/villagiardinobol.com\/uvjeti-prodaje\/#breadcrumb"},"inLanguage":"it-IT","potentialAction":[{"@type":"ReadAction","target":["https:\/\/villagiardinobol.com\/uvjeti-prodaje\/"]}]},{"@type":"BreadcrumbList","@id":"https:\/\/villagiardinobol.com\/uvjeti-prodaje\/#breadcrumb","itemListElement":[{"@type":"ListItem","position":1,"name":"Home","item":"https:\/\/villagiardinobol.com\/"},{"@type":"ListItem","position":2,"name":"Uvjeti prodaje"}]},{"@type":"WebSite","@id":"https:\/\/villagiardinobol.com\/#website","url":"https:\/\/villagiardinobol.com\/","name":"Villa Garden Bol","description":"Heritage Boutique Hotel Bol","publisher":{"@id":"https:\/\/villagiardinobol.com\/#organization"},"potentialAction":[{"@type":"SearchAction","target":{"@type":"EntryPoint","urlTemplate":"https:\/\/villagiardinobol.com\/?s={search_term_string}"},"query-input":{"@type":"PropertyValueSpecification","valueRequired":true,"valueName":"search_term_string"}}],"inLanguage":"it-IT"},{"@type":"Organization","@id":"https:\/\/villagiardinobol.com\/#organization","name":"Villa Garden Bol","url":"https:\/\/villagiardinobol.com\/","logo":{"@type":"ImageObject","inLanguage":"it-IT","@id":"https:\/\/villagiardinobol.com\/#\/schema\/logo\/image\/","url":"https:\/\/villagiardinobol.com\/wp-content\/uploads\/2025\/10\/febdd4d9-76fd-48f5-ac04-fe64edcbbe32.png","contentUrl":"https:\/\/villagiardinobol.com\/wp-content\/uploads\/2025\/10\/febdd4d9-76fd-48f5-ac04-fe64edcbbe32.png","width":67,"height":74,"caption":"Villa Giardino Bol"},"image":{"@id":"https:\/\/villagiardinobol.com\/#\/schema\/logo\/image\/"}}]}},"_links":{"self":[{"href":"https:\/\/villagiardinobol.com\/it\/wp-json\/wp\/v2\/pages\/3028","targetHints":{"allow":["GET"]}}],"collection":[{"href":"https:\/\/villagiardinobol.com\/it\/wp-json\/wp\/v2\/pages"}],"about":[{"href":"https:\/\/villagiardinobol.com\/it\/wp-json\/wp\/v2\/types\/page"}],"author":[{"embeddable":true,"href":"https:\/\/villagiardinobol.com\/it\/wp-json\/wp\/v2\/users\/1"}],"replies":[{"embeddable":true,"href":"https:\/\/villagiardinobol.com\/it\/wp-json\/wp\/v2\/comments?post=3028"}],"version-history":[{"count":0,"href":"https:\/\/villagiardinobol.com\/it\/wp-json\/wp\/v2\/pages\/3028\/revisions"}],"wp:attachment":[{"href":"https:\/\/villagiardinobol.com\/it\/wp-json\/wp\/v2\/media?parent=3028"}],"curies":[{"name":"wp","href":"https:\/\/api.w.org\/{rel}","templated":true}]}}