{"id":3,"date":"2025-10-08T08:09:00","date_gmt":"2025-10-08T08:09:00","guid":{"rendered":"https:\/\/villagiardinobol.com\/?page_id=3"},"modified":"2025-11-07T09:01:40","modified_gmt":"2025-11-07T08:01:40","slug":"politica-de-privacidade","status":"publish","type":"page","link":"https:\/\/villagiardinobol.com\/pt\/politica-de-privacidade\/","title":{"rendered":"pol\u00edtica de Privacidade"},"content":{"rendered":"<div data-elementor-type=\"wp-page\" data-elementor-id=\"3\" class=\"elementor elementor-3\" data-elementor-post-type=\"page\">\n\t\t\t\t<div class=\"elementor-element elementor-element-59e94940 e-flex e-con-boxed e-con e-parent\" data-id=\"59e94940\" data-element_type=\"container\" data-e-type=\"container\">\n\t\t\t\t\t<div class=\"e-con-inner\">\n\t\t\t\t<div class=\"elementor-element elementor-element-5ecf3ca elementor-widget elementor-widget-text-editor\" data-id=\"5ecf3ca\" data-element_type=\"widget\" data-e-type=\"widget\" data-widget_type=\"text-editor.default\">\n\t\t\t\t\t\t\t\t\t<h3><strong>pol\u00edtica de Privacidade<\/strong><\/h3>\n<p>A VGB doo, Novi put 2, 21420 Bol, OIB: 01078800324 (doravante: Villa Giardino) respeita a sua privacidade e gostaria de informar quais dados pessoais coleta e como eles ser\u00e3o protegidos. De acordo com o Regulamento Geral de Prote\u00e7\u00e3o de Dados (RGPD 42\/18), a Villa Giardino est\u00e1 comprometida em proteger a privacidade e os dados pessoais de todos os seus h\u00f3spedes.<\/p>\n<p>A Villa Giardino respeita a sua privacidade e toma as medidas adequadas para garantir que as suas informa\u00e7\u00f5es pessoais estejam sempre seguras. Garantimos que as suas informa\u00e7\u00f5es s\u00e3o tratadas com o m\u00e1ximo cuidado. N\u00e3o vendemos, alugamos, emprestamos, trocamos ou cedemos informa\u00e7\u00f5es pessoais e\/ou de contato coletadas em nosso site de reservas.<\/p>\n<h3><strong>Encarregado da Prote\u00e7\u00e3o de Dados<\/strong><\/h3>\n<p>A Villa Giardino \u00e9 Encarregada da Prote\u00e7\u00e3o de Dados em conformidade com o Regulamento Geral de Prote\u00e7\u00e3o de Dados (RGPD, UE 2016\/679). Para obter informa\u00e7\u00f5es sobre o processamento dos seus dados pessoais, pode contactar-nos enviando um pedido por escrito ao Encarregado da Prote\u00e7\u00e3o de Dados:<\/p>\n<ul>\n<li>via e-mail: <a href=\"mailto:hello@vgb.hr\">hello@vgb.hr<\/a><\/li>\n<li>Para o endere\u00e7o: Novi put 2, 21420 Bol, ao Encarregado da Prote\u00e7\u00e3o de Dados.<\/li>\n<\/ul>\n<h3><strong><br \/><\/strong><strong>Finalidade da coleta de dados pessoais<br \/><\/strong><\/h3>\n<p>A Villa Giardino \u00e9 obrigada a coletar seus dados pessoais para fins de cumprimento das normas do setor hoteleiro, podendo alguns dados tamb\u00e9m ser coletados para outras finalidades, mediante consentimento expresso do h\u00f3spede. Os dados s\u00e3o coletados para os seguintes fins:<\/p>\n<ul>\n<li>conformidade com as normas legais<\/li>\n<li>marketing direto<\/li>\n<li>Aprimorando e personalizando os servi\u00e7os aos h\u00f3spedes.<\/li>\n<\/ul>\n<p>A Villa Giardino coleta seus dados quando:<\/p>\n<ul>\n<li>Reservas de acomoda\u00e7\u00e3o por e-mail, site ou telefone.<\/li>\n<li>Fa\u00e7a o check-in na recep\u00e7\u00e3o.<\/li>\n<\/ul>\n<p><br \/>A Villa Giardino coleta dados que devem ser fornecidos para a presta\u00e7\u00e3o de servi\u00e7os de hospedagem, conforme exigido por lei. Caso voc\u00ea n\u00e3o forne\u00e7a as informa\u00e7\u00f5es m\u00ednimas necess\u00e1rias para o cadastro do h\u00f3spede nos registros pertinentes, n\u00e3o poderemos prestar o servi\u00e7o de hospedagem.<\/p>\n<p>Ao se registrar na recep\u00e7\u00e3o, voc\u00ea concorda com a apresenta\u00e7\u00e3o de documentos de identifica\u00e7\u00e3o pessoal para fins de registro tur\u00edstico no sistema de informa\u00e7\u00f5es eVisitor (Lei do Imposto de Pernoite, NN 152\/08). Seus dados pessoais s\u00e3o coletados para processamento estat\u00edstico e utilizados exclusivamente por \u00f3rg\u00e3os de turismo, entidades p\u00fablicas e minist\u00e9rios respons\u00e1veis por este procedimento (Minist\u00e9rio do Turismo e Inspe\u00e7\u00e3o Tur\u00edstica, Minist\u00e9rio do Interior e Minist\u00e9rio da Fazenda - Administra\u00e7\u00e3o Aduaneira).<\/p>\n<h3><strong>Divulga\u00e7\u00e3o de identidade<\/strong><\/h3>\n<p>A Villa Giardino n\u00e3o divulga a identidade de seus clientes. No entanto, podemos divulgar suas informa\u00e7\u00f5es pessoais nos casos em que tivermos recebido seu consentimento expl\u00edcito ou quando formos obrigados a atender solicita\u00e7\u00f5es de \u00f3rg\u00e3os governamentais\/autoridades p\u00fablicas.<\/p>\n<h3><strong>E-mail<\/strong><\/h3>\n<p>Ao se inscrever em nossa lista de e-mails, voc\u00ea consente livre e voluntariamente que a Villa Giardino colete e processe seus dados pessoais para fins de campanhas de marketing.<\/p>\n<h3><strong>Controle de dados<\/strong><\/h3>\n<p>Voc\u00ea pode solicitar a revis\u00e3o, atualiza\u00e7\u00e3o, altera\u00e7\u00e3o ou exclus\u00e3o de suas informa\u00e7\u00f5es pessoais a qualquer momento. At\u00e9 l\u00e1, utilizaremos suas informa\u00e7\u00f5es cadastradas para os fins listados acima. Voc\u00ea pode entrar em contato conosco a qualquer momento enviando uma solicita\u00e7\u00e3o por escrito ao Encarregado de Prote\u00e7\u00e3o de Dados.<\/p>\n<ul>\n<li>via e-mail: <a href=\"mailto:hello@vgb.hr\">hello@vgb.hr<\/a><\/li>\n<li>Para o endere\u00e7o: VGB doo, Novi put 2, 21420 Bol, ao Encarregado da Prote\u00e7\u00e3o de Dados.<\/li>\n<\/ul>\n<h3><strong>Disposi\u00e7\u00f5es legais<\/strong><\/h3>\n<p>Utilizamos a tecnologia mais moderna e segura dispon\u00edvel. No entanto, como o site \u00e9 de acesso p\u00fablico, n\u00e3o podemos nos responsabilizar por eventuais falhas causadas por componentes nocivos, v\u00edrus e spyware na internet. Recomendamos que voc\u00ea proteja seus dados e\/ou sistema instalando um software antiv\u00edrus.<\/p>\n<p>O usu\u00e1rio concorda que a Villa Giardino n\u00e3o se responsabiliza por quaisquer falhas causadas por interrup\u00e7\u00e3o dos servi\u00e7os de telefone e internet, problemas com o provedor de internet, problemas eletr\u00f4nicos ou de hardware, ou quaisquer outras falhas.<\/p>\n<p>A Villa Giardino \u00e9 um servi\u00e7o web p\u00fablico e, portanto, sujeito \u00e0 disponibilidade. Assim sendo, n\u00e3o nos responsabilizamos por quaisquer danos diretos, indiretos, incidentais, especiais ou comerciais, incluindo lucros cessantes, decorrentes do uso deste site ou da impossibilidade de utiliz\u00e1-lo.<\/p>\n<p>A Villa Giardino reserva-se o direito de alterar qualquer informa\u00e7\u00e3o contida neste documento e publicar\u00e1 uma vers\u00e3o revisada no site.<\/p>\t\t\t\t\t\t\t\t<\/div>\n\t\t\t\t\t<\/div>\n\t\t\t\t<\/div>\n\t\t\t\t<\/div>","protected":false},"excerpt":{"rendered":"<p>Politika privatnosti V.G.B. d.o.o., Novi put 2, 21420 Bol, OIB: 01078800324 (u daljnjem tekstu: Villa Giardino) po\u0161tuje va\u0161u privatnost i \u017eeli vas informirati koje osobne podatke prikuplja te kako \u0107e va\u0161i osobni podaci biti za\u0161ti\u0107eni. Prema Op\u0107oj uredbi o za\u0161titi podataka (NN 42\/18), Villa Giardino obvezuje se brinuti o privatnosti i osobnim podacima svih svojih &#8230;<\/p>","protected":false},"author":1,"featured_media":0,"parent":0,"menu_order":0,"comment_status":"closed","ping_status":"open","template":"template-wide-content.php","meta":{"_monsterinsights_skip_tracking":false,"_monsterinsights_sitenote_active":false,"_monsterinsights_sitenote_note":"","_monsterinsights_sitenote_category":0,"cozystay_single_page_hide_site_header":"","cozystay_single_page_site_header_source":"","cozystay_single_page_custom_site_header":"0","cozystay_single_page_custom_sticky_site_header":"0","cozystay_single_page_hide_page_title":"","cozystay_single_page_header_section_size":"","cozystay_single_page_header_background_color":"","cozystay_single_page_header_background_position_x":"center","cozystay_single_page_header_background_position_y":"center","cozystay_single_page_header_background_size":"cover","cozystay_single_page_header_background_repeat":"off","cozystay_single_page_header_background_scroll":"on","cozystay_single_page_header_text_color":"","cozystay_single_page_header_show_breadcrumb":"","cozystay_single_page_site_footer_hide_main":"","cozystay_single_custom_site_footer_main_source":"","cozystay_single_custom_site_footer_main":"0","cozystay_single_page_site_footer_hide_above":"","cozystay_single_custom_site_footer_above_source":"","cozystay_single_custom_site_footer_above":"0","cozystay_single_page_site_footer_hide_instagram":"","cozystay_single_page_site_footer_hide_bottom":"","cozystay_single_custom_mobile_menu_source":"","cozystay_single_custom_mobile_menu":"0","cozystay_single_custom_mobile_menu_animation":"","cozystay_single_custom_mobile_menu_width":"","cozystay_single_custom_mobile_menu_custom_width":375,"footnotes":""},"class_list":["post-3","page","type-page","status-publish","hentry"],"yoast_head":"<!-- This site is optimized with the Yoast SEO plugin v26.9 - https:\/\/yoast.com\/product\/yoast-seo-wordpress\/ -->\n<title>Politika privatnosti - Villa Giardino Bol<\/title>\n<meta name=\"robots\" content=\"index, follow, max-snippet:-1, max-image-preview:large, max-video-preview:-1\" \/>\n<link rel=\"canonical\" href=\"https:\/\/villagiardinobol.com\/pt\/politica-de-privacidade\/\" \/>\n<meta property=\"og:locale\" content=\"pt_PT\" \/>\n<meta property=\"og:type\" content=\"article\" \/>\n<meta property=\"og:title\" content=\"Politika privatnosti - Villa Giardino Bol\" \/>\n<meta property=\"og:description\" content=\"Politika privatnosti V.G.B. d.o.o., Novi put 2, 21420 Bol, OIB: 01078800324 (u daljnjem tekstu: Villa Giardino) po\u0161tuje va\u0161u privatnost i \u017eeli vas informirati koje osobne podatke prikuplja te kako \u0107e va\u0161i osobni podaci biti za\u0161ti\u0107eni. Prema Op\u0107oj uredbi o za\u0161titi podataka (NN 42\/18), Villa Giardino obvezuje se brinuti o privatnosti i osobnim podacima svih svojih ...\" \/>\n<meta property=\"og:url\" content=\"https:\/\/villagiardinobol.com\/pt\/politica-de-privacidade\/\" \/>\n<meta property=\"og:site_name\" content=\"Villa Giardino Bol\" \/>\n<meta property=\"article:modified_time\" content=\"2025-11-07T08:01:40+00:00\" \/>\n<meta name=\"twitter:card\" content=\"summary_large_image\" \/>\n<meta name=\"twitter:label1\" content=\"Tempo estimado de leitura\" \/>\n\t<meta name=\"twitter:data1\" content=\"4 minutos\" \/>\n<script type=\"application\/ld+json\" class=\"yoast-schema-graph\">{\"@context\":\"https:\/\/schema.org\",\"@graph\":[{\"@type\":\"WebPage\",\"@id\":\"https:\/\/villagiardinobol.com\/politika-privatnosti\/\",\"url\":\"https:\/\/villagiardinobol.com\/politika-privatnosti\/\",\"name\":\"Politika privatnosti - Villa Giardino Bol\",\"isPartOf\":{\"@id\":\"https:\/\/villagiardinobol.com\/#website\"},\"datePublished\":\"2025-10-08T08:09:00+00:00\",\"dateModified\":\"2025-11-07T08:01:40+00:00\",\"breadcrumb\":{\"@id\":\"https:\/\/villagiardinobol.com\/politika-privatnosti\/#breadcrumb\"},\"inLanguage\":\"pt-PT\",\"potentialAction\":[{\"@type\":\"ReadAction\",\"target\":[\"https:\/\/villagiardinobol.com\/politika-privatnosti\/\"]}]},{\"@type\":\"BreadcrumbList\",\"@id\":\"https:\/\/villagiardinobol.com\/politika-privatnosti\/#breadcrumb\",\"itemListElement\":[{\"@type\":\"ListItem\",\"position\":1,\"name\":\"Home\",\"item\":\"https:\/\/villagiardinobol.com\/\"},{\"@type\":\"ListItem\",\"position\":2,\"name\":\"Politika privatnosti\"}]},{\"@type\":\"WebSite\",\"@id\":\"https:\/\/villagiardinobol.com\/#website\",\"url\":\"https:\/\/villagiardinobol.com\/\",\"name\":\"Villa Giardino Bol\",\"description\":\"Heritage Boutique Hotel Bol\",\"publisher\":{\"@id\":\"https:\/\/villagiardinobol.com\/#organization\"},\"potentialAction\":[{\"@type\":\"SearchAction\",\"target\":{\"@type\":\"EntryPoint\",\"urlTemplate\":\"https:\/\/villagiardinobol.com\/?s={search_term_string}\"},\"query-input\":{\"@type\":\"PropertyValueSpecification\",\"valueRequired\":true,\"valueName\":\"search_term_string\"}}],\"inLanguage\":\"pt-PT\"},{\"@type\":\"Organization\",\"@id\":\"https:\/\/villagiardinobol.com\/#organization\",\"name\":\"Villa Giardino Bol\",\"url\":\"https:\/\/villagiardinobol.com\/\",\"logo\":{\"@type\":\"ImageObject\",\"inLanguage\":\"pt-PT\",\"@id\":\"https:\/\/villagiardinobol.com\/#\/schema\/logo\/image\/\",\"url\":\"https:\/\/villagiardinobol.com\/wp-content\/uploads\/2025\/10\/febdd4d9-76fd-48f5-ac04-fe64edcbbe32.png\",\"contentUrl\":\"https:\/\/villagiardinobol.com\/wp-content\/uploads\/2025\/10\/febdd4d9-76fd-48f5-ac04-fe64edcbbe32.png\",\"width\":67,\"height\":74,\"caption\":\"Villa Giardino Bol\"},\"image\":{\"@id\":\"https:\/\/villagiardinobol.com\/#\/schema\/logo\/image\/\"}}]}<\/script>\n<!-- \/ Yoast SEO plugin. -->","yoast_head_json":{"title":"Pol\u00edtica de Privacidade - Villa Giardino Bol","robots":{"index":"index","follow":"follow","max-snippet":"max-snippet:-1","max-image-preview":"max-image-preview:large","max-video-preview":"max-video-preview:-1"},"canonical":"https:\/\/villagiardinobol.com\/pt\/politica-de-privacidade\/","og_locale":"pt_PT","og_type":"article","og_title":"Politika privatnosti - Villa Giardino Bol","og_description":"Politika privatnosti V.G.B. d.o.o., Novi put 2, 21420 Bol, OIB: 01078800324 (u daljnjem tekstu: Villa Giardino) po\u0161tuje va\u0161u privatnost i \u017eeli vas informirati koje osobne podatke prikuplja te kako \u0107e va\u0161i osobni podaci biti za\u0161ti\u0107eni. Prema Op\u0107oj uredbi o za\u0161titi podataka (NN 42\/18), Villa Giardino obvezuje se brinuti o privatnosti i osobnim podacima svih svojih ...","og_url":"https:\/\/villagiardinobol.com\/pt\/politica-de-privacidade\/","og_site_name":"Villa Giardino Bol","article_modified_time":"2025-11-07T08:01:40+00:00","twitter_card":"summary_large_image","twitter_misc":{"Tempo estimado de leitura":"4 minutos"},"schema":{"@context":"https:\/\/schema.org","@graph":[{"@type":"WebPage","@id":"https:\/\/villagiardinobol.com\/politika-privatnosti\/","url":"https:\/\/villagiardinobol.com\/politika-privatnosti\/","name":"Pol\u00edtica de Privacidade - Villa Giardino Bol","isPartOf":{"@id":"https:\/\/villagiardinobol.com\/#website"},"datePublished":"2025-10-08T08:09:00+00:00","dateModified":"2025-11-07T08:01:40+00:00","breadcrumb":{"@id":"https:\/\/villagiardinobol.com\/politika-privatnosti\/#breadcrumb"},"inLanguage":"pt-PT","potentialAction":[{"@type":"ReadAction","target":["https:\/\/villagiardinobol.com\/politika-privatnosti\/"]}]},{"@type":"BreadcrumbList","@id":"https:\/\/villagiardinobol.com\/politika-privatnosti\/#breadcrumb","itemListElement":[{"@type":"ListItem","position":1,"name":"Home","item":"https:\/\/villagiardinobol.com\/"},{"@type":"ListItem","position":2,"name":"Politika privatnosti"}]},{"@type":"WebSite","@id":"https:\/\/villagiardinobol.com\/#website","url":"https:\/\/villagiardinobol.com\/","name":"Villa Garden Bol","description":"Heritage Boutique Hotel Bol","publisher":{"@id":"https:\/\/villagiardinobol.com\/#organization"},"potentialAction":[{"@type":"SearchAction","target":{"@type":"EntryPoint","urlTemplate":"https:\/\/villagiardinobol.com\/?s={search_term_string}"},"query-input":{"@type":"PropertyValueSpecification","valueRequired":true,"valueName":"search_term_string"}}],"inLanguage":"pt-PT"},{"@type":"Organization","@id":"https:\/\/villagiardinobol.com\/#organization","name":"Villa Garden Bol","url":"https:\/\/villagiardinobol.com\/","logo":{"@type":"ImageObject","inLanguage":"pt-PT","@id":"https:\/\/villagiardinobol.com\/#\/schema\/logo\/image\/","url":"https:\/\/villagiardinobol.com\/wp-content\/uploads\/2025\/10\/febdd4d9-76fd-48f5-ac04-fe64edcbbe32.png","contentUrl":"https:\/\/villagiardinobol.com\/wp-content\/uploads\/2025\/10\/febdd4d9-76fd-48f5-ac04-fe64edcbbe32.png","width":67,"height":74,"caption":"Villa Giardino Bol"},"image":{"@id":"https:\/\/villagiardinobol.com\/#\/schema\/logo\/image\/"}}]}},"_links":{"self":[{"href":"https:\/\/villagiardinobol.com\/pt\/wp-json\/wp\/v2\/pages\/3","targetHints":{"allow":["GET"]}}],"collection":[{"href":"https:\/\/villagiardinobol.com\/pt\/wp-json\/wp\/v2\/pages"}],"about":[{"href":"https:\/\/villagiardinobol.com\/pt\/wp-json\/wp\/v2\/types\/page"}],"author":[{"embeddable":true,"href":"https:\/\/villagiardinobol.com\/pt\/wp-json\/wp\/v2\/users\/1"}],"replies":[{"embeddable":true,"href":"https:\/\/villagiardinobol.com\/pt\/wp-json\/wp\/v2\/comments?post=3"}],"version-history":[{"count":0,"href":"https:\/\/villagiardinobol.com\/pt\/wp-json\/wp\/v2\/pages\/3\/revisions"}],"wp:attachment":[{"href":"https:\/\/villagiardinobol.com\/pt\/wp-json\/wp\/v2\/media?parent=3"}],"curies":[{"name":"WordPress","href":"https:\/\/api.w.org\/{rel}","templated":true}]}}