{"id":3028,"date":"2025-11-06T08:18:02","date_gmt":"2025-11-06T07:18:02","guid":{"rendered":"https:\/\/villagiardinobol.com\/?page_id=3028"},"modified":"2025-12-04T11:41:39","modified_gmt":"2025-12-04T10:41:39","slug":"condicoes-de-venda","status":"publish","type":"page","link":"https:\/\/villagiardinobol.com\/pt\/condicoes-de-venda\/","title":{"rendered":"Condi\u00e7\u00f5es de venda"},"content":{"rendered":"<div data-elementor-type=\"wp-page\" data-elementor-id=\"3028\" class=\"elementor elementor-3028\" data-elementor-post-type=\"page\">\n\t\t\t\t<div class=\"elementor-element elementor-element-59e94940 e-flex e-con-boxed e-con e-parent\" data-id=\"59e94940\" data-element_type=\"container\" data-e-type=\"container\">\n\t\t\t\t\t<div class=\"e-con-inner\">\n\t\t\t\t<div class=\"elementor-element elementor-element-5ecf3ca elementor-widget elementor-widget-text-editor\" data-id=\"5ecf3ca\" data-element_type=\"widget\" data-e-type=\"widget\" data-widget_type=\"text-editor.default\">\n\t\t\t\t\t\t\t\t\t<h3><strong>Condi\u00e7\u00f5es de venda <\/strong><\/h3><p>Obrigado por escolher o hotel boutique hist\u00f3rico Villa Giardino. <br \/><br \/>Por favor, reserve um momento para ler nossos Termos de Venda:<\/p><ul><li>\u00c9 necess\u00e1rio um cart\u00e3o de cr\u00e9dito v\u00e1lido para confirmar a reserva.<\/li><li>O check-in pode ser feito a partir de <strong>14h00<\/strong> no dia da chegada.<\/li><li>O hor\u00e1rio de check-out \u00e9 at\u00e9 <strong>11h00<\/strong> no dia da partida.<\/li><li>O check-out tardio poder\u00e1 acarretar uma taxa adicional.<\/li><li>Se desejar alterar ou cancelar uma reserva confirmada, poder\u00e1 faz\u00ea-lo online, de acordo com a nossa pol\u00edtica de privacidade. <strong>Termos de cancelamento<\/strong>.<\/li><li>Para obter mais informa\u00e7\u00f5es, entre em contato com nossa central de reservas pelo telefone <strong><a href=\"mailto:booking@vgb.hr\">booking@vgb.hr<\/a><\/strong><\/li><li>O hotel reserva-se o direito de recusar, cancelar ou modificar reservas que contenham ou resultem de um erro.<\/li><li>A fatura final da sua estadia ser\u00e1 entregue na recep\u00e7\u00e3o no momento do check-out.<\/li><\/ul><h3><strong>Condi\u00e7\u00f5es de cancelamento<\/strong><\/h3><p>O hotel boutique Villa Giardino, com seu charme hist\u00f3rico, \u00e9 um o\u00e1sis no cora\u00e7\u00e3o do centro hist\u00f3rico de Bol, e cada reserva \u00e9 importante e \u00fanica para n\u00f3s. <br \/>Como um pequeno hotel boutique, os cancelamentos t\u00eam um impacto significativo. Se precisar cancelar sua estadia, por favor, compreenda como isso pode ser feito. <br \/>Voc\u00ea ser\u00e1 financeiramente respons\u00e1vel por toda a sua reserva, independentemente do motivo.<\/p><ul><li>As reservas s\u00e3o mantidas at\u00e9 \u00e0s 24:00 do dia da chegada, salvo acordo em contr\u00e1rio.<\/li><li><strong>Aus\u00eancia sem aviso pr\u00e9vio:<\/strong> Ser\u00e1 cobrado o valor de 100% do valor total da reserva.<\/li><li><strong>Cancelamento com 30 dias ou mais de anteced\u00eancia da chegada:<\/strong> Sem custo (0% do valor da reserva).<\/li><li><strong>Cancelamento entre 0 e 30 dias antes da chegada:<\/strong> Ser\u00e1 cobrado o valor de 100% da reserva.<\/li><\/ul><h3><strong>Pr\u00e9-pago<\/strong><\/h3><ul><li>\u00c9 necess\u00e1rio pagar antecipadamente 100% do valor da reserva.<\/li><li>O pagamento pode ser feito por cart\u00e3o de cr\u00e9dito (Visa ou MasterCard) ou transfer\u00eancia banc\u00e1ria (IBAN).<\/li><li>Por favor, informe-nos qual \u00e9 o seu m\u00e9todo de pagamento preferido.<\/li><\/ul><h3><strong>Reservas<\/strong><\/h3><ul><li>As reservas n\u00e3o podem ser garantidas sem pagamento antecipado.<\/li><li>Sua reserva ser\u00e1 confirmada ap\u00f3s recebermos o seu pagamento.<\/li><\/ul><h3>Condi\u00e7\u00f5es de perman\u00eancia para crian\u00e7as<\/h3><p>Crian\u00e7as com idade <strong>7 anos ou mais<\/strong> Bem-vindo ao Villa Giardino, um hotel boutique de estilo hist\u00f3rico.<\/p>\t\t\t\t\t\t\t\t<\/div>\n\t\t\t\t\t<\/div>\n\t\t\t\t<\/div>\n\t\t\t\t<\/div>","protected":false},"excerpt":{"rendered":"<p>Uvjeti prodaje Hvala vam \u0161to ste odabrali Villa Giardino heritage boutique hotel. Molimo vas da odvojite trenutak i pro\u010ditate na\u0161e Uvjete prodaje: Za potvrdu rezervacije potrebna je va\u017ee\u0107a kreditna kartica. Prijava (check-in) mogu\u0107a je od 14:00 sati na dan dolaska. Odjava (check-out) je do 11:00 sati na dan odlaska. Kasna odjava mo\u017ee biti dodatno napla\u0107ena. &#8230;<\/p>","protected":false},"author":1,"featured_media":0,"parent":0,"menu_order":0,"comment_status":"closed","ping_status":"open","template":"template-wide-content.php","meta":{"_monsterinsights_skip_tracking":false,"_monsterinsights_sitenote_active":false,"_monsterinsights_sitenote_note":"","_monsterinsights_sitenote_category":0,"cozystay_single_page_hide_site_header":"","cozystay_single_page_site_header_source":"","cozystay_single_page_custom_site_header":"0","cozystay_single_page_custom_sticky_site_header":"0","cozystay_single_page_hide_page_title":"","cozystay_single_page_header_section_size":"","cozystay_single_page_header_background_color":"","cozystay_single_page_header_background_position_x":"center","cozystay_single_page_header_background_position_y":"center","cozystay_single_page_header_background_size":"cover","cozystay_single_page_header_background_repeat":"off","cozystay_single_page_header_background_scroll":"on","cozystay_single_page_header_text_color":"","cozystay_single_page_header_show_breadcrumb":"","cozystay_single_page_site_footer_hide_main":"","cozystay_single_custom_site_footer_main_source":"","cozystay_single_custom_site_footer_main":"0","cozystay_single_page_site_footer_hide_above":"","cozystay_single_custom_site_footer_above_source":"","cozystay_single_custom_site_footer_above":"0","cozystay_single_page_site_footer_hide_instagram":"","cozystay_single_page_site_footer_hide_bottom":"","cozystay_single_custom_mobile_menu_source":"","cozystay_single_custom_mobile_menu":"0","cozystay_single_custom_mobile_menu_animation":"","cozystay_single_custom_mobile_menu_width":"","cozystay_single_custom_mobile_menu_custom_width":375,"footnotes":""},"class_list":["post-3028","page","type-page","status-publish","hentry"],"yoast_head":"<!-- This site is optimized with the Yoast SEO plugin v26.9 - https:\/\/yoast.com\/product\/yoast-seo-wordpress\/ -->\n<title>Uvjeti prodaje - Villa Giardino Bol<\/title>\n<meta name=\"robots\" content=\"index, follow, max-snippet:-1, max-image-preview:large, max-video-preview:-1\" \/>\n<link rel=\"canonical\" href=\"https:\/\/villagiardinobol.com\/pt\/condicoes-de-venda\/\" \/>\n<meta property=\"og:locale\" content=\"pt_PT\" \/>\n<meta property=\"og:type\" content=\"article\" \/>\n<meta property=\"og:title\" content=\"Uvjeti prodaje - Villa Giardino Bol\" \/>\n<meta property=\"og:description\" content=\"Uvjeti prodaje Hvala vam \u0161to ste odabrali Villa Giardino heritage boutique hotel. Molimo vas da odvojite trenutak i pro\u010ditate na\u0161e Uvjete prodaje: Za potvrdu rezervacije potrebna je va\u017ee\u0107a kreditna kartica. Prijava (check-in) mogu\u0107a je od 14:00 sati na dan dolaska. Odjava (check-out) je do 11:00 sati na dan odlaska. Kasna odjava mo\u017ee biti dodatno napla\u0107ena. ...\" \/>\n<meta property=\"og:url\" content=\"https:\/\/villagiardinobol.com\/pt\/condicoes-de-venda\/\" \/>\n<meta property=\"og:site_name\" content=\"Villa Giardino Bol\" \/>\n<meta property=\"article:modified_time\" content=\"2025-12-04T10:41:39+00:00\" \/>\n<meta name=\"twitter:card\" content=\"summary_large_image\" \/>\n<meta name=\"twitter:label1\" content=\"Tempo estimado de leitura\" \/>\n\t<meta name=\"twitter:data1\" content=\"2 minutos\" \/>\n<script type=\"application\/ld+json\" class=\"yoast-schema-graph\">{\"@context\":\"https:\/\/schema.org\",\"@graph\":[{\"@type\":\"WebPage\",\"@id\":\"https:\/\/villagiardinobol.com\/uvjeti-prodaje\/\",\"url\":\"https:\/\/villagiardinobol.com\/uvjeti-prodaje\/\",\"name\":\"Uvjeti prodaje - Villa Giardino Bol\",\"isPartOf\":{\"@id\":\"https:\/\/villagiardinobol.com\/#website\"},\"datePublished\":\"2025-11-06T07:18:02+00:00\",\"dateModified\":\"2025-12-04T10:41:39+00:00\",\"breadcrumb\":{\"@id\":\"https:\/\/villagiardinobol.com\/uvjeti-prodaje\/#breadcrumb\"},\"inLanguage\":\"pt-PT\",\"potentialAction\":[{\"@type\":\"ReadAction\",\"target\":[\"https:\/\/villagiardinobol.com\/uvjeti-prodaje\/\"]}]},{\"@type\":\"BreadcrumbList\",\"@id\":\"https:\/\/villagiardinobol.com\/uvjeti-prodaje\/#breadcrumb\",\"itemListElement\":[{\"@type\":\"ListItem\",\"position\":1,\"name\":\"Home\",\"item\":\"https:\/\/villagiardinobol.com\/\"},{\"@type\":\"ListItem\",\"position\":2,\"name\":\"Uvjeti prodaje\"}]},{\"@type\":\"WebSite\",\"@id\":\"https:\/\/villagiardinobol.com\/#website\",\"url\":\"https:\/\/villagiardinobol.com\/\",\"name\":\"Villa Giardino Bol\",\"description\":\"Heritage Boutique Hotel Bol\",\"publisher\":{\"@id\":\"https:\/\/villagiardinobol.com\/#organization\"},\"potentialAction\":[{\"@type\":\"SearchAction\",\"target\":{\"@type\":\"EntryPoint\",\"urlTemplate\":\"https:\/\/villagiardinobol.com\/?s={search_term_string}\"},\"query-input\":{\"@type\":\"PropertyValueSpecification\",\"valueRequired\":true,\"valueName\":\"search_term_string\"}}],\"inLanguage\":\"pt-PT\"},{\"@type\":\"Organization\",\"@id\":\"https:\/\/villagiardinobol.com\/#organization\",\"name\":\"Villa Giardino Bol\",\"url\":\"https:\/\/villagiardinobol.com\/\",\"logo\":{\"@type\":\"ImageObject\",\"inLanguage\":\"pt-PT\",\"@id\":\"https:\/\/villagiardinobol.com\/#\/schema\/logo\/image\/\",\"url\":\"https:\/\/villagiardinobol.com\/wp-content\/uploads\/2025\/10\/febdd4d9-76fd-48f5-ac04-fe64edcbbe32.png\",\"contentUrl\":\"https:\/\/villagiardinobol.com\/wp-content\/uploads\/2025\/10\/febdd4d9-76fd-48f5-ac04-fe64edcbbe32.png\",\"width\":67,\"height\":74,\"caption\":\"Villa Giardino Bol\"},\"image\":{\"@id\":\"https:\/\/villagiardinobol.com\/#\/schema\/logo\/image\/\"}}]}<\/script>\n<!-- \/ Yoast SEO plugin. -->","yoast_head_json":{"title":"Condi\u00e7\u00f5es de venda - Villa Giardino Bol","robots":{"index":"index","follow":"follow","max-snippet":"max-snippet:-1","max-image-preview":"max-image-preview:large","max-video-preview":"max-video-preview:-1"},"canonical":"https:\/\/villagiardinobol.com\/pt\/condicoes-de-venda\/","og_locale":"pt_PT","og_type":"article","og_title":"Uvjeti prodaje - Villa Giardino Bol","og_description":"Uvjeti prodaje Hvala vam \u0161to ste odabrali Villa Giardino heritage boutique hotel. Molimo vas da odvojite trenutak i pro\u010ditate na\u0161e Uvjete prodaje: Za potvrdu rezervacije potrebna je va\u017ee\u0107a kreditna kartica. Prijava (check-in) mogu\u0107a je od 14:00 sati na dan dolaska. Odjava (check-out) je do 11:00 sati na dan odlaska. Kasna odjava mo\u017ee biti dodatno napla\u0107ena. ...","og_url":"https:\/\/villagiardinobol.com\/pt\/condicoes-de-venda\/","og_site_name":"Villa Giardino Bol","article_modified_time":"2025-12-04T10:41:39+00:00","twitter_card":"summary_large_image","twitter_misc":{"Tempo estimado de leitura":"2 minutos"},"schema":{"@context":"https:\/\/schema.org","@graph":[{"@type":"WebPage","@id":"https:\/\/villagiardinobol.com\/uvjeti-prodaje\/","url":"https:\/\/villagiardinobol.com\/uvjeti-prodaje\/","name":"Condi\u00e7\u00f5es de venda - Villa Giardino Bol","isPartOf":{"@id":"https:\/\/villagiardinobol.com\/#website"},"datePublished":"2025-11-06T07:18:02+00:00","dateModified":"2025-12-04T10:41:39+00:00","breadcrumb":{"@id":"https:\/\/villagiardinobol.com\/uvjeti-prodaje\/#breadcrumb"},"inLanguage":"pt-PT","potentialAction":[{"@type":"ReadAction","target":["https:\/\/villagiardinobol.com\/uvjeti-prodaje\/"]}]},{"@type":"BreadcrumbList","@id":"https:\/\/villagiardinobol.com\/uvjeti-prodaje\/#breadcrumb","itemListElement":[{"@type":"ListItem","position":1,"name":"Home","item":"https:\/\/villagiardinobol.com\/"},{"@type":"ListItem","position":2,"name":"Uvjeti prodaje"}]},{"@type":"WebSite","@id":"https:\/\/villagiardinobol.com\/#website","url":"https:\/\/villagiardinobol.com\/","name":"Villa Garden Bol","description":"Heritage Boutique Hotel Bol","publisher":{"@id":"https:\/\/villagiardinobol.com\/#organization"},"potentialAction":[{"@type":"SearchAction","target":{"@type":"EntryPoint","urlTemplate":"https:\/\/villagiardinobol.com\/?s={search_term_string}"},"query-input":{"@type":"PropertyValueSpecification","valueRequired":true,"valueName":"search_term_string"}}],"inLanguage":"pt-PT"},{"@type":"Organization","@id":"https:\/\/villagiardinobol.com\/#organization","name":"Villa Garden Bol","url":"https:\/\/villagiardinobol.com\/","logo":{"@type":"ImageObject","inLanguage":"pt-PT","@id":"https:\/\/villagiardinobol.com\/#\/schema\/logo\/image\/","url":"https:\/\/villagiardinobol.com\/wp-content\/uploads\/2025\/10\/febdd4d9-76fd-48f5-ac04-fe64edcbbe32.png","contentUrl":"https:\/\/villagiardinobol.com\/wp-content\/uploads\/2025\/10\/febdd4d9-76fd-48f5-ac04-fe64edcbbe32.png","width":67,"height":74,"caption":"Villa Giardino Bol"},"image":{"@id":"https:\/\/villagiardinobol.com\/#\/schema\/logo\/image\/"}}]}},"_links":{"self":[{"href":"https:\/\/villagiardinobol.com\/pt\/wp-json\/wp\/v2\/pages\/3028","targetHints":{"allow":["GET"]}}],"collection":[{"href":"https:\/\/villagiardinobol.com\/pt\/wp-json\/wp\/v2\/pages"}],"about":[{"href":"https:\/\/villagiardinobol.com\/pt\/wp-json\/wp\/v2\/types\/page"}],"author":[{"embeddable":true,"href":"https:\/\/villagiardinobol.com\/pt\/wp-json\/wp\/v2\/users\/1"}],"replies":[{"embeddable":true,"href":"https:\/\/villagiardinobol.com\/pt\/wp-json\/wp\/v2\/comments?post=3028"}],"version-history":[{"count":0,"href":"https:\/\/villagiardinobol.com\/pt\/wp-json\/wp\/v2\/pages\/3028\/revisions"}],"wp:attachment":[{"href":"https:\/\/villagiardinobol.com\/pt\/wp-json\/wp\/v2\/media?parent=3028"}],"curies":[{"name":"WordPress","href":"https:\/\/api.w.org\/{rel}","templated":true}]}}