{"id":5202,"date":"2025-12-22T10:08:46","date_gmt":"2025-12-22T09:08:46","guid":{"rendered":"https:\/\/villagiardinobol.com\/?page_id=5202"},"modified":"2025-12-22T10:10:55","modified_gmt":"2025-12-22T09:10:55","slug":"politica-de-cookies","status":"publish","type":"page","link":"https:\/\/villagiardinobol.com\/pt\/politica-de-cookies\/","title":{"rendered":"Pol\u00edtica de cookies"},"content":{"rendered":"<div data-elementor-type=\"wp-page\" data-elementor-id=\"5202\" class=\"elementor elementor-5202\" data-elementor-post-type=\"page\">\n\t\t\t\t<div class=\"elementor-element elementor-element-59e94940 e-flex e-con-boxed e-con e-parent\" data-id=\"59e94940\" data-element_type=\"container\" data-e-type=\"container\">\n\t\t\t\t\t<div class=\"e-con-inner\">\n\t\t\t\t<div class=\"elementor-element elementor-element-5ecf3ca elementor-widget elementor-widget-text-editor\" data-id=\"5ecf3ca\" data-element_type=\"widget\" data-e-type=\"widget\" data-widget_type=\"text-editor.default\">\n\t\t\t\t\t\t\t\t\t<h3><strong>Pol\u00edtica de cookies<\/strong><\/h3><p><strong>Villa Garden Bol<\/strong> Utilizamos cookies e tecnologias semelhantes para garantir o bom funcionamento do site, melhorar a experi\u00eancia do usu\u00e1rio, analisar o tr\u00e1fego e permitir a verifica\u00e7\u00e3o online de disponibilidade e atividades de marketing. Esta Pol\u00edtica de Cookies explica quais cookies utilizamos e como voc\u00ea pode gerenciar suas configura\u00e7\u00f5es.<\/p><p><strong>O que s\u00e3o cookies?<\/strong><\/p><p>Os cookies s\u00e3o pequenos arquivos de texto armazenados no seu dispositivo (computador, tablet ou celular) quando voc\u00ea visita um site. Eles permitem que o site reconhe\u00e7a os usu\u00e1rios, memorize as configura\u00e7\u00f5es e colete dados estat\u00edsticos.<\/p><p><strong>Que tipos de cookies utilizamos?<\/strong><\/p><ol><li><strong> Cookies necess\u00e1rios (funcionais)<\/strong><\/li><\/ol><p>Esses cookies s\u00e3o necess\u00e1rios para o funcionamento correto do site e n\u00e3o podem ser desativados. Eles habilitam fun\u00e7\u00f5es b\u00e1sicas como:<\/p><ul><li>navega\u00e7\u00e3o do site<\/li><li>funcionamento correto do formul\u00e1rio de consulta<\/li><li>Funcionamento do sistema de reservas e verifica\u00e7\u00e3o da disponibilidade de alojamento.<\/li><\/ul><p>Sem esses cookies, o site n\u00e3o pode funcionar corretamente.<\/p><ol start=\"2\"><li><strong> Cookies anal\u00edticos \u2013 Google Analytics<\/strong><\/li><\/ol><p>N\u00f3s usamos <strong>Google Analytics<\/strong> Coletar dados an\u00f4nimos sobre como o site \u00e9 usado (por exemplo, n\u00famero de visitas, p\u00e1ginas mais visitadas, dura\u00e7\u00e3o da visita).<br \/>Esses dados nos ajudam a entender como os visitantes usam o site e nos permitem aprimor\u00e1-lo ainda mais.<\/p><p>Est\u00e3o sendo instalados cookies anal\u00edticos. <strong>somente com o seu consentimento<\/strong>.<\/p><ol start=\"3\"><li><strong> Cookies de marketing \u2013 Pixel Meta (Facebook)<\/strong><\/li><\/ol><p>O site pode usar <strong>Pixel alvo (Pixel do Facebook)<\/strong> com a finalidade de:<\/p><ul><li>Medir a efic\u00e1cia das campanhas de marketing<\/li><li>Exibir an\u00fancios relevantes para usu\u00e1rios que j\u00e1 visitaram o site.<\/li><\/ul><p>Esses cookies permitem o rastreamento de usu\u00e1rios entre sites e s\u00e3o configurados. <strong>somente com o seu consentimento expresso<\/strong>.<\/p><ol start=\"4\"><li><strong> Cookies do motor de reservas<\/strong><\/li><\/ol><p>Para permitir a verifica\u00e7\u00e3o de disponibilidade online e o envio de pedidos de reserva, utilizamos <strong>mecanismo de reservas de terceiros<\/strong>.<br \/>Esses cookies podem ser de natureza t\u00e9cnica e funcional e s\u00e3o necess\u00e1rios para:<\/p><ul><li>Verificar disponibilidade de acomoda\u00e7\u00e3o<\/li><li>funcionamento adequado do processo de reserva<\/li><\/ul><p>O motor de reservas pode definir seus pr\u00f3prios cookies de acordo com sua Pol\u00edtica de Privacidade.<\/p><p><strong>Cookies de terceiros<\/strong><\/p><p>Alguns servi\u00e7os no site s\u00e3o fornecidos por terceiros (Google, Meta, motor de reservas). Eles podem definir seus pr\u00f3prios cookies e processar dados de acordo com suas pol\u00edticas de privacidade e prote\u00e7\u00e3o de dados.<\/p><p><strong>Gest\u00e3o de cookies<\/strong><\/p><p>Ao visitar o site pela primeira vez, voc\u00ea ver\u00e1 um banner de cookies por meio do qual poder\u00e1:<\/p><ul><li>Aceitar todos os cookies<\/li><li>recusar cookies n\u00e3o essenciais<\/li><li>Ajuste suas configura\u00e7\u00f5es de cookies<\/li><\/ul><p>Voc\u00ea pode alterar ou retirar seu consentimento a qualquer momento atrav\u00e9s das configura\u00e7\u00f5es de cookies ou nas configura\u00e7\u00f5es do seu navegador de internet.<\/p><p><strong>Dura\u00e7\u00e3o do cookie<\/strong><\/p><p>Os cookies podem ser:<\/p><ul><li><strong>sess\u00e3o<\/strong> \u2013 s\u00e3o apagados ap\u00f3s o fechamento do navegador<\/li><li><strong>permanente<\/strong> \u2013 permanecem armazenados por um determinado per\u00edodo de tempo ou at\u00e9 que voc\u00ea os exclua manualmente<\/li><\/ul><p><strong>Contato<\/strong><\/p><p>Para todas as quest\u00f5es relacionadas ao uso de cookies e ao processamento de dados pessoais, voc\u00ea pode entrar em contato conosco atrav\u00e9s do formul\u00e1rio de contato no site ou atrav\u00e9s das informa\u00e7\u00f5es fornecidas em [inserir link aqui]. <a href=\"https:\/\/villagiardinobol.com\/pt\/politica-de-privacidade\/\"><strong>pol\u00edtica de Privacidade<\/strong><\/a>.<\/p><p>\u00a0<\/p><div class=\"iffselector\">\u00a0<\/div>\t\t\t\t\t\t\t\t<\/div>\n\t\t\t\t\t<\/div>\n\t\t\t\t<\/div>\n\t\t\t\t<\/div>","protected":false},"excerpt":{"rendered":"<p>Politika kola\u010di\u0107a Villa Giardino Bol koristi kola\u010di\u0107e i sli\u010dne tehnologije kako bi osigurala ispravno funkcioniranje web stranice, pobolj\u0161ala korisni\u010dko iskustvo, analizirala posje\u0107enost te omogu\u0107ila online provjeru dostupnosti i marketin\u0161ke aktivnosti. Ova Politika kola\u010di\u0107a obja\u0161njava koje kola\u010di\u0107e koristimo i kako mo\u017eete upravljati svojim postavkama. \u0160to su kola\u010di\u0107i? Kola\u010di\u0107i su male tekstualne datoteke koje se pohranjuju na &#8230;<\/p>","protected":false},"author":1,"featured_media":0,"parent":0,"menu_order":0,"comment_status":"closed","ping_status":"open","template":"template-wide-content.php","meta":{"_monsterinsights_skip_tracking":false,"_monsterinsights_sitenote_active":false,"_monsterinsights_sitenote_note":"","_monsterinsights_sitenote_category":0,"cozystay_single_page_hide_site_header":"","cozystay_single_page_site_header_source":"","cozystay_single_page_custom_site_header":"0","cozystay_single_page_custom_sticky_site_header":"0","cozystay_single_page_hide_page_title":"","cozystay_single_page_header_section_size":"","cozystay_single_page_header_background_color":"","cozystay_single_page_header_background_position_x":"center","cozystay_single_page_header_background_position_y":"center","cozystay_single_page_header_background_size":"cover","cozystay_single_page_header_background_repeat":"off","cozystay_single_page_header_background_scroll":"on","cozystay_single_page_header_text_color":"","cozystay_single_page_header_show_breadcrumb":"","cozystay_single_page_site_footer_hide_main":"","cozystay_single_custom_site_footer_main_source":"","cozystay_single_custom_site_footer_main":"0","cozystay_single_page_site_footer_hide_above":"","cozystay_single_custom_site_footer_above_source":"","cozystay_single_custom_site_footer_above":"0","cozystay_single_page_site_footer_hide_instagram":"","cozystay_single_page_site_footer_hide_bottom":"","cozystay_single_custom_mobile_menu_source":"","cozystay_single_custom_mobile_menu":"0","cozystay_single_custom_mobile_menu_animation":"","cozystay_single_custom_mobile_menu_width":"","cozystay_single_custom_mobile_menu_custom_width":375,"footnotes":""},"class_list":["post-5202","page","type-page","status-publish","hentry"],"yoast_head":"<!-- This site is optimized with the Yoast SEO plugin v26.9 - https:\/\/yoast.com\/product\/yoast-seo-wordpress\/ -->\n<title>Politika kola\u010di\u0107a - Villa Giardino Bol<\/title>\n<meta name=\"robots\" content=\"index, follow, max-snippet:-1, max-image-preview:large, max-video-preview:-1\" \/>\n<link rel=\"canonical\" href=\"https:\/\/villagiardinobol.com\/pt\/politica-de-cookies\/\" \/>\n<meta property=\"og:locale\" content=\"pt_PT\" \/>\n<meta property=\"og:type\" content=\"article\" \/>\n<meta property=\"og:title\" content=\"Politika kola\u010di\u0107a - Villa Giardino Bol\" \/>\n<meta property=\"og:description\" content=\"Politika kola\u010di\u0107a Villa Giardino Bol koristi kola\u010di\u0107e i sli\u010dne tehnologije kako bi osigurala ispravno funkcioniranje web stranice, pobolj\u0161ala korisni\u010dko iskustvo, analizirala posje\u0107enost te omogu\u0107ila online provjeru dostupnosti i marketin\u0161ke aktivnosti. Ova Politika kola\u010di\u0107a obja\u0161njava koje kola\u010di\u0107e koristimo i kako mo\u017eete upravljati svojim postavkama. \u0160to su kola\u010di\u0107i? Kola\u010di\u0107i su male tekstualne datoteke koje se pohranjuju na ...\" \/>\n<meta property=\"og:url\" content=\"https:\/\/villagiardinobol.com\/pt\/politica-de-cookies\/\" \/>\n<meta property=\"og:site_name\" content=\"Villa Giardino Bol\" \/>\n<meta property=\"article:modified_time\" content=\"2025-12-22T09:10:55+00:00\" \/>\n<meta name=\"twitter:card\" content=\"summary_large_image\" \/>\n<meta name=\"twitter:label1\" content=\"Tempo estimado de leitura\" \/>\n\t<meta name=\"twitter:data1\" content=\"3 minutos\" \/>\n<script type=\"application\/ld+json\" class=\"yoast-schema-graph\">{\"@context\":\"https:\/\/schema.org\",\"@graph\":[{\"@type\":\"WebPage\",\"@id\":\"https:\/\/villagiardinobol.com\/politika-kolacica\/\",\"url\":\"https:\/\/villagiardinobol.com\/politika-kolacica\/\",\"name\":\"Politika kola\u010di\u0107a - Villa Giardino Bol\",\"isPartOf\":{\"@id\":\"https:\/\/villagiardinobol.com\/#website\"},\"datePublished\":\"2025-12-22T09:08:46+00:00\",\"dateModified\":\"2025-12-22T09:10:55+00:00\",\"breadcrumb\":{\"@id\":\"https:\/\/villagiardinobol.com\/politika-kolacica\/#breadcrumb\"},\"inLanguage\":\"pt-PT\",\"potentialAction\":[{\"@type\":\"ReadAction\",\"target\":[\"https:\/\/villagiardinobol.com\/politika-kolacica\/\"]}]},{\"@type\":\"BreadcrumbList\",\"@id\":\"https:\/\/villagiardinobol.com\/politika-kolacica\/#breadcrumb\",\"itemListElement\":[{\"@type\":\"ListItem\",\"position\":1,\"name\":\"Home\",\"item\":\"https:\/\/villagiardinobol.com\/\"},{\"@type\":\"ListItem\",\"position\":2,\"name\":\"Politika kola\u010di\u0107a\"}]},{\"@type\":\"WebSite\",\"@id\":\"https:\/\/villagiardinobol.com\/#website\",\"url\":\"https:\/\/villagiardinobol.com\/\",\"name\":\"Villa Giardino Bol\",\"description\":\"Heritage Boutique Hotel Bol\",\"publisher\":{\"@id\":\"https:\/\/villagiardinobol.com\/#organization\"},\"potentialAction\":[{\"@type\":\"SearchAction\",\"target\":{\"@type\":\"EntryPoint\",\"urlTemplate\":\"https:\/\/villagiardinobol.com\/?s={search_term_string}\"},\"query-input\":{\"@type\":\"PropertyValueSpecification\",\"valueRequired\":true,\"valueName\":\"search_term_string\"}}],\"inLanguage\":\"pt-PT\"},{\"@type\":\"Organization\",\"@id\":\"https:\/\/villagiardinobol.com\/#organization\",\"name\":\"Villa Giardino Bol\",\"url\":\"https:\/\/villagiardinobol.com\/\",\"logo\":{\"@type\":\"ImageObject\",\"inLanguage\":\"pt-PT\",\"@id\":\"https:\/\/villagiardinobol.com\/#\/schema\/logo\/image\/\",\"url\":\"https:\/\/villagiardinobol.com\/wp-content\/uploads\/2025\/10\/febdd4d9-76fd-48f5-ac04-fe64edcbbe32.png\",\"contentUrl\":\"https:\/\/villagiardinobol.com\/wp-content\/uploads\/2025\/10\/febdd4d9-76fd-48f5-ac04-fe64edcbbe32.png\",\"width\":67,\"height\":74,\"caption\":\"Villa Giardino Bol\"},\"image\":{\"@id\":\"https:\/\/villagiardinobol.com\/#\/schema\/logo\/image\/\"}}]}<\/script>\n<!-- \/ Yoast SEO plugin. -->","yoast_head_json":{"title":"Pol\u00edtica de Cookies - Villa Giardino Bol","robots":{"index":"index","follow":"follow","max-snippet":"max-snippet:-1","max-image-preview":"max-image-preview:large","max-video-preview":"max-video-preview:-1"},"canonical":"https:\/\/villagiardinobol.com\/pt\/politica-de-cookies\/","og_locale":"pt_PT","og_type":"article","og_title":"Politika kola\u010di\u0107a - Villa Giardino Bol","og_description":"Politika kola\u010di\u0107a Villa Giardino Bol koristi kola\u010di\u0107e i sli\u010dne tehnologije kako bi osigurala ispravno funkcioniranje web stranice, pobolj\u0161ala korisni\u010dko iskustvo, analizirala posje\u0107enost te omogu\u0107ila online provjeru dostupnosti i marketin\u0161ke aktivnosti. Ova Politika kola\u010di\u0107a obja\u0161njava koje kola\u010di\u0107e koristimo i kako mo\u017eete upravljati svojim postavkama. \u0160to su kola\u010di\u0107i? Kola\u010di\u0107i su male tekstualne datoteke koje se pohranjuju na ...","og_url":"https:\/\/villagiardinobol.com\/pt\/politica-de-cookies\/","og_site_name":"Villa Giardino Bol","article_modified_time":"2025-12-22T09:10:55+00:00","twitter_card":"summary_large_image","twitter_misc":{"Tempo estimado de leitura":"3 minutos"},"schema":{"@context":"https:\/\/schema.org","@graph":[{"@type":"WebPage","@id":"https:\/\/villagiardinobol.com\/politika-kolacica\/","url":"https:\/\/villagiardinobol.com\/politika-kolacica\/","name":"Pol\u00edtica de Cookies - Villa Giardino Bol","isPartOf":{"@id":"https:\/\/villagiardinobol.com\/#website"},"datePublished":"2025-12-22T09:08:46+00:00","dateModified":"2025-12-22T09:10:55+00:00","breadcrumb":{"@id":"https:\/\/villagiardinobol.com\/politika-kolacica\/#breadcrumb"},"inLanguage":"pt-PT","potentialAction":[{"@type":"ReadAction","target":["https:\/\/villagiardinobol.com\/politika-kolacica\/"]}]},{"@type":"BreadcrumbList","@id":"https:\/\/villagiardinobol.com\/politika-kolacica\/#breadcrumb","itemListElement":[{"@type":"ListItem","position":1,"name":"Home","item":"https:\/\/villagiardinobol.com\/"},{"@type":"ListItem","position":2,"name":"Politika kola\u010di\u0107a"}]},{"@type":"WebSite","@id":"https:\/\/villagiardinobol.com\/#website","url":"https:\/\/villagiardinobol.com\/","name":"Villa Garden Bol","description":"Heritage Boutique Hotel Bol","publisher":{"@id":"https:\/\/villagiardinobol.com\/#organization"},"potentialAction":[{"@type":"SearchAction","target":{"@type":"EntryPoint","urlTemplate":"https:\/\/villagiardinobol.com\/?s={search_term_string}"},"query-input":{"@type":"PropertyValueSpecification","valueRequired":true,"valueName":"search_term_string"}}],"inLanguage":"pt-PT"},{"@type":"Organization","@id":"https:\/\/villagiardinobol.com\/#organization","name":"Villa Garden Bol","url":"https:\/\/villagiardinobol.com\/","logo":{"@type":"ImageObject","inLanguage":"pt-PT","@id":"https:\/\/villagiardinobol.com\/#\/schema\/logo\/image\/","url":"https:\/\/villagiardinobol.com\/wp-content\/uploads\/2025\/10\/febdd4d9-76fd-48f5-ac04-fe64edcbbe32.png","contentUrl":"https:\/\/villagiardinobol.com\/wp-content\/uploads\/2025\/10\/febdd4d9-76fd-48f5-ac04-fe64edcbbe32.png","width":67,"height":74,"caption":"Villa Giardino Bol"},"image":{"@id":"https:\/\/villagiardinobol.com\/#\/schema\/logo\/image\/"}}]}},"_links":{"self":[{"href":"https:\/\/villagiardinobol.com\/pt\/wp-json\/wp\/v2\/pages\/5202","targetHints":{"allow":["GET"]}}],"collection":[{"href":"https:\/\/villagiardinobol.com\/pt\/wp-json\/wp\/v2\/pages"}],"about":[{"href":"https:\/\/villagiardinobol.com\/pt\/wp-json\/wp\/v2\/types\/page"}],"author":[{"embeddable":true,"href":"https:\/\/villagiardinobol.com\/pt\/wp-json\/wp\/v2\/users\/1"}],"replies":[{"embeddable":true,"href":"https:\/\/villagiardinobol.com\/pt\/wp-json\/wp\/v2\/comments?post=5202"}],"version-history":[{"count":0,"href":"https:\/\/villagiardinobol.com\/pt\/wp-json\/wp\/v2\/pages\/5202\/revisions"}],"wp:attachment":[{"href":"https:\/\/villagiardinobol.com\/pt\/wp-json\/wp\/v2\/media?parent=5202"}],"curies":[{"name":"WordPress","href":"https:\/\/api.w.org\/{rel}","templated":true}]}}